{"id":9248,"date":"2018-10-06T02:07:08","date_gmt":"2018-10-06T06:07:08","guid":{"rendered":"http:\/\/grimard.webloft.info\/nouvelles\/"},"modified":"2019-10-02T01:22:53","modified_gmt":"2019-10-02T05:22:53","slug":"news","status":"publish","type":"page","link":"https:\/\/www.grimard.ca\/en\/news\/","title":{"rendered":"News"},"content":{"rendered":"[mk_page_section bg_image=&#8221;https:\/\/www.grimard.ca\/wp-content\/uploads\/2019\/10\/blog_bg.jpg&#8221; bg_color=&#8221;rgba(10,10,10,0.01)&#8221; bg_position=&#8221;left center&#8221; bg_stretch=&#8221;true&#8221; enable_3d=&#8221;true&#8221; bg_gradient=&#8221;left_top&#8221; video_color_mask=&#8221;#1228b7&#8243; gr_end=&#8221;rgba(0,0,0,0.35)&#8221; video_opacity=&#8221;0.8&#8243; top_shape_color=&#8221;#ffffff&#8221; has_bottom_shape_divider=&#8221;true&#8221; bottom_shape_size=&#8221;small&#8221; bottom_shape_color=&#8221;#ffffff&#8221; el_class=&#8221;custom-jueves-gradient-bg&#8221; sidebar=&#8221;sidebar-1&#8243;][vc_column][mk_padding_divider size=&#8221;140&#8243; visibility=&#8221;hidden-sm&#8221;][mk_padding_divider size=&#8221;100&#8243;][mk_fancy_title strip_tags=&#8221;true&#8221; tag_name=&#8221;h4&#8243; color=&#8221;#ffffff&#8221; size=&#8221;30&#8243; force_font_size=&#8221;true&#8221; size_tablet=&#8221;15&#8243; size_phone=&#8221;15&#8243; line_height=&#8221;0&#8243; font_weight=&#8221;400&#8243; font_style=&#8221;normal&#8221; txt_transform=&#8221;uppercase&#8221; letter_spacing=&#8221;6.7&#8243; margin_bottom=&#8221;0&#8243; font_family=&#8221;Montserrat&#8221; font_type=&#8221;google&#8221; animation=&#8221;left-to-right&#8221;]\n<p class=\"p1\"><span class=\"s1\">Stay Informed<br \/>\n<\/span><\/p>\n[\/mk_fancy_title][mk_fancy_title strip_tags=&#8221;true&#8221; tag_name=&#8221;h1&#8243; color=&#8221;#ffffff&#8221; size=&#8221;56&#8243; force_font_size=&#8221;true&#8221; size_tablet=&#8221;40&#8243; size_phone=&#8221;30&#8243; font_weight=&#8221;bold&#8221; font_style=&#8221;normal&#8221; txt_transform=&#8221;uppercase&#8221; letter_spacing=&#8221;8&#8243; margin_bottom=&#8221;0&#8243; font_family=&#8221;Montserrat&#8221; font_type=&#8221;google&#8221; animation=&#8221;left-to-right&#8221;]News[\/mk_fancy_title][mk_divider style=&#8221;thin_solid&#8221; divider_width=&#8221;one_fourth&#8221; align=&#8221;left&#8221; thin_single_color=&#8221;#0ea2dc&#8221; thickness=&#8221;7&#8243; margin_top=&#8221;0&#8243; margin_bottom=&#8221;120&#8243; visibility=&#8221;hidden-sm&#8221;][\/vc_column][\/mk_page_section][mk_page_section][vc_column][mk_padding_divider size=&#8221;75&#8243;][mk_blog style=&#8221;newspaper&#8221; column=&#8221;2&#8243; post_count=&#8221;6&#8243; excerpt_length=&#8221;70&#8243; pagination_style=&#8221;2&#8243;][mk_padding_divider size=&#8221;140&#8243;][\/vc_column][\/mk_page_section]\n","protected":false},"excerpt":{"rendered":"<p>[mk_page_section bg_image=&#8221;https:\/\/www.grimard.ca\/wp-content\/uploads\/2019\/10\/blog_bg.jpg&#8221; bg_color=&#8221;rgba(10,10,10,0.01)&#8221; bg_position=&#8221;left center&#8221; bg_stretch=&#8221;true&#8221; enable_3d=&#8221;true&#8221; bg_gradient=&#8221;left_top&#8221; video_color_mask=&#8221;#1228b7&#8243; gr_end=&#8221;rgba(0,0,0,0.35)&#8221; video_opacity=&#8221;0.8&#8243; top_shape_color=&#8221;#ffffff&#8221; has_bottom_shape_divider=&#8221;true&#8221; bottom_shape_size=&#8221;small&#8221; bottom_shape_color=&#8221;#ffffff&#8221; el_class=&#8221;custom-jueves-gradient-bg&#8221; sidebar=&#8221;sidebar-1&#8243;][vc_column][mk_padding_divider size=&#8221;140&#8243; visibility=&#8221;hidden-sm&#8221;][mk_padding_divider size=&#8221;100&#8243;][mk_fancy_title strip_tags=&#8221;true&#8221; tag_name=&#8221;h4&#8243; color=&#8221;#ffffff&#8221; size=&#8221;30&#8243; force_font_size=&#8221;true&#8221; size_tablet=&#8221;15&#8243; size_phone=&#8221;15&#8243; line_height=&#8221;0&#8243; font_weight=&#8221;400&#8243; font_style=&#8221;normal&#8221; txt_transform=&#8221;uppercase&#8221; letter_spacing=&#8221;6.7&#8243; margin_bottom=&#8221;0&#8243; font_family=&#8221;Montserrat&#8221; font_type=&#8221;google&#8221; animation=&#8221;left-to-right&#8221;] Stay Informed [\/mk_fancy_title][mk_fancy_title strip_tags=&#8221;true&#8221; tag_name=&#8221;h1&#8243; color=&#8221;#ffffff&#8221; size=&#8221;56&#8243; force_font_size=&#8221;true&#8221; size_tablet=&#8221;40&#8243; size_phone=&#8221;30&#8243; font_weight=&#8221;bold&#8221; font_style=&#8221;normal&#8221; txt_transform=&#8221;uppercase&#8221; letter_spacing=&#8221;8&#8243; margin_bottom=&#8221;0&#8243; font_family=&#8221;Montserrat&#8221; font_type=&#8221;google&#8221; animation=&#8221;left-to-right&#8221;]News[\/mk_fancy_title][mk_divider style=&#8221;thin_solid&#8221; [&hellip;]<\/p>\n","protected":false},"author":1,"featured_media":0,"parent":0,"menu_order":-200,"comment_status":"closed","ping_status":"closed","template":"","meta":{"inline_featured_image":false,"footnotes":""},"class_list":["post-9248","page","type-page","status-publish","hentry"],"yoast_head":"<!-- This site is optimized with the Yoast SEO plugin v25.7 - https:\/\/yoast.com\/wordpress\/plugins\/seo\/ -->\n<title>News - Grimard<\/title>\n<meta name=\"robots\" content=\"index, follow, max-snippet:-1, max-image-preview:large, max-video-preview:-1\" \/>\n<link rel=\"canonical\" href=\"https:\/\/www.grimard.ca\/nouvelles\/\" \/>\n<meta property=\"og:locale\" content=\"en_US\" \/>\n<meta property=\"og:type\" content=\"article\" \/>\n<meta property=\"og:title\" content=\"News - Grimard\" \/>\n<meta property=\"og:description\" content=\"[mk_page_section bg_image=&#8221;https:\/\/www.grimard.ca\/wp-content\/uploads\/2019\/10\/blog_bg.jpg&#8221; bg_color=&#8221;rgba(10,10,10,0.01)&#8221; bg_position=&#8221;left center&#8221; bg_stretch=&#8221;true&#8221; enable_3d=&#8221;true&#8221; bg_gradient=&#8221;left_top&#8221; video_color_mask=&#8221;#1228b7&#8243; gr_end=&#8221;rgba(0,0,0,0.35)&#8221; video_opacity=&#8221;0.8&#8243; top_shape_color=&#8221;#ffffff&#8221; has_bottom_shape_divider=&#8221;true&#8221; bottom_shape_size=&#8221;small&#8221; bottom_shape_color=&#8221;#ffffff&#8221; el_class=&#8221;custom-jueves-gradient-bg&#8221; sidebar=&#8221;sidebar-1&#8243;][vc_column][mk_padding_divider size=&#8221;140&#8243; visibility=&#8221;hidden-sm&#8221;][mk_padding_divider size=&#8221;100&#8243;][mk_fancy_title strip_tags=&#8221;true&#8221; tag_name=&#8221;h4&#8243; color=&#8221;#ffffff&#8221; size=&#8221;30&#8243; force_font_size=&#8221;true&#8221; size_tablet=&#8221;15&#8243; size_phone=&#8221;15&#8243; line_height=&#8221;0&#8243; font_weight=&#8221;400&#8243; font_style=&#8221;normal&#8221; txt_transform=&#8221;uppercase&#8221; letter_spacing=&#8221;6.7&#8243; margin_bottom=&#8221;0&#8243; font_family=&#8221;Montserrat&#8221; font_type=&#8221;google&#8221; animation=&#8221;left-to-right&#8221;] Stay Informed [\/mk_fancy_title][mk_fancy_title strip_tags=&#8221;true&#8221; tag_name=&#8221;h1&#8243; color=&#8221;#ffffff&#8221; size=&#8221;56&#8243; force_font_size=&#8221;true&#8221; size_tablet=&#8221;40&#8243; size_phone=&#8221;30&#8243; font_weight=&#8221;bold&#8221; font_style=&#8221;normal&#8221; txt_transform=&#8221;uppercase&#8221; letter_spacing=&#8221;8&#8243; margin_bottom=&#8221;0&#8243; font_family=&#8221;Montserrat&#8221; font_type=&#8221;google&#8221; animation=&#8221;left-to-right&#8221;]News[\/mk_fancy_title][mk_divider style=&#8221;thin_solid&#8221; [&hellip;]\" \/>\n<meta property=\"og:url\" content=\"https:\/\/www.grimard.ca\/nouvelles\/\" \/>\n<meta property=\"og:site_name\" content=\"Grimard\" \/>\n<meta property=\"article:publisher\" content=\"https:\/\/fr-ca.facebook.com\/people\/Grimard\/100063995642625\/\" \/>\n<meta property=\"article:modified_time\" content=\"2019-10-02T05:22:53+00:00\" \/>\n<meta property=\"og:image\" content=\"https:\/\/www.grimard.ca\/wp-content\/uploads\/2023\/01\/capture-decran-2023-01-16-142249.png\" \/>\n\t<meta property=\"og:image:width\" content=\"1900\" \/>\n\t<meta property=\"og:image:height\" content=\"895\" \/>\n\t<meta property=\"og:image:type\" content=\"image\/png\" \/>\n<meta name=\"twitter:card\" content=\"summary_large_image\" \/>\n<meta name=\"twitter:site\" content=\"@grimard_product\" \/>\n<meta name=\"twitter:label1\" content=\"Est. reading time\" \/>\n\t<meta name=\"twitter:data1\" content=\"1 minute\" \/>\n<script type=\"application\/ld+json\" class=\"yoast-schema-graph\">{\"@context\":\"https:\/\/schema.org\",\"@graph\":[{\"@type\":\"WebPage\",\"@id\":\"https:\/\/www.grimard.ca\/nouvelles\/\",\"url\":\"https:\/\/www.grimard.ca\/nouvelles\/\",\"name\":\"News - Grimard\",\"isPartOf\":{\"@id\":\"https:\/\/www.grimard.ca\/#website\"},\"datePublished\":\"2018-10-06T06:07:08+00:00\",\"dateModified\":\"2019-10-02T05:22:53+00:00\",\"breadcrumb\":{\"@id\":\"https:\/\/www.grimard.ca\/nouvelles\/#breadcrumb\"},\"inLanguage\":\"en-US\",\"potentialAction\":[{\"@type\":\"ReadAction\",\"target\":[\"https:\/\/www.grimard.ca\/nouvelles\/\"]}]},{\"@type\":\"BreadcrumbList\",\"@id\":\"https:\/\/www.grimard.ca\/nouvelles\/#breadcrumb\",\"itemListElement\":[{\"@type\":\"ListItem\",\"position\":1,\"name\":\"Accueil\",\"item\":\"https:\/\/www.grimard.ca\/en\/\"},{\"@type\":\"ListItem\",\"position\":2,\"name\":\"News\"}]},{\"@type\":\"WebSite\",\"@id\":\"https:\/\/www.grimard.ca\/#website\",\"url\":\"https:\/\/www.grimard.ca\/\",\"name\":\"Grimard\",\"description\":\"\u00c9lectricit\u00e9, T\u00e9l\u00e9communication, Appareillage \u00e9lectrique\",\"potentialAction\":[{\"@type\":\"SearchAction\",\"target\":{\"@type\":\"EntryPoint\",\"urlTemplate\":\"https:\/\/www.grimard.ca\/?s={search_term_string}\"},\"query-input\":{\"@type\":\"PropertyValueSpecification\",\"valueRequired\":true,\"valueName\":\"search_term_string\"}}],\"inLanguage\":\"en-US\"}]}<\/script>\n<!-- \/ Yoast SEO plugin. -->","yoast_head_json":{"title":"News - Grimard","robots":{"index":"index","follow":"follow","max-snippet":"max-snippet:-1","max-image-preview":"max-image-preview:large","max-video-preview":"max-video-preview:-1"},"canonical":"https:\/\/www.grimard.ca\/nouvelles\/","og_locale":"en_US","og_type":"article","og_title":"News - Grimard","og_description":"[mk_page_section bg_image=&#8221;https:\/\/www.grimard.ca\/wp-content\/uploads\/2019\/10\/blog_bg.jpg&#8221; bg_color=&#8221;rgba(10,10,10,0.01)&#8221; bg_position=&#8221;left center&#8221; bg_stretch=&#8221;true&#8221; enable_3d=&#8221;true&#8221; bg_gradient=&#8221;left_top&#8221; video_color_mask=&#8221;#1228b7&#8243; gr_end=&#8221;rgba(0,0,0,0.35)&#8221; video_opacity=&#8221;0.8&#8243; top_shape_color=&#8221;#ffffff&#8221; has_bottom_shape_divider=&#8221;true&#8221; bottom_shape_size=&#8221;small&#8221; bottom_shape_color=&#8221;#ffffff&#8221; el_class=&#8221;custom-jueves-gradient-bg&#8221; sidebar=&#8221;sidebar-1&#8243;][vc_column][mk_padding_divider size=&#8221;140&#8243; visibility=&#8221;hidden-sm&#8221;][mk_padding_divider size=&#8221;100&#8243;][mk_fancy_title strip_tags=&#8221;true&#8221; tag_name=&#8221;h4&#8243; color=&#8221;#ffffff&#8221; size=&#8221;30&#8243; force_font_size=&#8221;true&#8221; size_tablet=&#8221;15&#8243; size_phone=&#8221;15&#8243; line_height=&#8221;0&#8243; font_weight=&#8221;400&#8243; font_style=&#8221;normal&#8221; txt_transform=&#8221;uppercase&#8221; letter_spacing=&#8221;6.7&#8243; margin_bottom=&#8221;0&#8243; font_family=&#8221;Montserrat&#8221; font_type=&#8221;google&#8221; animation=&#8221;left-to-right&#8221;] Stay Informed [\/mk_fancy_title][mk_fancy_title strip_tags=&#8221;true&#8221; tag_name=&#8221;h1&#8243; color=&#8221;#ffffff&#8221; size=&#8221;56&#8243; force_font_size=&#8221;true&#8221; size_tablet=&#8221;40&#8243; size_phone=&#8221;30&#8243; font_weight=&#8221;bold&#8221; font_style=&#8221;normal&#8221; txt_transform=&#8221;uppercase&#8221; letter_spacing=&#8221;8&#8243; margin_bottom=&#8221;0&#8243; font_family=&#8221;Montserrat&#8221; font_type=&#8221;google&#8221; animation=&#8221;left-to-right&#8221;]News[\/mk_fancy_title][mk_divider style=&#8221;thin_solid&#8221; [&hellip;]","og_url":"https:\/\/www.grimard.ca\/nouvelles\/","og_site_name":"Grimard","article_publisher":"https:\/\/fr-ca.facebook.com\/people\/Grimard\/100063995642625\/","article_modified_time":"2019-10-02T05:22:53+00:00","og_image":[{"width":1900,"height":895,"url":"https:\/\/www.grimard.ca\/wp-content\/uploads\/2023\/01\/capture-decran-2023-01-16-142249.png","type":"image\/png"}],"twitter_card":"summary_large_image","twitter_site":"@grimard_product","twitter_misc":{"Est. reading time":"1 minute"},"schema":{"@context":"https:\/\/schema.org","@graph":[{"@type":"WebPage","@id":"https:\/\/www.grimard.ca\/nouvelles\/","url":"https:\/\/www.grimard.ca\/nouvelles\/","name":"News - Grimard","isPartOf":{"@id":"https:\/\/www.grimard.ca\/#website"},"datePublished":"2018-10-06T06:07:08+00:00","dateModified":"2019-10-02T05:22:53+00:00","breadcrumb":{"@id":"https:\/\/www.grimard.ca\/nouvelles\/#breadcrumb"},"inLanguage":"en-US","potentialAction":[{"@type":"ReadAction","target":["https:\/\/www.grimard.ca\/nouvelles\/"]}]},{"@type":"BreadcrumbList","@id":"https:\/\/www.grimard.ca\/nouvelles\/#breadcrumb","itemListElement":[{"@type":"ListItem","position":1,"name":"Accueil","item":"https:\/\/www.grimard.ca\/en\/"},{"@type":"ListItem","position":2,"name":"News"}]},{"@type":"WebSite","@id":"https:\/\/www.grimard.ca\/#website","url":"https:\/\/www.grimard.ca\/","name":"Grimard","description":"\u00c9lectricit\u00e9, T\u00e9l\u00e9communication, Appareillage \u00e9lectrique","potentialAction":[{"@type":"SearchAction","target":{"@type":"EntryPoint","urlTemplate":"https:\/\/www.grimard.ca\/?s={search_term_string}"},"query-input":{"@type":"PropertyValueSpecification","valueRequired":true,"valueName":"search_term_string"}}],"inLanguage":"en-US"}]}},"_links":{"self":[{"href":"https:\/\/www.grimard.ca\/en\/wp-json\/wp\/v2\/pages\/9248","targetHints":{"allow":["GET"]}}],"collection":[{"href":"https:\/\/www.grimard.ca\/en\/wp-json\/wp\/v2\/pages"}],"about":[{"href":"https:\/\/www.grimard.ca\/en\/wp-json\/wp\/v2\/types\/page"}],"author":[{"embeddable":true,"href":"https:\/\/www.grimard.ca\/en\/wp-json\/wp\/v2\/users\/1"}],"replies":[{"embeddable":true,"href":"https:\/\/www.grimard.ca\/en\/wp-json\/wp\/v2\/comments?post=9248"}],"version-history":[{"count":3,"href":"https:\/\/www.grimard.ca\/en\/wp-json\/wp\/v2\/pages\/9248\/revisions"}],"predecessor-version":[{"id":9582,"href":"https:\/\/www.grimard.ca\/en\/wp-json\/wp\/v2\/pages\/9248\/revisions\/9582"}],"wp:attachment":[{"href":"https:\/\/www.grimard.ca\/en\/wp-json\/wp\/v2\/media?parent=9248"}],"curies":[{"name":"wp","href":"https:\/\/api.w.org\/{rel}","templated":true}]}}