{"id":9243,"date":"2019-02-28T01:21:37","date_gmt":"2019-02-28T05:21:37","guid":{"rendered":"http:\/\/grimard.webloft.info\/reseaux-sans-fil-das-radio\/"},"modified":"2019-09-23T15:14:14","modified_gmt":"2019-09-23T19:14:14","slug":"wireless-networks-das-radio","status":"publish","type":"page","link":"https:\/\/www.grimard.ca\/en\/wireless-networks-das-radio\/","title":{"rendered":"Wireless Networks (DAS\/RADIO)"},"content":{"rendered":"<div class=\"wpb-content-wrapper\">[mk_page_section bg_image=&#8221;https:\/\/www.grimard.ca\/wp-content\/uploads\/2019\/05\/das-reseau-sans-fil.jpg&#8221; bg_color=&#8221;rgba(10,10,10,0.01)&#8221; bg_position=&#8221;center bottom&#8221; bg_stretch=&#8221;true&#8221; enable_3d=&#8221;true&#8221; bg_gradient=&#8221;left_top&#8221; video_color_mask=&#8221;#00249b&#8221; gr_end=&#8221;rgba(0,0,0,0.17)&#8221; video_opacity=&#8221;0.9&#8243; top_shape_color=&#8221;#ffffff&#8221; has_bottom_shape_divider=&#8221;true&#8221; bottom_shape_size=&#8221;small&#8221; bottom_shape_color=&#8221;#ffffff&#8221; el_class=&#8221;custom-jueves-gradient-bg&#8221; sidebar=&#8221;sidebar-1&#8243;][vc_column][mk_padding_divider size=&#8221;140&#8243; visibility=&#8221;hidden-sm&#8221;][mk_padding_divider size=&#8221;100&#8243;][mk_fancy_title tag_name=&#8221;h1&#8243; color=&#8221;#ffffff&#8221; size=&#8221;30&#8243; force_font_size=&#8221;true&#8221; size_tablet=&#8221;15&#8243; size_phone=&#8221;15&#8243; line_height=&#8221;0&#8243; font_weight=&#8221;400&#8243; font_style=&#8221;normal&#8221; txt_transform=&#8221;uppercase&#8221; letter_spacing=&#8221;6.7&#8243; margin_bottom=&#8221;0&#8243; font_family=&#8221;Montserrat&#8221; font_type=&#8221;google&#8221; animation=&#8221;left-to-right&#8221;]WIRELESS NETWORKS[\/mk_fancy_title][mk_fancy_title strip_tags=&#8221;true&#8221; tag_name=&#8221;h1&#8243; color=&#8221;#ffffff&#8221; size=&#8221;56&#8243; force_font_size=&#8221;true&#8221; size_tablet=&#8221;40&#8243; size_phone=&#8221;30&#8243; font_weight=&#8221;bold&#8221; font_style=&#8221;normal&#8221; txt_transform=&#8221;uppercase&#8221; letter_spacing=&#8221;10&#8243; margin_bottom=&#8221;0&#8243; font_family=&#8221;Montserrat&#8221; font_type=&#8221;google&#8221; animation=&#8221;left-to-right&#8221;]DAS\/RADIO[\/mk_fancy_title][mk_divider style=&#8221;thin_solid&#8221; divider_width=&#8221;one_fourth&#8221; align=&#8221;left&#8221; thin_single_color=&#8221;#0ea2dc&#8221; thickness=&#8221;7&#8243; margin_top=&#8221;0&#8243; margin_bottom=&#8221;120&#8243; visibility=&#8221;hidden-sm&#8221;][\/vc_column][\/mk_page_section][mk_page_section padding_top=&#8221;70&#8243; padding_bottom=&#8221;70&#8243; sidebar=&#8221;sidebar-1&#8243;][vc_column css=&#8221;.vc_custom_1464696761315{padding-right: 20px !important;}&#8221;][mk_fancy_title tag_name=&#8221;h1&#8243; color=&#8221;#000000&#8243; size=&#8221;28&#8243; force_font_size=&#8221;true&#8221; size_tablet=&#8221;20&#8243; size_phone=&#8221;20&#8243; font_weight=&#8221;400&#8243; txt_transform=&#8221;none&#8221; letter_spacing=&#8221;2.4&#8243; margin_bottom=&#8221;0&#8243; font_family=&#8221;none&#8221; responsive_align=&#8221;left&#8221;]Installing wireless networks (DAS\/radio) is something we know all about![\/mk_fancy_title][mk_divider style=&#8221;thin_solid&#8221; divider_width=&#8221;custom_width&#8221; custom_width=&#8221;70&#8243; align=&#8221;left&#8221; thin_single_color=&#8221;#a9a9a9&#8243; thickness=&#8221;7&#8243; margin_top=&#8221;0&#8243; margin_bottom=&#8221;40&#8243;][vc_column_text css=&#8221;.vc_custom_1569016225239{margin-bottom: 0px !important;}&#8221;]For many years, Grimard has helped install wireless infrastructure for mobile communications, on behalf of public utility companies as well as for the public sector. Our work consists of installing and verifying the components and specialized cabling used for this technology.[\/vc_column_text][vc_column_text css=&#8221;.vc_custom_1569016240278{margin-bottom: 0px !important;}&#8221;]With multidisciplinary teams that offer a number of related services, we can provide turnkey solutions for construction, civil engineering work and electrical installations in any project.[\/vc_column_text][\/vc_column][\/mk_page_section][vc_row fullwidth=&#8221;true&#8221; equal_columns=&#8221;true&#8221; css=&#8221;.vc_custom_1553137051521{padding-top: 0px !important;padding-bottom: 0px !important;}&#8221;][vc_column width=&#8221;1\/2&#8243; css=&#8221;.vc_custom_1553136731843{padding-right: 5% !important;padding-left: 5% !important;background-color: #307fff !important;}&#8221;][mk_padding_divider size=&#8221;100&#8243;][mk_fancy_title strip_tags=&#8221;true&#8221; color=&#8221;#ffffff&#8221; size=&#8221;30&#8243; force_font_size=&#8221;true&#8221; size_tablet=&#8221;30&#8243; size_phone=&#8221;20&#8243; font_weight=&#8221;bold&#8221; font_style=&#8221;normal&#8221; txt_transform=&#8221;uppercase&#8221; letter_spacing=&#8221;5&#8243; margin_bottom=&#8221;0&#8243; font_family=&#8221;Montserrat&#8221; font_type=&#8221;google&#8221; animation=&#8221;right-to-left&#8221;]DAS (DISTRIBUTED ANTENNA SYSTEM)[\/mk_fancy_title][vc_column_text disable_pattern=&#8221;false&#8221; animation=&#8221;left-to-right&#8221; el_class=&#8221;texte-blanc texte-centre-mobile&#8221; css=&#8221;.vc_custom_1569016313154{margin-bottom: 0px !important;}&#8221;]A DAS is a network of private antennas deployed over a specific area to improve users\u2019 connectivity.<\/p>\n<p>DAS technology acts in complement to Wi-Fi and to distributors\u2019 mobile network coverage. Private companies and public services sometimes have issues due to low mobile coverage, resulting from network congestion, building characteristics or the distributors\u2019 service quality. To counter these factors, Grimard offers top-quality installations involving the deployment of multi-operator antenna network.<\/p>\n<p>We install distributed antenna systems in corporate headquarters, business centres, factories, hospitals, airports, stadiums, hotels and other locations where mobile coverage must function effectively at all times.[\/vc_column_text][mk_padding_divider size=&#8221;100&#8243;][\/vc_column][vc_column width=&#8221;1\/2&#8243; css=&#8221;.vc_custom_1553136805418{padding-right: 5% !important;padding-left: 5% !important;background-color: #10238c !important;}&#8221;][mk_padding_divider size=&#8221;100&#8243;][mk_fancy_title strip_tags=&#8221;true&#8221; color=&#8221;#ffffff&#8221; size=&#8221;30&#8243; force_font_size=&#8221;true&#8221; size_tablet=&#8221;30&#8243; size_phone=&#8221;20&#8243; font_weight=&#8221;bold&#8221; font_style=&#8221;normal&#8221; txt_transform=&#8221;uppercase&#8221; letter_spacing=&#8221;5&#8243; margin_bottom=&#8221;0&#8243; font_family=&#8221;Montserrat&#8221; font_type=&#8221;google&#8221; animation=&#8221;right-to-left&#8221;]RADIO COMMUNICATION SYSTEMS[\/mk_fancy_title][vc_column_text disable_pattern=&#8221;false&#8221; animation=&#8221;left-to-right&#8221; el_class=&#8221;texte-blanc texte-centre-mobile&#8221; css=&#8221;.vc_custom_1569016350634{margin-bottom: 0px !important;}&#8221;]Radio communication systems are mainly used by the transport industry, public security, public services (firefighters, ambulances, etc.) and by the industrial and business sectors. These systems enable users to connect to a reliable network at all times and to act quickly in emergency situations.<\/p>\n<p>Grimard installs effective radio infrastructure solutions that are based on TETRA and P25 technologies. We use the best technology on the market to guarantee that our clients\u2019 expectations about coverage, security and privacy are all met.[\/vc_column_text][mk_padding_divider size=&#8221;100&#8243;][\/vc_column][\/vc_row][vc_row fullwidth=&#8221;true&#8221; fullwidth_content=&#8221;false&#8221; css=&#8221;.vc_custom_1551328167883{padding-top: 75px !important;padding-bottom: 75px !important;background-color: #efefef !important;}&#8221; el_class=&#8221;realisation-widget&#8221;][vc_column][mk_fancy_title tag_name=&#8221;span&#8221; color=&#8221;#3d4045&#8243; size=&#8221;24&#8243; force_font_size=&#8221;true&#8221; size_tablet=&#8221;15&#8243; size_phone=&#8221;15&#8243; line_height=&#8221;0&#8243; font_weight=&#8221;400&#8243; font_style=&#8221;normal&#8221; txt_transform=&#8221;uppercase&#8221; letter_spacing=&#8221;6.7&#8243; margin_bottom=&#8221;15&#8243; font_family=&#8221;Montserrat&#8221; font_type=&#8221;google&#8221; animation=&#8221;left-to-right&#8221;]Portfolio[\/mk_fancy_title][mk_divider style=&#8221;thin_solid&#8221; divider_width=&#8221;custom_width&#8221; custom_width=&#8221;70&#8243; align=&#8221;left&#8221; thin_single_color=&#8221;#10238c&#8221; thickness=&#8221;7&#8243; margin_top=&#8221;0&#8243; margin_bottom=&#8221;25&#8243;][mk_portfolio height=&#8221;200&#8243; column=&#8221;2&#8243; meta_type=&#8221;none&#8221; zoom_icon=&#8221;false&#8221; count=&#8221;2&#8243; sortable=&#8221;false&#8221; pagination=&#8221;false&#8221; posts=&#8221;8135&#8243;][\/vc_column][\/vc_row]\n<\/div>","protected":false},"excerpt":{"rendered":"<p>[mk_page_section bg_image=&#8221;https:\/\/www.grimard.ca\/wp-content\/uploads\/2019\/05\/das-reseau-sans-fil.jpg&#8221; bg_color=&#8221;rgba(10,10,10,0.01)&#8221; bg_position=&#8221;center bottom&#8221; bg_stretch=&#8221;true&#8221; enable_3d=&#8221;true&#8221; bg_gradient=&#8221;left_top&#8221; video_color_mask=&#8221;#00249b&#8221; gr_end=&#8221;rgba(0,0,0,0.17)&#8221; video_opacity=&#8221;0.9&#8243; top_shape_color=&#8221;#ffffff&#8221; has_bottom_shape_divider=&#8221;true&#8221; bottom_shape_size=&#8221;small&#8221; bottom_shape_color=&#8221;#ffffff&#8221; el_class=&#8221;custom-jueves-gradient-bg&#8221; sidebar=&#8221;sidebar-1&#8243;][vc_column][mk_padding_divider size=&#8221;140&#8243; visibility=&#8221;hidden-sm&#8221;][mk_padding_divider size=&#8221;100&#8243;][mk_fancy_title tag_name=&#8221;h1&#8243; color=&#8221;#ffffff&#8221; size=&#8221;30&#8243; force_font_size=&#8221;true&#8221; size_tablet=&#8221;15&#8243; size_phone=&#8221;15&#8243; line_height=&#8221;0&#8243; font_weight=&#8221;400&#8243; font_style=&#8221;normal&#8221; txt_transform=&#8221;uppercase&#8221; letter_spacing=&#8221;6.7&#8243; margin_bottom=&#8221;0&#8243; font_family=&#8221;Montserrat&#8221; font_type=&#8221;google&#8221; animation=&#8221;left-to-right&#8221;]WIRELESS NETWORKS[\/mk_fancy_title][mk_fancy_title strip_tags=&#8221;true&#8221; tag_name=&#8221;h1&#8243; color=&#8221;#ffffff&#8221; size=&#8221;56&#8243; force_font_size=&#8221;true&#8221; size_tablet=&#8221;40&#8243; size_phone=&#8221;30&#8243; font_weight=&#8221;bold&#8221; font_style=&#8221;normal&#8221; txt_transform=&#8221;uppercase&#8221; letter_spacing=&#8221;10&#8243; margin_bottom=&#8221;0&#8243; font_family=&#8221;Montserrat&#8221; font_type=&#8221;google&#8221; animation=&#8221;left-to-right&#8221;]DAS\/RADIO[\/mk_fancy_title][mk_divider style=&#8221;thin_solid&#8221; divider_width=&#8221;one_fourth&#8221; align=&#8221;left&#8221; thin_single_color=&#8221;#0ea2dc&#8221; [&hellip;]<\/p>\n","protected":false},"author":1,"featured_media":0,"parent":0,"menu_order":-470,"comment_status":"closed","ping_status":"closed","template":"","meta":{"inline_featured_image":false,"footnotes":""},"class_list":["post-9243","page","type-page","status-publish","hentry"],"yoast_head":"<!-- This site is optimized with the Yoast SEO plugin v25.7 - https:\/\/yoast.com\/wordpress\/plugins\/seo\/ -->\n<title>Wireless Networks (DAS\/RADIO) - Grimard<\/title>\n<meta name=\"robots\" content=\"index, follow, max-snippet:-1, max-image-preview:large, max-video-preview:-1\" \/>\n<link rel=\"canonical\" href=\"https:\/\/www.grimard.ca\/reseaux-sans-fil-das-radio\/\" \/>\n<meta property=\"og:locale\" content=\"en_US\" \/>\n<meta property=\"og:type\" content=\"article\" \/>\n<meta property=\"og:title\" content=\"Wireless Networks (DAS\/RADIO) - Grimard\" \/>\n<meta property=\"og:description\" content=\"[mk_page_section bg_image=&#8221;https:\/\/www.grimard.ca\/wp-content\/uploads\/2019\/05\/das-reseau-sans-fil.jpg&#8221; bg_color=&#8221;rgba(10,10,10,0.01)&#8221; bg_position=&#8221;center bottom&#8221; bg_stretch=&#8221;true&#8221; enable_3d=&#8221;true&#8221; bg_gradient=&#8221;left_top&#8221; video_color_mask=&#8221;#00249b&#8221; gr_end=&#8221;rgba(0,0,0,0.17)&#8221; video_opacity=&#8221;0.9&#8243; top_shape_color=&#8221;#ffffff&#8221; has_bottom_shape_divider=&#8221;true&#8221; bottom_shape_size=&#8221;small&#8221; bottom_shape_color=&#8221;#ffffff&#8221; el_class=&#8221;custom-jueves-gradient-bg&#8221; sidebar=&#8221;sidebar-1&#8243;][vc_column][mk_padding_divider size=&#8221;140&#8243; visibility=&#8221;hidden-sm&#8221;][mk_padding_divider size=&#8221;100&#8243;][mk_fancy_title tag_name=&#8221;h1&#8243; color=&#8221;#ffffff&#8221; size=&#8221;30&#8243; force_font_size=&#8221;true&#8221; size_tablet=&#8221;15&#8243; size_phone=&#8221;15&#8243; line_height=&#8221;0&#8243; font_weight=&#8221;400&#8243; font_style=&#8221;normal&#8221; txt_transform=&#8221;uppercase&#8221; letter_spacing=&#8221;6.7&#8243; margin_bottom=&#8221;0&#8243; font_family=&#8221;Montserrat&#8221; font_type=&#8221;google&#8221; animation=&#8221;left-to-right&#8221;]WIRELESS NETWORKS[\/mk_fancy_title][mk_fancy_title strip_tags=&#8221;true&#8221; tag_name=&#8221;h1&#8243; color=&#8221;#ffffff&#8221; size=&#8221;56&#8243; force_font_size=&#8221;true&#8221; size_tablet=&#8221;40&#8243; size_phone=&#8221;30&#8243; font_weight=&#8221;bold&#8221; font_style=&#8221;normal&#8221; txt_transform=&#8221;uppercase&#8221; letter_spacing=&#8221;10&#8243; margin_bottom=&#8221;0&#8243; font_family=&#8221;Montserrat&#8221; font_type=&#8221;google&#8221; animation=&#8221;left-to-right&#8221;]DAS\/RADIO[\/mk_fancy_title][mk_divider style=&#8221;thin_solid&#8221; divider_width=&#8221;one_fourth&#8221; align=&#8221;left&#8221; thin_single_color=&#8221;#0ea2dc&#8221; [&hellip;]\" \/>\n<meta property=\"og:url\" content=\"https:\/\/www.grimard.ca\/reseaux-sans-fil-das-radio\/\" \/>\n<meta property=\"og:site_name\" content=\"Grimard\" \/>\n<meta property=\"article:publisher\" content=\"https:\/\/fr-ca.facebook.com\/people\/Grimard\/100063995642625\/\" \/>\n<meta property=\"article:modified_time\" content=\"2019-09-23T19:14:14+00:00\" \/>\n<meta property=\"og:image\" content=\"https:\/\/www.grimard.ca\/wp-content\/uploads\/2023\/01\/capture-decran-2023-01-16-142249.png\" \/>\n\t<meta property=\"og:image:width\" content=\"1900\" \/>\n\t<meta property=\"og:image:height\" content=\"895\" \/>\n\t<meta property=\"og:image:type\" content=\"image\/png\" \/>\n<meta name=\"twitter:card\" content=\"summary_large_image\" \/>\n<meta name=\"twitter:site\" content=\"@grimard_product\" \/>\n<meta name=\"twitter:label1\" content=\"Est. reading time\" \/>\n\t<meta name=\"twitter:data1\" content=\"4 minutes\" \/>\n<script type=\"application\/ld+json\" class=\"yoast-schema-graph\">{\"@context\":\"https:\/\/schema.org\",\"@graph\":[{\"@type\":\"WebPage\",\"@id\":\"https:\/\/www.grimard.ca\/reseaux-sans-fil-das-radio\/\",\"url\":\"https:\/\/www.grimard.ca\/reseaux-sans-fil-das-radio\/\",\"name\":\"Wireless Networks (DAS\/RADIO) - Grimard\",\"isPartOf\":{\"@id\":\"https:\/\/www.grimard.ca\/#website\"},\"datePublished\":\"2019-02-28T05:21:37+00:00\",\"dateModified\":\"2019-09-23T19:14:14+00:00\",\"breadcrumb\":{\"@id\":\"https:\/\/www.grimard.ca\/reseaux-sans-fil-das-radio\/#breadcrumb\"},\"inLanguage\":\"en-US\",\"potentialAction\":[{\"@type\":\"ReadAction\",\"target\":[\"https:\/\/www.grimard.ca\/reseaux-sans-fil-das-radio\/\"]}]},{\"@type\":\"BreadcrumbList\",\"@id\":\"https:\/\/www.grimard.ca\/reseaux-sans-fil-das-radio\/#breadcrumb\",\"itemListElement\":[{\"@type\":\"ListItem\",\"position\":1,\"name\":\"Accueil\",\"item\":\"https:\/\/www.grimard.ca\/en\/\"},{\"@type\":\"ListItem\",\"position\":2,\"name\":\"Wireless Networks (DAS\/RADIO)\"}]},{\"@type\":\"WebSite\",\"@id\":\"https:\/\/www.grimard.ca\/#website\",\"url\":\"https:\/\/www.grimard.ca\/\",\"name\":\"Grimard\",\"description\":\"\u00c9lectricit\u00e9, T\u00e9l\u00e9communication, Appareillage \u00e9lectrique\",\"potentialAction\":[{\"@type\":\"SearchAction\",\"target\":{\"@type\":\"EntryPoint\",\"urlTemplate\":\"https:\/\/www.grimard.ca\/?s={search_term_string}\"},\"query-input\":{\"@type\":\"PropertyValueSpecification\",\"valueRequired\":true,\"valueName\":\"search_term_string\"}}],\"inLanguage\":\"en-US\"}]}<\/script>\n<!-- \/ Yoast SEO plugin. -->","yoast_head_json":{"title":"Wireless Networks (DAS\/RADIO) - Grimard","robots":{"index":"index","follow":"follow","max-snippet":"max-snippet:-1","max-image-preview":"max-image-preview:large","max-video-preview":"max-video-preview:-1"},"canonical":"https:\/\/www.grimard.ca\/reseaux-sans-fil-das-radio\/","og_locale":"en_US","og_type":"article","og_title":"Wireless Networks (DAS\/RADIO) - Grimard","og_description":"[mk_page_section bg_image=&#8221;https:\/\/www.grimard.ca\/wp-content\/uploads\/2019\/05\/das-reseau-sans-fil.jpg&#8221; bg_color=&#8221;rgba(10,10,10,0.01)&#8221; bg_position=&#8221;center bottom&#8221; bg_stretch=&#8221;true&#8221; enable_3d=&#8221;true&#8221; bg_gradient=&#8221;left_top&#8221; video_color_mask=&#8221;#00249b&#8221; gr_end=&#8221;rgba(0,0,0,0.17)&#8221; video_opacity=&#8221;0.9&#8243; top_shape_color=&#8221;#ffffff&#8221; has_bottom_shape_divider=&#8221;true&#8221; bottom_shape_size=&#8221;small&#8221; bottom_shape_color=&#8221;#ffffff&#8221; el_class=&#8221;custom-jueves-gradient-bg&#8221; sidebar=&#8221;sidebar-1&#8243;][vc_column][mk_padding_divider size=&#8221;140&#8243; visibility=&#8221;hidden-sm&#8221;][mk_padding_divider size=&#8221;100&#8243;][mk_fancy_title tag_name=&#8221;h1&#8243; color=&#8221;#ffffff&#8221; size=&#8221;30&#8243; force_font_size=&#8221;true&#8221; size_tablet=&#8221;15&#8243; size_phone=&#8221;15&#8243; line_height=&#8221;0&#8243; font_weight=&#8221;400&#8243; font_style=&#8221;normal&#8221; txt_transform=&#8221;uppercase&#8221; letter_spacing=&#8221;6.7&#8243; margin_bottom=&#8221;0&#8243; font_family=&#8221;Montserrat&#8221; font_type=&#8221;google&#8221; animation=&#8221;left-to-right&#8221;]WIRELESS NETWORKS[\/mk_fancy_title][mk_fancy_title strip_tags=&#8221;true&#8221; tag_name=&#8221;h1&#8243; color=&#8221;#ffffff&#8221; size=&#8221;56&#8243; force_font_size=&#8221;true&#8221; size_tablet=&#8221;40&#8243; size_phone=&#8221;30&#8243; font_weight=&#8221;bold&#8221; font_style=&#8221;normal&#8221; txt_transform=&#8221;uppercase&#8221; letter_spacing=&#8221;10&#8243; margin_bottom=&#8221;0&#8243; font_family=&#8221;Montserrat&#8221; font_type=&#8221;google&#8221; animation=&#8221;left-to-right&#8221;]DAS\/RADIO[\/mk_fancy_title][mk_divider style=&#8221;thin_solid&#8221; divider_width=&#8221;one_fourth&#8221; align=&#8221;left&#8221; thin_single_color=&#8221;#0ea2dc&#8221; [&hellip;]","og_url":"https:\/\/www.grimard.ca\/reseaux-sans-fil-das-radio\/","og_site_name":"Grimard","article_publisher":"https:\/\/fr-ca.facebook.com\/people\/Grimard\/100063995642625\/","article_modified_time":"2019-09-23T19:14:14+00:00","og_image":[{"width":1900,"height":895,"url":"https:\/\/www.grimard.ca\/wp-content\/uploads\/2023\/01\/capture-decran-2023-01-16-142249.png","type":"image\/png"}],"twitter_card":"summary_large_image","twitter_site":"@grimard_product","twitter_misc":{"Est. reading time":"4 minutes"},"schema":{"@context":"https:\/\/schema.org","@graph":[{"@type":"WebPage","@id":"https:\/\/www.grimard.ca\/reseaux-sans-fil-das-radio\/","url":"https:\/\/www.grimard.ca\/reseaux-sans-fil-das-radio\/","name":"Wireless Networks (DAS\/RADIO) - Grimard","isPartOf":{"@id":"https:\/\/www.grimard.ca\/#website"},"datePublished":"2019-02-28T05:21:37+00:00","dateModified":"2019-09-23T19:14:14+00:00","breadcrumb":{"@id":"https:\/\/www.grimard.ca\/reseaux-sans-fil-das-radio\/#breadcrumb"},"inLanguage":"en-US","potentialAction":[{"@type":"ReadAction","target":["https:\/\/www.grimard.ca\/reseaux-sans-fil-das-radio\/"]}]},{"@type":"BreadcrumbList","@id":"https:\/\/www.grimard.ca\/reseaux-sans-fil-das-radio\/#breadcrumb","itemListElement":[{"@type":"ListItem","position":1,"name":"Accueil","item":"https:\/\/www.grimard.ca\/en\/"},{"@type":"ListItem","position":2,"name":"Wireless Networks (DAS\/RADIO)"}]},{"@type":"WebSite","@id":"https:\/\/www.grimard.ca\/#website","url":"https:\/\/www.grimard.ca\/","name":"Grimard","description":"\u00c9lectricit\u00e9, T\u00e9l\u00e9communication, Appareillage \u00e9lectrique","potentialAction":[{"@type":"SearchAction","target":{"@type":"EntryPoint","urlTemplate":"https:\/\/www.grimard.ca\/?s={search_term_string}"},"query-input":{"@type":"PropertyValueSpecification","valueRequired":true,"valueName":"search_term_string"}}],"inLanguage":"en-US"}]}},"_links":{"self":[{"href":"https:\/\/www.grimard.ca\/en\/wp-json\/wp\/v2\/pages\/9243","targetHints":{"allow":["GET"]}}],"collection":[{"href":"https:\/\/www.grimard.ca\/en\/wp-json\/wp\/v2\/pages"}],"about":[{"href":"https:\/\/www.grimard.ca\/en\/wp-json\/wp\/v2\/types\/page"}],"author":[{"embeddable":true,"href":"https:\/\/www.grimard.ca\/en\/wp-json\/wp\/v2\/users\/1"}],"replies":[{"embeddable":true,"href":"https:\/\/www.grimard.ca\/en\/wp-json\/wp\/v2\/comments?post=9243"}],"version-history":[{"count":3,"href":"https:\/\/www.grimard.ca\/en\/wp-json\/wp\/v2\/pages\/9243\/revisions"}],"predecessor-version":[{"id":9246,"href":"https:\/\/www.grimard.ca\/en\/wp-json\/wp\/v2\/pages\/9243\/revisions\/9246"}],"wp:attachment":[{"href":"https:\/\/www.grimard.ca\/en\/wp-json\/wp\/v2\/media?parent=9243"}],"curies":[{"name":"wp","href":"https:\/\/api.w.org\/{rel}","templated":true}]}}