{"id":9220,"date":"2019-02-28T01:31:01","date_gmt":"2019-02-28T05:31:01","guid":{"rendered":"http:\/\/grimard.webloft.info\/industrie-lourde\/"},"modified":"2019-09-23T15:10:46","modified_gmt":"2019-09-23T19:10:46","slug":"heavy-industry","status":"publish","type":"page","link":"https:\/\/www.grimard.ca\/en\/heavy-industry\/","title":{"rendered":"Heavy Industry"},"content":{"rendered":"<div class=\"wpb-content-wrapper\">[mk_page_section bg_image=&#8221;https:\/\/www.grimard.ca\/wp-content\/uploads\/2019\/03\/vue-aerienne_aluminerie_alouette.jpg&#8221; bg_color=&#8221;rgba(10,10,10,0.01)&#8221; bg_position=&#8221;center bottom&#8221; bg_stretch=&#8221;true&#8221; enable_3d=&#8221;true&#8221; bg_gradient=&#8221;left_top&#8221; video_color_mask=&#8221;#00249b&#8221; gr_end=&#8221;rgba(0,0,0,0.17)&#8221; video_opacity=&#8221;0.9&#8243; top_shape_color=&#8221;#ffffff&#8221; has_bottom_shape_divider=&#8221;true&#8221; bottom_shape_size=&#8221;small&#8221; bottom_shape_color=&#8221;#ffffff&#8221; el_class=&#8221;custom-jueves-gradient-bg&#8221; sidebar=&#8221;sidebar-1&#8243;][vc_column][mk_padding_divider size=&#8221;140&#8243; visibility=&#8221;hidden-sm&#8221;][mk_padding_divider size=&#8221;100&#8243;][mk_fancy_title tag_name=&#8221;h1&#8243; color=&#8221;#ffffff&#8221; size=&#8221;30&#8243; force_font_size=&#8221;true&#8221; size_tablet=&#8221;15&#8243; size_phone=&#8221;15&#8243; line_height=&#8221;0&#8243; font_weight=&#8221;400&#8243; font_style=&#8221;normal&#8221; txt_transform=&#8221;uppercase&#8221; letter_spacing=&#8221;6.7&#8243; margin_bottom=&#8221;0&#8243; font_family=&#8221;Montserrat&#8221; font_type=&#8221;google&#8221; animation=&#8221;left-to-right&#8221;]HEAVY[\/mk_fancy_title][mk_fancy_title strip_tags=&#8221;true&#8221; tag_name=&#8221;h1&#8243; color=&#8221;#ffffff&#8221; size=&#8221;56&#8243; force_font_size=&#8221;true&#8221; size_tablet=&#8221;40&#8243; size_phone=&#8221;30&#8243; font_weight=&#8221;bold&#8221; font_style=&#8221;normal&#8221; txt_transform=&#8221;uppercase&#8221; letter_spacing=&#8221;10&#8243; margin_bottom=&#8221;0&#8243; font_family=&#8221;Montserrat&#8221; font_type=&#8221;google&#8221; animation=&#8221;left-to-right&#8221;]INDUSTRY[\/mk_fancy_title][mk_divider style=&#8221;thin_solid&#8221; divider_width=&#8221;one_fourth&#8221; align=&#8221;left&#8221; thin_single_color=&#8221;#0ea2dc&#8221; thickness=&#8221;7&#8243; margin_top=&#8221;0&#8243; margin_bottom=&#8221;120&#8243; visibility=&#8221;hidden-sm&#8221;][\/vc_column][\/mk_page_section][mk_page_section padding_top=&#8221;70&#8243; padding_bottom=&#8221;15&#8243; sidebar=&#8221;sidebar-1&#8243;][vc_column css=&#8221;.vc_custom_1464696761315{padding-right: 20px !important;}&#8221;][mk_fancy_title tag_name=&#8221;h1&#8243; color=&#8221;#000000&#8243; size=&#8221;28&#8243; force_font_size=&#8221;true&#8221; size_tablet=&#8221;20&#8243; size_phone=&#8221;20&#8243; font_weight=&#8221;400&#8243; txt_transform=&#8221;none&#8221; letter_spacing=&#8221;2.4&#8243; margin_bottom=&#8221;0&#8243; font_family=&#8221;none&#8221; responsive_align=&#8221;left&#8221;]Specialized electrical work for heavy industry[\/mk_fancy_title][mk_divider style=&#8221;thin_solid&#8221; divider_width=&#8221;custom_width&#8221; custom_width=&#8221;70&#8243; align=&#8221;left&#8221; thin_single_color=&#8221;#a9a9a9&#8243; thickness=&#8221;7&#8243; margin_top=&#8221;0&#8243; margin_bottom=&#8221;40&#8243;][vc_column_text css=&#8221;.vc_custom_1569000878352{margin-bottom: 0px !important;}&#8221;]Grimard takes part in major industrial electricity and telecommunications projects. We are especially involved in large-scale electricity projects for aluminum smelters and mines, as well as pulp and paper plants. Our expertise is focused on instrumentation and control, electrical services, pre-operation verification (POV) and commissioning. We provide the same services for activities that are not regulated by the construction industry. This enables us to meet the specific requests of our industrial clients for maintenance and upgrade services, employee leasing and specialized equipment leasing.[\/vc_column_text][\/vc_column][\/mk_page_section][mk_page_section bg_color=&#8221;#f9f9f9&#8243; padding_top=&#8221;25&#8243; padding_bottom=&#8221;50&#8243; sidebar=&#8221;sidebar-1&#8243;][vc_column css=&#8221;.vc_custom_1464696761315{padding-right: 20px !important;}&#8221;][vc_column_text css=&#8221;.vc_custom_1569000757889{margin-bottom: 0px !important;}&#8221;]The expertise of our highly competent and experienced professionals is put to work for our clients and partners. Engineers, technicians, project officers, foremen and electricians work toward the successful completion of the most complex projects, with their main goal being our clients\u2019 satisfaction.Our expertise is recognized by the largest clients working on most of Quebec&#8217;s industrial worksites. Our range of activities demonstrates the active role we play in developing various industries and is a token of Grimard&#8217;s reputation as a reliable contractor.[\/vc_column_text][\/vc_column][\/mk_page_section][mk_page_section layout_structure=&#8221;half_right&#8221; bg_image=&#8221;https:\/\/www.grimard.ca\/wp-content\/uploads\/2019\/06\/electricite-aluminerie.jpg&#8221; bg_color=&#8221;#307fff&#8221; bg_stretch=&#8221;true&#8221; full_width=&#8221;true&#8221;][vc_column][mk_padding_divider size=&#8221;200&#8243;][mk_fancy_title strip_tags=&#8221;true&#8221; color=&#8221;#ffffff&#8221; size=&#8221;30&#8243; force_font_size=&#8221;true&#8221; size_tablet=&#8221;30&#8243; size_phone=&#8221;20&#8243; font_weight=&#8221;bold&#8221; font_style=&#8221;normal&#8221; txt_transform=&#8221;uppercase&#8221; letter_spacing=&#8221;5&#8243; margin_bottom=&#8221;0&#8243; font_family=&#8221;Montserrat&#8221; font_type=&#8221;google&#8221; animation=&#8221;right-to-left&#8221;]ALUMINUM SMELTERS[\/mk_fancy_title][vc_column_text disable_pattern=&#8221;false&#8221; animation=&#8221;left-to-right&#8221; el_class=&#8221;texte-blanc texte-centre-mobile&#8221; css=&#8221;.vc_custom_1569000924496{margin-bottom: 0px !important;}&#8221;]Grimard offers specialized expertise to meet aluminum smelter&#8217;s high power demands. Be it for an electrical installation, maintenance or other project, our teams continue to stand out for their excellent work, efficiency and compliance with safety standards. Over the years, we&#8217;ve developed unparalleled know-how in aluminum welding, mainly for bus work used to transport electricity.<\/p>\n<p>Thanks to our professional management team and qualified welder-electricians, we have successfully completed complex, large-scale work for many aluminum smelters and hydroelectric stations.<br \/>\nGrimard is certified by the Canadian Welding Bureau (CWB) for Standards CSA W47.1-03 (steel) and CSA W47.2 (aluminum).[\/vc_column_text][mk_padding_divider size=&#8221;200&#8243;][\/vc_column][\/mk_page_section][mk_page_section layout_structure=&#8221;half_left&#8221; bg_image=&#8221;https:\/\/www.grimard.ca\/wp-content\/uploads\/2019\/06\/electricite-mines.jpg&#8221; bg_color=&#8221;#f4f4f4&#8243; bg_stretch=&#8221;true&#8221; full_width=&#8221;true&#8221;][vc_column][mk_padding_divider size=&#8221;200&#8243;][mk_fancy_title strip_tags=&#8221;true&#8221; color=&#8221;#000000&#8243; size=&#8221;30&#8243; force_font_size=&#8221;true&#8221; size_tablet=&#8221;30&#8243; size_phone=&#8221;20&#8243; font_weight=&#8221;bold&#8221; font_style=&#8221;normal&#8221; txt_transform=&#8221;uppercase&#8221; letter_spacing=&#8221;5&#8243; margin_bottom=&#8221;0&#8243; font_family=&#8221;Montserrat&#8221; font_type=&#8221;google&#8221; animation=&#8221;right-to-left&#8221;]MINES[\/mk_fancy_title][vc_column_text disable_pattern=&#8221;false&#8221; animation=&#8221;left-to-right&#8221; el_class=&#8221;texte-centre-mobile&#8221; css=&#8221;.vc_custom_1569000947827{margin-bottom: 0px !important;}&#8221;]Over the years, Grimard has completed large-scale electrical installation work in mines located in Quebec and elsewhere in Canada. Mining facilities are generally in remote locations, so we have to mobilize key personnel while also including local workers. Grimard has taken part in many major projects calling for this type of staff planning and transportation logistics.[\/vc_column_text][mk_padding_divider size=&#8221;200&#8243;][\/vc_column][\/mk_page_section][mk_page_section layout_structure=&#8221;half_right&#8221; bg_image=&#8221;https:\/\/www.grimard.ca\/wp-content\/uploads\/2019\/06\/electricite-pates-et-papiers.jpg&#8221; bg_color=&#8221;#307fff&#8221; bg_stretch=&#8221;true&#8221; full_width=&#8221;true&#8221;][vc_column][mk_padding_divider size=&#8221;200&#8243;][mk_fancy_title strip_tags=&#8221;true&#8221; color=&#8221;#ffffff&#8221; size=&#8221;30&#8243; force_font_size=&#8221;true&#8221; size_tablet=&#8221;30&#8243; size_phone=&#8221;20&#8243; font_weight=&#8221;bold&#8221; font_style=&#8221;normal&#8221; txt_transform=&#8221;uppercase&#8221; letter_spacing=&#8221;4&#8243; margin_bottom=&#8221;0&#8243; font_family=&#8221;Montserrat&#8221; font_type=&#8221;google&#8221; animation=&#8221;right-to-left&#8221;]PULP AND PAPER[\/mk_fancy_title][vc_column_text disable_pattern=&#8221;false&#8221; animation=&#8221;left-to-right&#8221; el_class=&#8221;texte-blanc texte-centre-mobile&#8221; css=&#8221;.vc_custom_1569000993504{margin-bottom: 0px !important;}&#8221;]There are a great many pulp and paper plants in Quebec and Canada and they require a great deal of maintenance and updating. As a result of new forms of technology, these plants must integrate systems combining instrumentation and process control in order to optimize their production. Grimard has participated in many electric installations projects in these plants, enabling them to maintain a level of expertise that meets the industry\u2019s requirements.[\/vc_column_text][mk_padding_divider size=&#8221;200&#8243;][\/vc_column][\/mk_page_section][mk_page_section layout_structure=&#8221;half_left&#8221; bg_image=&#8221;https:\/\/www.grimard.ca\/wp-content\/uploads\/2019\/06\/vpo-mise-en-service.jpg&#8221; bg_color=&#8221;#f4f4f4&#8243; bg_stretch=&#8221;true&#8221; full_width=&#8221;true&#8221;][vc_column][mk_padding_divider size=&#8221;200&#8243;][mk_fancy_title strip_tags=&#8221;true&#8221; color=&#8221;#000000&#8243; size=&#8221;30&#8243; force_font_size=&#8221;true&#8221; size_tablet=&#8221;30&#8243; size_phone=&#8221;20&#8243; font_weight=&#8221;bold&#8221; font_style=&#8221;normal&#8221; txt_transform=&#8221;uppercase&#8221; letter_spacing=&#8221;5&#8243; margin_bottom=&#8221;0&#8243; font_family=&#8221;Montserrat&#8221; font_type=&#8221;google&#8221; animation=&#8221;right-to-left&#8221;]PRE-OPERATIONAL VERIFICATION (POV) AND COMMISSIONING[\/mk_fancy_title][vc_column_text disable_pattern=&#8221;false&#8221; animation=&#8221;left-to-right&#8221; el_class=&#8221;texte-centre-mobile&#8221; css=&#8221;.vc_custom_1569001029138{margin-bottom: 0px !important;}&#8221;]These two critical steps ensure that the various components and systems are operational, efficient and safe. For all the large-scale industrial works we&#8217;ve taken part in, the POV and commissioning were done in accordance with rigorous standards in order to deliver high-quality projects that meet the industry&#8217;s highest norms. We offer impeccable quality in all the work we do: the reputation of our company has been built on it for the last 75 years.[\/vc_column_text][mk_padding_divider size=&#8221;200&#8243;][\/vc_column][\/mk_page_section][mk_page_section layout_structure=&#8221;half_right&#8221; bg_image=&#8221;https:\/\/www.grimard.ca\/wp-content\/uploads\/2019\/09\/maintenance-electricite.jpg&#8221; bg_color=&#8221;#307fff&#8221; bg_stretch=&#8221;true&#8221; full_width=&#8221;true&#8221;][vc_column][mk_padding_divider size=&#8221;200&#8243;][mk_fancy_title strip_tags=&#8221;true&#8221; color=&#8221;#ffffff&#8221; size=&#8221;30&#8243; force_font_size=&#8221;true&#8221; size_tablet=&#8221;30&#8243; size_phone=&#8221;20&#8243; font_weight=&#8221;bold&#8221; font_style=&#8221;normal&#8221; txt_transform=&#8221;uppercase&#8221; letter_spacing=&#8221;4&#8243; margin_bottom=&#8221;0&#8243; font_family=&#8221;Montserrat&#8221; font_type=&#8221;google&#8221; animation=&#8221;right-to-left&#8221;]INDUSTRIAL MAINTENANCE[\/mk_fancy_title][vc_column_text disable_pattern=&#8221;false&#8221; animation=&#8221;left-to-right&#8221; el_class=&#8221;texte-blanc texte-centre-mobile&#8221; css=&#8221;.vc_custom_1569001060827{margin-bottom: 0px !important;}&#8221;]Grimard offers industrial maintenance services in the electrical, control-instrumentation and telecommunications fields. We offer these services for activities that are not regulated the construction industry. We are particularly involved in aluminum smelters, mines and large industrial complexes. Our expertise is focused on instrumentation and controls, electrical services and scheduled maintenance (shutdowns). This enables us to meet the specific requests of our industrial clients for maintenance and upgrade services, employee leasing and specialized equipment leasing.[\/vc_column_text][mk_padding_divider size=&#8221;200&#8243;][\/vc_column][\/mk_page_section][vc_row fullwidth=&#8221;true&#8221; fullwidth_content=&#8221;false&#8221; css=&#8221;.vc_custom_1551328167883{padding-top: 75px !important;padding-bottom: 75px !important;background-color: #efefef !important;}&#8221; el_class=&#8221;realisation-widget&#8221;][vc_column][mk_fancy_title tag_name=&#8221;span&#8221; color=&#8221;#3d4045&#8243; size=&#8221;24&#8243; force_font_size=&#8221;true&#8221; size_tablet=&#8221;15&#8243; size_phone=&#8221;15&#8243; line_height=&#8221;0&#8243; font_weight=&#8221;400&#8243; font_style=&#8221;normal&#8221; txt_transform=&#8221;uppercase&#8221; letter_spacing=&#8221;6.7&#8243; margin_bottom=&#8221;15&#8243; font_family=&#8221;Montserrat&#8221; font_type=&#8221;google&#8221; animation=&#8221;left-to-right&#8221;]Portfolio[\/mk_fancy_title][mk_divider style=&#8221;thin_solid&#8221; divider_width=&#8221;custom_width&#8221; custom_width=&#8221;70&#8243; align=&#8221;left&#8221; thin_single_color=&#8221;#10238c&#8221; thickness=&#8221;7&#8243; margin_top=&#8221;0&#8243; margin_bottom=&#8221;25&#8243;][mk_portfolio height=&#8221;200&#8243; column=&#8221;2&#8243; meta_type=&#8221;none&#8221; zoom_icon=&#8221;false&#8221; count=&#8221;2&#8243; sortable=&#8221;false&#8221; pagination=&#8221;false&#8221; posts=&#8221;8466, 8831&#8243;][\/vc_column][\/vc_row]\n<\/div>","protected":false},"excerpt":{"rendered":"<p>[mk_page_section bg_image=&#8221;https:\/\/www.grimard.ca\/wp-content\/uploads\/2019\/03\/vue-aerienne_aluminerie_alouette.jpg&#8221; bg_color=&#8221;rgba(10,10,10,0.01)&#8221; bg_position=&#8221;center bottom&#8221; bg_stretch=&#8221;true&#8221; enable_3d=&#8221;true&#8221; bg_gradient=&#8221;left_top&#8221; video_color_mask=&#8221;#00249b&#8221; gr_end=&#8221;rgba(0,0,0,0.17)&#8221; video_opacity=&#8221;0.9&#8243; top_shape_color=&#8221;#ffffff&#8221; has_bottom_shape_divider=&#8221;true&#8221; bottom_shape_size=&#8221;small&#8221; bottom_shape_color=&#8221;#ffffff&#8221; el_class=&#8221;custom-jueves-gradient-bg&#8221; sidebar=&#8221;sidebar-1&#8243;][vc_column][mk_padding_divider size=&#8221;140&#8243; visibility=&#8221;hidden-sm&#8221;][mk_padding_divider size=&#8221;100&#8243;][mk_fancy_title tag_name=&#8221;h1&#8243; color=&#8221;#ffffff&#8221; size=&#8221;30&#8243; force_font_size=&#8221;true&#8221; size_tablet=&#8221;15&#8243; size_phone=&#8221;15&#8243; line_height=&#8221;0&#8243; font_weight=&#8221;400&#8243; font_style=&#8221;normal&#8221; txt_transform=&#8221;uppercase&#8221; letter_spacing=&#8221;6.7&#8243; margin_bottom=&#8221;0&#8243; font_family=&#8221;Montserrat&#8221; font_type=&#8221;google&#8221; animation=&#8221;left-to-right&#8221;]HEAVY[\/mk_fancy_title][mk_fancy_title strip_tags=&#8221;true&#8221; tag_name=&#8221;h1&#8243; color=&#8221;#ffffff&#8221; size=&#8221;56&#8243; force_font_size=&#8221;true&#8221; size_tablet=&#8221;40&#8243; size_phone=&#8221;30&#8243; font_weight=&#8221;bold&#8221; font_style=&#8221;normal&#8221; txt_transform=&#8221;uppercase&#8221; letter_spacing=&#8221;10&#8243; margin_bottom=&#8221;0&#8243; font_family=&#8221;Montserrat&#8221; font_type=&#8221;google&#8221; animation=&#8221;left-to-right&#8221;]INDUSTRY[\/mk_fancy_title][mk_divider style=&#8221;thin_solid&#8221; divider_width=&#8221;one_fourth&#8221; align=&#8221;left&#8221; thin_single_color=&#8221;#0ea2dc&#8221; thickness=&#8221;7&#8243; [&hellip;]<\/p>\n","protected":false},"author":1,"featured_media":0,"parent":0,"menu_order":-680,"comment_status":"closed","ping_status":"closed","template":"","meta":{"inline_featured_image":false,"footnotes":""},"class_list":["post-9220","page","type-page","status-publish","hentry"],"yoast_head":"<!-- This site is optimized with the Yoast SEO plugin v25.7 - https:\/\/yoast.com\/wordpress\/plugins\/seo\/ -->\n<title>Heavy Industry - Grimard<\/title>\n<meta name=\"robots\" content=\"index, follow, max-snippet:-1, max-image-preview:large, max-video-preview:-1\" \/>\n<link rel=\"canonical\" href=\"https:\/\/www.grimard.ca\/industrie-lourde\/\" \/>\n<meta property=\"og:locale\" content=\"en_US\" \/>\n<meta property=\"og:type\" content=\"article\" \/>\n<meta property=\"og:title\" content=\"Heavy Industry - Grimard\" \/>\n<meta property=\"og:description\" content=\"[mk_page_section bg_image=&#8221;https:\/\/www.grimard.ca\/wp-content\/uploads\/2019\/03\/vue-aerienne_aluminerie_alouette.jpg&#8221; bg_color=&#8221;rgba(10,10,10,0.01)&#8221; bg_position=&#8221;center bottom&#8221; bg_stretch=&#8221;true&#8221; enable_3d=&#8221;true&#8221; bg_gradient=&#8221;left_top&#8221; video_color_mask=&#8221;#00249b&#8221; gr_end=&#8221;rgba(0,0,0,0.17)&#8221; video_opacity=&#8221;0.9&#8243; top_shape_color=&#8221;#ffffff&#8221; has_bottom_shape_divider=&#8221;true&#8221; bottom_shape_size=&#8221;small&#8221; bottom_shape_color=&#8221;#ffffff&#8221; el_class=&#8221;custom-jueves-gradient-bg&#8221; sidebar=&#8221;sidebar-1&#8243;][vc_column][mk_padding_divider size=&#8221;140&#8243; visibility=&#8221;hidden-sm&#8221;][mk_padding_divider size=&#8221;100&#8243;][mk_fancy_title tag_name=&#8221;h1&#8243; color=&#8221;#ffffff&#8221; size=&#8221;30&#8243; force_font_size=&#8221;true&#8221; size_tablet=&#8221;15&#8243; size_phone=&#8221;15&#8243; line_height=&#8221;0&#8243; font_weight=&#8221;400&#8243; font_style=&#8221;normal&#8221; txt_transform=&#8221;uppercase&#8221; letter_spacing=&#8221;6.7&#8243; margin_bottom=&#8221;0&#8243; font_family=&#8221;Montserrat&#8221; font_type=&#8221;google&#8221; animation=&#8221;left-to-right&#8221;]HEAVY[\/mk_fancy_title][mk_fancy_title strip_tags=&#8221;true&#8221; tag_name=&#8221;h1&#8243; color=&#8221;#ffffff&#8221; size=&#8221;56&#8243; force_font_size=&#8221;true&#8221; size_tablet=&#8221;40&#8243; size_phone=&#8221;30&#8243; font_weight=&#8221;bold&#8221; font_style=&#8221;normal&#8221; txt_transform=&#8221;uppercase&#8221; letter_spacing=&#8221;10&#8243; margin_bottom=&#8221;0&#8243; font_family=&#8221;Montserrat&#8221; font_type=&#8221;google&#8221; animation=&#8221;left-to-right&#8221;]INDUSTRY[\/mk_fancy_title][mk_divider style=&#8221;thin_solid&#8221; divider_width=&#8221;one_fourth&#8221; align=&#8221;left&#8221; thin_single_color=&#8221;#0ea2dc&#8221; thickness=&#8221;7&#8243; [&hellip;]\" \/>\n<meta property=\"og:url\" content=\"https:\/\/www.grimard.ca\/industrie-lourde\/\" \/>\n<meta property=\"og:site_name\" content=\"Grimard\" \/>\n<meta property=\"article:publisher\" content=\"https:\/\/fr-ca.facebook.com\/people\/Grimard\/100063995642625\/\" \/>\n<meta property=\"article:modified_time\" content=\"2019-09-23T19:10:46+00:00\" \/>\n<meta property=\"og:image\" content=\"https:\/\/www.grimard.ca\/wp-content\/uploads\/2023\/01\/capture-decran-2023-01-16-142249.png\" \/>\n\t<meta property=\"og:image:width\" content=\"1900\" \/>\n\t<meta property=\"og:image:height\" content=\"895\" \/>\n\t<meta property=\"og:image:type\" content=\"image\/png\" \/>\n<meta name=\"twitter:card\" content=\"summary_large_image\" \/>\n<meta name=\"twitter:site\" content=\"@grimard_product\" \/>\n<meta name=\"twitter:label1\" content=\"Est. reading time\" \/>\n\t<meta name=\"twitter:data1\" content=\"8 minutes\" \/>\n<script type=\"application\/ld+json\" class=\"yoast-schema-graph\">{\"@context\":\"https:\/\/schema.org\",\"@graph\":[{\"@type\":\"WebPage\",\"@id\":\"https:\/\/www.grimard.ca\/industrie-lourde\/\",\"url\":\"https:\/\/www.grimard.ca\/industrie-lourde\/\",\"name\":\"Heavy Industry - Grimard\",\"isPartOf\":{\"@id\":\"https:\/\/www.grimard.ca\/#website\"},\"datePublished\":\"2019-02-28T05:31:01+00:00\",\"dateModified\":\"2019-09-23T19:10:46+00:00\",\"breadcrumb\":{\"@id\":\"https:\/\/www.grimard.ca\/industrie-lourde\/#breadcrumb\"},\"inLanguage\":\"en-US\",\"potentialAction\":[{\"@type\":\"ReadAction\",\"target\":[\"https:\/\/www.grimard.ca\/industrie-lourde\/\"]}]},{\"@type\":\"BreadcrumbList\",\"@id\":\"https:\/\/www.grimard.ca\/industrie-lourde\/#breadcrumb\",\"itemListElement\":[{\"@type\":\"ListItem\",\"position\":1,\"name\":\"Accueil\",\"item\":\"https:\/\/www.grimard.ca\/en\/\"},{\"@type\":\"ListItem\",\"position\":2,\"name\":\"Heavy Industry\"}]},{\"@type\":\"WebSite\",\"@id\":\"https:\/\/www.grimard.ca\/#website\",\"url\":\"https:\/\/www.grimard.ca\/\",\"name\":\"Grimard\",\"description\":\"\u00c9lectricit\u00e9, T\u00e9l\u00e9communication, Appareillage \u00e9lectrique\",\"potentialAction\":[{\"@type\":\"SearchAction\",\"target\":{\"@type\":\"EntryPoint\",\"urlTemplate\":\"https:\/\/www.grimard.ca\/?s={search_term_string}\"},\"query-input\":{\"@type\":\"PropertyValueSpecification\",\"valueRequired\":true,\"valueName\":\"search_term_string\"}}],\"inLanguage\":\"en-US\"}]}<\/script>\n<!-- \/ Yoast SEO plugin. -->","yoast_head_json":{"title":"Heavy Industry - Grimard","robots":{"index":"index","follow":"follow","max-snippet":"max-snippet:-1","max-image-preview":"max-image-preview:large","max-video-preview":"max-video-preview:-1"},"canonical":"https:\/\/www.grimard.ca\/industrie-lourde\/","og_locale":"en_US","og_type":"article","og_title":"Heavy Industry - Grimard","og_description":"[mk_page_section bg_image=&#8221;https:\/\/www.grimard.ca\/wp-content\/uploads\/2019\/03\/vue-aerienne_aluminerie_alouette.jpg&#8221; bg_color=&#8221;rgba(10,10,10,0.01)&#8221; bg_position=&#8221;center bottom&#8221; bg_stretch=&#8221;true&#8221; enable_3d=&#8221;true&#8221; bg_gradient=&#8221;left_top&#8221; video_color_mask=&#8221;#00249b&#8221; gr_end=&#8221;rgba(0,0,0,0.17)&#8221; video_opacity=&#8221;0.9&#8243; top_shape_color=&#8221;#ffffff&#8221; has_bottom_shape_divider=&#8221;true&#8221; bottom_shape_size=&#8221;small&#8221; bottom_shape_color=&#8221;#ffffff&#8221; el_class=&#8221;custom-jueves-gradient-bg&#8221; sidebar=&#8221;sidebar-1&#8243;][vc_column][mk_padding_divider size=&#8221;140&#8243; visibility=&#8221;hidden-sm&#8221;][mk_padding_divider size=&#8221;100&#8243;][mk_fancy_title tag_name=&#8221;h1&#8243; color=&#8221;#ffffff&#8221; size=&#8221;30&#8243; force_font_size=&#8221;true&#8221; size_tablet=&#8221;15&#8243; size_phone=&#8221;15&#8243; line_height=&#8221;0&#8243; font_weight=&#8221;400&#8243; font_style=&#8221;normal&#8221; txt_transform=&#8221;uppercase&#8221; letter_spacing=&#8221;6.7&#8243; margin_bottom=&#8221;0&#8243; font_family=&#8221;Montserrat&#8221; font_type=&#8221;google&#8221; animation=&#8221;left-to-right&#8221;]HEAVY[\/mk_fancy_title][mk_fancy_title strip_tags=&#8221;true&#8221; tag_name=&#8221;h1&#8243; color=&#8221;#ffffff&#8221; size=&#8221;56&#8243; force_font_size=&#8221;true&#8221; size_tablet=&#8221;40&#8243; size_phone=&#8221;30&#8243; font_weight=&#8221;bold&#8221; font_style=&#8221;normal&#8221; txt_transform=&#8221;uppercase&#8221; letter_spacing=&#8221;10&#8243; margin_bottom=&#8221;0&#8243; font_family=&#8221;Montserrat&#8221; font_type=&#8221;google&#8221; animation=&#8221;left-to-right&#8221;]INDUSTRY[\/mk_fancy_title][mk_divider style=&#8221;thin_solid&#8221; divider_width=&#8221;one_fourth&#8221; align=&#8221;left&#8221; thin_single_color=&#8221;#0ea2dc&#8221; thickness=&#8221;7&#8243; [&hellip;]","og_url":"https:\/\/www.grimard.ca\/industrie-lourde\/","og_site_name":"Grimard","article_publisher":"https:\/\/fr-ca.facebook.com\/people\/Grimard\/100063995642625\/","article_modified_time":"2019-09-23T19:10:46+00:00","og_image":[{"width":1900,"height":895,"url":"https:\/\/www.grimard.ca\/wp-content\/uploads\/2023\/01\/capture-decran-2023-01-16-142249.png","type":"image\/png"}],"twitter_card":"summary_large_image","twitter_site":"@grimard_product","twitter_misc":{"Est. reading time":"8 minutes"},"schema":{"@context":"https:\/\/schema.org","@graph":[{"@type":"WebPage","@id":"https:\/\/www.grimard.ca\/industrie-lourde\/","url":"https:\/\/www.grimard.ca\/industrie-lourde\/","name":"Heavy Industry - Grimard","isPartOf":{"@id":"https:\/\/www.grimard.ca\/#website"},"datePublished":"2019-02-28T05:31:01+00:00","dateModified":"2019-09-23T19:10:46+00:00","breadcrumb":{"@id":"https:\/\/www.grimard.ca\/industrie-lourde\/#breadcrumb"},"inLanguage":"en-US","potentialAction":[{"@type":"ReadAction","target":["https:\/\/www.grimard.ca\/industrie-lourde\/"]}]},{"@type":"BreadcrumbList","@id":"https:\/\/www.grimard.ca\/industrie-lourde\/#breadcrumb","itemListElement":[{"@type":"ListItem","position":1,"name":"Accueil","item":"https:\/\/www.grimard.ca\/en\/"},{"@type":"ListItem","position":2,"name":"Heavy Industry"}]},{"@type":"WebSite","@id":"https:\/\/www.grimard.ca\/#website","url":"https:\/\/www.grimard.ca\/","name":"Grimard","description":"\u00c9lectricit\u00e9, T\u00e9l\u00e9communication, Appareillage \u00e9lectrique","potentialAction":[{"@type":"SearchAction","target":{"@type":"EntryPoint","urlTemplate":"https:\/\/www.grimard.ca\/?s={search_term_string}"},"query-input":{"@type":"PropertyValueSpecification","valueRequired":true,"valueName":"search_term_string"}}],"inLanguage":"en-US"}]}},"_links":{"self":[{"href":"https:\/\/www.grimard.ca\/en\/wp-json\/wp\/v2\/pages\/9220","targetHints":{"allow":["GET"]}}],"collection":[{"href":"https:\/\/www.grimard.ca\/en\/wp-json\/wp\/v2\/pages"}],"about":[{"href":"https:\/\/www.grimard.ca\/en\/wp-json\/wp\/v2\/types\/page"}],"author":[{"embeddable":true,"href":"https:\/\/www.grimard.ca\/en\/wp-json\/wp\/v2\/users\/1"}],"replies":[{"embeddable":true,"href":"https:\/\/www.grimard.ca\/en\/wp-json\/wp\/v2\/comments?post=9220"}],"version-history":[{"count":3,"href":"https:\/\/www.grimard.ca\/en\/wp-json\/wp\/v2\/pages\/9220\/revisions"}],"predecessor-version":[{"id":9221,"href":"https:\/\/www.grimard.ca\/en\/wp-json\/wp\/v2\/pages\/9220\/revisions\/9221"}],"wp:attachment":[{"href":"https:\/\/www.grimard.ca\/en\/wp-json\/wp\/v2\/media?parent=9220"}],"curies":[{"name":"wp","href":"https:\/\/api.w.org\/{rel}","templated":true}]}}