{"id":9211,"date":"2019-02-28T01:28:09","date_gmt":"2019-02-28T05:28:09","guid":{"rendered":"http:\/\/grimard.webloft.info\/infrastructures-de-transport\/"},"modified":"2019-10-01T15:40:54","modified_gmt":"2019-10-01T19:40:54","slug":"transportation-infrastructure","status":"publish","type":"page","link":"https:\/\/www.grimard.ca\/en\/transportation-infrastructure\/","title":{"rendered":"Transportation Infrastructure"},"content":{"rendered":"<div class=\"wpb-content-wrapper\">[mk_page_section bg_image=&#8221;https:\/\/www.grimard.ca\/wp-content\/uploads\/2019\/09\/adobestock_230247626.jpeg&#8221; bg_color=&#8221;rgba(10,10,10,0.01)&#8221; bg_position=&#8221;center bottom&#8221; bg_stretch=&#8221;true&#8221; enable_3d=&#8221;true&#8221; bg_gradient=&#8221;left_top&#8221; video_color_mask=&#8221;#00249b&#8221; gr_end=&#8221;rgba(0,0,0,0.17)&#8221; video_opacity=&#8221;0.9&#8243; top_shape_color=&#8221;#ffffff&#8221; has_bottom_shape_divider=&#8221;true&#8221; bottom_shape_size=&#8221;small&#8221; bottom_shape_color=&#8221;#ffffff&#8221; el_class=&#8221;custom-jueves-gradient-bg&#8221; sidebar=&#8221;sidebar-1&#8243;][vc_column][mk_padding_divider size=&#8221;140&#8243; visibility=&#8221;hidden-sm&#8221;][mk_padding_divider size=&#8221;100&#8243;][mk_fancy_title tag_name=&#8221;h1&#8243; color=&#8221;#ffffff&#8221; size=&#8221;30&#8243; force_font_size=&#8221;true&#8221; size_tablet=&#8221;15&#8243; size_phone=&#8221;15&#8243; line_height=&#8221;0&#8243; font_weight=&#8221;400&#8243; font_style=&#8221;normal&#8221; txt_transform=&#8221;uppercase&#8221; letter_spacing=&#8221;6.7&#8243; margin_bottom=&#8221;0&#8243; font_family=&#8221;Montserrat&#8221; font_type=&#8221;google&#8221; animation=&#8221;left-to-right&#8221;]Transportation[\/mk_fancy_title][mk_fancy_title strip_tags=&#8221;true&#8221; tag_name=&#8221;h1&#8243; color=&#8221;#ffffff&#8221; size=&#8221;56&#8243; force_font_size=&#8221;true&#8221; size_tablet=&#8221;40&#8243; size_phone=&#8221;16&#8243; font_weight=&#8221;bold&#8221; font_style=&#8221;normal&#8221; txt_transform=&#8221;uppercase&#8221; letter_spacing=&#8221;10&#8243; margin_bottom=&#8221;0&#8243; font_family=&#8221;Montserrat&#8221; font_type=&#8221;google&#8221; animation=&#8221;left-to-right&#8221;]Infrastructure[\/mk_fancy_title][mk_divider style=&#8221;thin_solid&#8221; divider_width=&#8221;one_fourth&#8221; align=&#8221;left&#8221; thin_single_color=&#8221;#0ea2dc&#8221; thickness=&#8221;7&#8243; margin_top=&#8221;0&#8243; margin_bottom=&#8221;120&#8243; visibility=&#8221;hidden-sm&#8221;][\/vc_column][\/mk_page_section][mk_page_section padding_top=&#8221;70&#8243; padding_bottom=&#8221;15&#8243; sidebar=&#8221;sidebar-1&#8243;][vc_column css=&#8221;.vc_custom_1464696761315{padding-right: 20px !important;}&#8221;][mk_fancy_title tag_name=&#8221;h1&#8243; color=&#8221;#000000&#8243; size=&#8221;28&#8243; force_font_size=&#8221;true&#8221; size_tablet=&#8221;20&#8243; size_phone=&#8221;20&#8243; font_weight=&#8221;400&#8243; txt_transform=&#8221;none&#8221; letter_spacing=&#8221;2.4&#8243; margin_bottom=&#8221;0&#8243; font_family=&#8221;none&#8221; responsive_align=&#8221;left&#8221;]For specialized electricity projects in urban or highway environments[\/mk_fancy_title][mk_divider style=&#8221;thin_solid&#8221; divider_width=&#8221;custom_width&#8221; custom_width=&#8221;70&#8243; align=&#8221;left&#8221; thin_single_color=&#8221;#a9a9a9&#8243; thickness=&#8221;7&#8243; margin_top=&#8221;0&#8243; margin_bottom=&#8221;40&#8243;][vc_column_text css=&#8221;.vc_custom_1568998112627{margin-bottom: 0px !important;}&#8221;]Grimard is a key player in the implementation of major electrical infrastructure and telecommunications projects. We are especially involved in large-scale, specialized electricity projects in urban and highway environments (bridges, interchanges and tunnels) that require, for instance, the installation of road and urban lighting, oversized signs, lane-control lights, traffic lights, variable message signs (VMS), surveillance cameras and connected objects within an intelligent city concept, as well as civil engineering work.[\/vc_column_text][\/vc_column][\/mk_page_section][mk_page_section bg_color=&#8221;#f9f9f9&#8243; padding_top=&#8221;25&#8243; padding_bottom=&#8221;50&#8243; sidebar=&#8221;sidebar-1&#8243;][vc_column css=&#8221;.vc_custom_1464696761315{padding-right: 20px !important;}&#8221;][vc_column_text css=&#8221;.vc_custom_1568998146545{margin-bottom: 0px !important;}&#8221;]Our telecommunications experts design complete intelligent transportation system (ITS) solutions that incorporate an array of technologies. Find out more about intelligent cities, ITS and the technologies involved.<\/p>\n<p>With multidisciplinary teams that offer a number of related services, we can provide turnkey solutions for the electrical work, civil engineering work and technological integration on any project.[\/vc_column_text][\/vc_column][\/mk_page_section][mk_page_section layout_structure=&#8221;half_right&#8221; bg_image=&#8221;https:\/\/www.grimard.ca\/wp-content\/uploads\/2019\/06\/electricite-autoroutes-infrastructures-montreal.jpg&#8221; bg_color=&#8221;#307fff&#8221; bg_stretch=&#8221;true&#8221; full_width=&#8221;true&#8221;][vc_column][mk_padding_divider size=&#8221;200&#8243;][mk_fancy_title strip_tags=&#8221;true&#8221; color=&#8221;#ffffff&#8221; size=&#8221;30&#8243; force_font_size=&#8221;true&#8221; size_tablet=&#8221;30&#8243; size_phone=&#8221;20&#8243; font_weight=&#8221;bold&#8221; font_style=&#8221;normal&#8221; txt_transform=&#8221;uppercase&#8221; letter_spacing=&#8221;5&#8243; margin_bottom=&#8221;0&#8243; font_family=&#8221;Montserrat&#8221; font_type=&#8221;google&#8221; animation=&#8221;right-to-left&#8221;]ROAD AND URBAN LIGHTING[\/mk_fancy_title][vc_column_text disable_pattern=&#8221;false&#8221; animation=&#8221;left-to-right&#8221; el_class=&#8221;texte-blanc texte-centre-mobile&#8221; css=&#8221;.vc_custom_1568998184537{margin-bottom: 0px !important;}&#8221;]Over the years, Grimard has undertaken large-scale road and urban lighting projects. We have all the equipment required to fully install lighting infrastructure. Our seasoned electricians deliver work that complies with the highest industry quality standards.<\/p>\n<p>We provide the latest road and urban lighting technologies. Thanks to the arrival of LED lights, it\u2019s now possible to control lighting remotely and obtain a status report to optimize management and interventions in the event of a defect or for maintenance purposes.[\/vc_column_text][mk_padding_divider size=&#8221;200&#8243;][\/vc_column][\/mk_page_section][mk_page_section layout_structure=&#8221;half_left&#8221; bg_image=&#8221;https:\/\/www.grimard.ca\/wp-content\/uploads\/2019\/03\/videosurveillance.jpg&#8221; bg_color=&#8221;#f4f4f4&#8243; bg_stretch=&#8221;true&#8221; full_width=&#8221;true&#8221;][vc_column][mk_padding_divider size=&#8221;200&#8243;][mk_fancy_title strip_tags=&#8221;true&#8221; color=&#8221;#000000&#8243; size=&#8221;30&#8243; force_font_size=&#8221;true&#8221; size_tablet=&#8221;30&#8243; size_phone=&#8221;20&#8243; font_weight=&#8221;bold&#8221; font_style=&#8221;normal&#8221; txt_transform=&#8221;uppercase&#8221; letter_spacing=&#8221;5&#8243; margin_bottom=&#8221;0&#8243; font_family=&#8221;Montserrat&#8221; font_type=&#8221;google&#8221; animation=&#8221;right-to-left&#8221;]OVERHEAD SIGNS[\/mk_fancy_title][vc_column_text disable_pattern=&#8221;false&#8221; animation=&#8221;left-to-right&#8221; el_class=&#8221;texte-centre-mobile&#8221; css=&#8221;.vc_custom_1568998349148{margin-bottom: 0px !important;}&#8221;]Overhead signs are mainly found along highway corridors and require special in-crane lifting. We have the skills and teams to carry out large-scale projects.<\/p>\n<p>We install new structures or replace existing ones mainly for products involving lighting infrastructure or traffic lights.[\/vc_column_text][mk_padding_divider size=&#8221;200&#8243;][\/vc_column][\/mk_page_section][mk_page_section layout_structure=&#8221;half_right&#8221; bg_image=&#8221;https:\/\/www.grimard.ca\/wp-content\/uploads\/2019\/06\/sti-feu-circulation.jpg&#8221; bg_color=&#8221;#307fff&#8221; bg_stretch=&#8221;true&#8221; full_width=&#8221;true&#8221;][vc_column][mk_padding_divider size=&#8221;200&#8243;][mk_fancy_title strip_tags=&#8221;true&#8221; color=&#8221;#ffffff&#8221; size=&#8221;30&#8243; force_font_size=&#8221;true&#8221; size_tablet=&#8221;30&#8243; size_phone=&#8221;20&#8243; font_weight=&#8221;bold&#8221; font_style=&#8221;normal&#8221; txt_transform=&#8221;uppercase&#8221; letter_spacing=&#8221;4&#8243; margin_bottom=&#8221;0&#8243; font_family=&#8221;Montserrat&#8221; font_type=&#8221;google&#8221; animation=&#8221;right-to-left&#8221;]LANE-CONTROL AND TRAFFIC LIGHTS[\/mk_fancy_title][vc_column_text disable_pattern=&#8221;false&#8221; animation=&#8221;left-to-right&#8221; el_class=&#8221;texte-blanc texte-centre-mobile&#8221; css=&#8221;.vc_custom_1568998624442{margin-bottom: 0px !important;}&#8221;]Lane-control lights facilitate traffic management in peak periods and responses to incidents. Grimard has the necessary expertise to install lane-control lights on highways, bridges and in tunnels.<\/p>\n<p>Whether it\u2019s for traffic-light installation, calibration or configuration (installation of counting loops, counting systems and other systems) Grimard is a leader in Quebec for setting up signage infrastructure in urban and highway environments.[\/vc_column_text][mk_padding_divider size=&#8221;200&#8243;][\/vc_column][\/mk_page_section][mk_page_section layout_structure=&#8221;half_left&#8221; bg_image=&#8221;https:\/\/www.grimard.ca\/wp-content\/uploads\/2019\/03\/systeme-de-transport-intelligent.jpg&#8221; bg_color=&#8221;#f4f4f4&#8243; bg_stretch=&#8221;true&#8221; full_width=&#8221;true&#8221;][vc_column][mk_padding_divider size=&#8221;200&#8243;][mk_fancy_title strip_tags=&#8221;true&#8221; color=&#8221;#000000&#8243; size=&#8221;30&#8243; force_font_size=&#8221;true&#8221; size_tablet=&#8221;30&#8243; size_phone=&#8221;20&#8243; font_weight=&#8221;bold&#8221; font_style=&#8221;normal&#8221; txt_transform=&#8221;uppercase&#8221; letter_spacing=&#8221;5&#8243; margin_bottom=&#8221;0&#8243; font_family=&#8221;Montserrat&#8221; font_type=&#8221;google&#8221; animation=&#8221;right-to-left&#8221;]INTELLIGENT TRANSPORTATION SYSTEMS (ITS)[\/mk_fancy_title][vc_column_text disable_pattern=&#8221;false&#8221; animation=&#8221;left-to-right&#8221; el_class=&#8221;texte-centre-mobile&#8221; css=&#8221;.vc_custom_1569248115871{margin-bottom: 0px !important;}&#8221;]Intelligent transportation systems optimize the various technologies for managing traffic and improving road safety. Big cities use these technologies to improve traffic flow and transportation safety.<\/p>\n<p>Our ITS solutions include a variety of technologies: video-surveillance systems, variable message signs, travel time systems, vehicle detection and classification systems and automated incident detection (AID) that use cameras and control centres. <a href=\"https:\/\/www.grimard.ca\/en\/intelligent-transportation-systems-its\/\">Find out more about the technologies used in smart cities and intelligent transportation systems.<\/a>[\/vc_column_text][mk_padding_divider size=&#8221;200&#8243;][\/vc_column][\/mk_page_section][vc_row fullwidth=&#8221;true&#8221; fullwidth_content=&#8221;false&#8221; css=&#8221;.vc_custom_1551328167883{padding-top: 75px !important;padding-bottom: 75px !important;background-color: #efefef !important;}&#8221; el_class=&#8221;realisation-widget&#8221;][vc_column][mk_fancy_title tag_name=&#8221;span&#8221; color=&#8221;#3d4045&#8243; size=&#8221;24&#8243; force_font_size=&#8221;true&#8221; size_tablet=&#8221;15&#8243; size_phone=&#8221;15&#8243; line_height=&#8221;0&#8243; font_weight=&#8221;400&#8243; font_style=&#8221;normal&#8221; txt_transform=&#8221;uppercase&#8221; letter_spacing=&#8221;6.7&#8243; margin_bottom=&#8221;15&#8243; font_family=&#8221;Montserrat&#8221; font_type=&#8221;google&#8221; animation=&#8221;left-to-right&#8221;]Portfolio[\/mk_fancy_title][mk_divider style=&#8221;thin_solid&#8221; divider_width=&#8221;custom_width&#8221; custom_width=&#8221;70&#8243; align=&#8221;left&#8221; thin_single_color=&#8221;#10238c&#8221; thickness=&#8221;7&#8243; margin_top=&#8221;0&#8243; margin_bottom=&#8221;25&#8243;][mk_portfolio height=&#8221;200&#8243; column=&#8221;2&#8243; meta_type=&#8221;none&#8221; zoom_icon=&#8221;false&#8221; count=&#8221;2&#8243; sortable=&#8221;false&#8221; pagination=&#8221;false&#8221; posts=&#8221;8492, 8147&#8243;][\/vc_column][\/vc_row]\n<\/div>","protected":false},"excerpt":{"rendered":"<p>[mk_page_section bg_image=&#8221;https:\/\/www.grimard.ca\/wp-content\/uploads\/2019\/09\/adobestock_230247626.jpeg&#8221; bg_color=&#8221;rgba(10,10,10,0.01)&#8221; bg_position=&#8221;center bottom&#8221; bg_stretch=&#8221;true&#8221; enable_3d=&#8221;true&#8221; bg_gradient=&#8221;left_top&#8221; video_color_mask=&#8221;#00249b&#8221; gr_end=&#8221;rgba(0,0,0,0.17)&#8221; video_opacity=&#8221;0.9&#8243; top_shape_color=&#8221;#ffffff&#8221; has_bottom_shape_divider=&#8221;true&#8221; bottom_shape_size=&#8221;small&#8221; bottom_shape_color=&#8221;#ffffff&#8221; el_class=&#8221;custom-jueves-gradient-bg&#8221; sidebar=&#8221;sidebar-1&#8243;][vc_column][mk_padding_divider size=&#8221;140&#8243; visibility=&#8221;hidden-sm&#8221;][mk_padding_divider size=&#8221;100&#8243;][mk_fancy_title tag_name=&#8221;h1&#8243; color=&#8221;#ffffff&#8221; size=&#8221;30&#8243; force_font_size=&#8221;true&#8221; size_tablet=&#8221;15&#8243; size_phone=&#8221;15&#8243; line_height=&#8221;0&#8243; font_weight=&#8221;400&#8243; font_style=&#8221;normal&#8221; txt_transform=&#8221;uppercase&#8221; letter_spacing=&#8221;6.7&#8243; margin_bottom=&#8221;0&#8243; font_family=&#8221;Montserrat&#8221; font_type=&#8221;google&#8221; animation=&#8221;left-to-right&#8221;]Transportation[\/mk_fancy_title][mk_fancy_title strip_tags=&#8221;true&#8221; tag_name=&#8221;h1&#8243; color=&#8221;#ffffff&#8221; size=&#8221;56&#8243; force_font_size=&#8221;true&#8221; size_tablet=&#8221;40&#8243; size_phone=&#8221;16&#8243; font_weight=&#8221;bold&#8221; font_style=&#8221;normal&#8221; txt_transform=&#8221;uppercase&#8221; letter_spacing=&#8221;10&#8243; margin_bottom=&#8221;0&#8243; font_family=&#8221;Montserrat&#8221; font_type=&#8221;google&#8221; animation=&#8221;left-to-right&#8221;]Infrastructure[\/mk_fancy_title][mk_divider style=&#8221;thin_solid&#8221; divider_width=&#8221;one_fourth&#8221; align=&#8221;left&#8221; thin_single_color=&#8221;#0ea2dc&#8221; thickness=&#8221;7&#8243; [&hellip;]<\/p>\n","protected":false},"author":1,"featured_media":0,"parent":0,"menu_order":-700,"comment_status":"closed","ping_status":"closed","template":"","meta":{"inline_featured_image":false,"footnotes":""},"class_list":["post-9211","page","type-page","status-publish","hentry"],"yoast_head":"<!-- This site is optimized with the Yoast SEO plugin v25.7 - https:\/\/yoast.com\/wordpress\/plugins\/seo\/ -->\n<title>Transportation Infrastructure - Grimard<\/title>\n<meta name=\"robots\" content=\"index, follow, max-snippet:-1, max-image-preview:large, max-video-preview:-1\" \/>\n<link rel=\"canonical\" href=\"https:\/\/www.grimard.ca\/infrastructures-de-transport\/\" \/>\n<meta property=\"og:locale\" content=\"en_US\" \/>\n<meta property=\"og:type\" content=\"article\" \/>\n<meta property=\"og:title\" content=\"Transportation Infrastructure - Grimard\" \/>\n<meta property=\"og:description\" content=\"[mk_page_section bg_image=&#8221;https:\/\/www.grimard.ca\/wp-content\/uploads\/2019\/09\/adobestock_230247626.jpeg&#8221; bg_color=&#8221;rgba(10,10,10,0.01)&#8221; bg_position=&#8221;center bottom&#8221; bg_stretch=&#8221;true&#8221; enable_3d=&#8221;true&#8221; bg_gradient=&#8221;left_top&#8221; video_color_mask=&#8221;#00249b&#8221; gr_end=&#8221;rgba(0,0,0,0.17)&#8221; video_opacity=&#8221;0.9&#8243; top_shape_color=&#8221;#ffffff&#8221; has_bottom_shape_divider=&#8221;true&#8221; bottom_shape_size=&#8221;small&#8221; bottom_shape_color=&#8221;#ffffff&#8221; el_class=&#8221;custom-jueves-gradient-bg&#8221; sidebar=&#8221;sidebar-1&#8243;][vc_column][mk_padding_divider size=&#8221;140&#8243; visibility=&#8221;hidden-sm&#8221;][mk_padding_divider size=&#8221;100&#8243;][mk_fancy_title tag_name=&#8221;h1&#8243; color=&#8221;#ffffff&#8221; size=&#8221;30&#8243; force_font_size=&#8221;true&#8221; size_tablet=&#8221;15&#8243; size_phone=&#8221;15&#8243; line_height=&#8221;0&#8243; font_weight=&#8221;400&#8243; font_style=&#8221;normal&#8221; txt_transform=&#8221;uppercase&#8221; letter_spacing=&#8221;6.7&#8243; margin_bottom=&#8221;0&#8243; font_family=&#8221;Montserrat&#8221; font_type=&#8221;google&#8221; animation=&#8221;left-to-right&#8221;]Transportation[\/mk_fancy_title][mk_fancy_title strip_tags=&#8221;true&#8221; tag_name=&#8221;h1&#8243; color=&#8221;#ffffff&#8221; size=&#8221;56&#8243; force_font_size=&#8221;true&#8221; size_tablet=&#8221;40&#8243; size_phone=&#8221;16&#8243; font_weight=&#8221;bold&#8221; font_style=&#8221;normal&#8221; txt_transform=&#8221;uppercase&#8221; letter_spacing=&#8221;10&#8243; margin_bottom=&#8221;0&#8243; font_family=&#8221;Montserrat&#8221; font_type=&#8221;google&#8221; animation=&#8221;left-to-right&#8221;]Infrastructure[\/mk_fancy_title][mk_divider style=&#8221;thin_solid&#8221; divider_width=&#8221;one_fourth&#8221; align=&#8221;left&#8221; thin_single_color=&#8221;#0ea2dc&#8221; thickness=&#8221;7&#8243; [&hellip;]\" \/>\n<meta property=\"og:url\" content=\"https:\/\/www.grimard.ca\/infrastructures-de-transport\/\" \/>\n<meta property=\"og:site_name\" content=\"Grimard\" \/>\n<meta property=\"article:publisher\" content=\"https:\/\/fr-ca.facebook.com\/people\/Grimard\/100063995642625\/\" \/>\n<meta property=\"article:modified_time\" content=\"2019-10-01T19:40:54+00:00\" \/>\n<meta property=\"og:image\" content=\"https:\/\/www.grimard.ca\/wp-content\/uploads\/2023\/01\/capture-decran-2023-01-16-142249.png\" \/>\n\t<meta property=\"og:image:width\" content=\"1900\" \/>\n\t<meta property=\"og:image:height\" content=\"895\" \/>\n\t<meta property=\"og:image:type\" content=\"image\/png\" \/>\n<meta name=\"twitter:card\" content=\"summary_large_image\" \/>\n<meta name=\"twitter:site\" content=\"@grimard_product\" \/>\n<meta name=\"twitter:label1\" content=\"Est. reading time\" \/>\n\t<meta name=\"twitter:data1\" content=\"6 minutes\" \/>\n<script type=\"application\/ld+json\" class=\"yoast-schema-graph\">{\"@context\":\"https:\/\/schema.org\",\"@graph\":[{\"@type\":\"WebPage\",\"@id\":\"https:\/\/www.grimard.ca\/infrastructures-de-transport\/\",\"url\":\"https:\/\/www.grimard.ca\/infrastructures-de-transport\/\",\"name\":\"Transportation Infrastructure - Grimard\",\"isPartOf\":{\"@id\":\"https:\/\/www.grimard.ca\/#website\"},\"datePublished\":\"2019-02-28T05:28:09+00:00\",\"dateModified\":\"2019-10-01T19:40:54+00:00\",\"breadcrumb\":{\"@id\":\"https:\/\/www.grimard.ca\/infrastructures-de-transport\/#breadcrumb\"},\"inLanguage\":\"en-US\",\"potentialAction\":[{\"@type\":\"ReadAction\",\"target\":[\"https:\/\/www.grimard.ca\/infrastructures-de-transport\/\"]}]},{\"@type\":\"BreadcrumbList\",\"@id\":\"https:\/\/www.grimard.ca\/infrastructures-de-transport\/#breadcrumb\",\"itemListElement\":[{\"@type\":\"ListItem\",\"position\":1,\"name\":\"Accueil\",\"item\":\"https:\/\/www.grimard.ca\/en\/\"},{\"@type\":\"ListItem\",\"position\":2,\"name\":\"Transportation Infrastructure\"}]},{\"@type\":\"WebSite\",\"@id\":\"https:\/\/www.grimard.ca\/#website\",\"url\":\"https:\/\/www.grimard.ca\/\",\"name\":\"Grimard\",\"description\":\"\u00c9lectricit\u00e9, T\u00e9l\u00e9communication, Appareillage \u00e9lectrique\",\"potentialAction\":[{\"@type\":\"SearchAction\",\"target\":{\"@type\":\"EntryPoint\",\"urlTemplate\":\"https:\/\/www.grimard.ca\/?s={search_term_string}\"},\"query-input\":{\"@type\":\"PropertyValueSpecification\",\"valueRequired\":true,\"valueName\":\"search_term_string\"}}],\"inLanguage\":\"en-US\"}]}<\/script>\n<!-- \/ Yoast SEO plugin. -->","yoast_head_json":{"title":"Transportation Infrastructure - Grimard","robots":{"index":"index","follow":"follow","max-snippet":"max-snippet:-1","max-image-preview":"max-image-preview:large","max-video-preview":"max-video-preview:-1"},"canonical":"https:\/\/www.grimard.ca\/infrastructures-de-transport\/","og_locale":"en_US","og_type":"article","og_title":"Transportation Infrastructure - Grimard","og_description":"[mk_page_section bg_image=&#8221;https:\/\/www.grimard.ca\/wp-content\/uploads\/2019\/09\/adobestock_230247626.jpeg&#8221; bg_color=&#8221;rgba(10,10,10,0.01)&#8221; bg_position=&#8221;center bottom&#8221; bg_stretch=&#8221;true&#8221; enable_3d=&#8221;true&#8221; bg_gradient=&#8221;left_top&#8221; video_color_mask=&#8221;#00249b&#8221; gr_end=&#8221;rgba(0,0,0,0.17)&#8221; video_opacity=&#8221;0.9&#8243; top_shape_color=&#8221;#ffffff&#8221; has_bottom_shape_divider=&#8221;true&#8221; bottom_shape_size=&#8221;small&#8221; bottom_shape_color=&#8221;#ffffff&#8221; el_class=&#8221;custom-jueves-gradient-bg&#8221; sidebar=&#8221;sidebar-1&#8243;][vc_column][mk_padding_divider size=&#8221;140&#8243; visibility=&#8221;hidden-sm&#8221;][mk_padding_divider size=&#8221;100&#8243;][mk_fancy_title tag_name=&#8221;h1&#8243; color=&#8221;#ffffff&#8221; size=&#8221;30&#8243; force_font_size=&#8221;true&#8221; size_tablet=&#8221;15&#8243; size_phone=&#8221;15&#8243; line_height=&#8221;0&#8243; font_weight=&#8221;400&#8243; font_style=&#8221;normal&#8221; txt_transform=&#8221;uppercase&#8221; letter_spacing=&#8221;6.7&#8243; margin_bottom=&#8221;0&#8243; font_family=&#8221;Montserrat&#8221; font_type=&#8221;google&#8221; animation=&#8221;left-to-right&#8221;]Transportation[\/mk_fancy_title][mk_fancy_title strip_tags=&#8221;true&#8221; tag_name=&#8221;h1&#8243; color=&#8221;#ffffff&#8221; size=&#8221;56&#8243; force_font_size=&#8221;true&#8221; size_tablet=&#8221;40&#8243; size_phone=&#8221;16&#8243; font_weight=&#8221;bold&#8221; font_style=&#8221;normal&#8221; txt_transform=&#8221;uppercase&#8221; letter_spacing=&#8221;10&#8243; margin_bottom=&#8221;0&#8243; font_family=&#8221;Montserrat&#8221; font_type=&#8221;google&#8221; animation=&#8221;left-to-right&#8221;]Infrastructure[\/mk_fancy_title][mk_divider style=&#8221;thin_solid&#8221; divider_width=&#8221;one_fourth&#8221; align=&#8221;left&#8221; thin_single_color=&#8221;#0ea2dc&#8221; thickness=&#8221;7&#8243; [&hellip;]","og_url":"https:\/\/www.grimard.ca\/infrastructures-de-transport\/","og_site_name":"Grimard","article_publisher":"https:\/\/fr-ca.facebook.com\/people\/Grimard\/100063995642625\/","article_modified_time":"2019-10-01T19:40:54+00:00","og_image":[{"width":1900,"height":895,"url":"https:\/\/www.grimard.ca\/wp-content\/uploads\/2023\/01\/capture-decran-2023-01-16-142249.png","type":"image\/png"}],"twitter_card":"summary_large_image","twitter_site":"@grimard_product","twitter_misc":{"Est. reading time":"6 minutes"},"schema":{"@context":"https:\/\/schema.org","@graph":[{"@type":"WebPage","@id":"https:\/\/www.grimard.ca\/infrastructures-de-transport\/","url":"https:\/\/www.grimard.ca\/infrastructures-de-transport\/","name":"Transportation Infrastructure - Grimard","isPartOf":{"@id":"https:\/\/www.grimard.ca\/#website"},"datePublished":"2019-02-28T05:28:09+00:00","dateModified":"2019-10-01T19:40:54+00:00","breadcrumb":{"@id":"https:\/\/www.grimard.ca\/infrastructures-de-transport\/#breadcrumb"},"inLanguage":"en-US","potentialAction":[{"@type":"ReadAction","target":["https:\/\/www.grimard.ca\/infrastructures-de-transport\/"]}]},{"@type":"BreadcrumbList","@id":"https:\/\/www.grimard.ca\/infrastructures-de-transport\/#breadcrumb","itemListElement":[{"@type":"ListItem","position":1,"name":"Accueil","item":"https:\/\/www.grimard.ca\/en\/"},{"@type":"ListItem","position":2,"name":"Transportation Infrastructure"}]},{"@type":"WebSite","@id":"https:\/\/www.grimard.ca\/#website","url":"https:\/\/www.grimard.ca\/","name":"Grimard","description":"\u00c9lectricit\u00e9, T\u00e9l\u00e9communication, Appareillage \u00e9lectrique","potentialAction":[{"@type":"SearchAction","target":{"@type":"EntryPoint","urlTemplate":"https:\/\/www.grimard.ca\/?s={search_term_string}"},"query-input":{"@type":"PropertyValueSpecification","valueRequired":true,"valueName":"search_term_string"}}],"inLanguage":"en-US"}]}},"_links":{"self":[{"href":"https:\/\/www.grimard.ca\/en\/wp-json\/wp\/v2\/pages\/9211","targetHints":{"allow":["GET"]}}],"collection":[{"href":"https:\/\/www.grimard.ca\/en\/wp-json\/wp\/v2\/pages"}],"about":[{"href":"https:\/\/www.grimard.ca\/en\/wp-json\/wp\/v2\/types\/page"}],"author":[{"embeddable":true,"href":"https:\/\/www.grimard.ca\/en\/wp-json\/wp\/v2\/users\/1"}],"replies":[{"embeddable":true,"href":"https:\/\/www.grimard.ca\/en\/wp-json\/wp\/v2\/comments?post=9211"}],"version-history":[{"count":9,"href":"https:\/\/www.grimard.ca\/en\/wp-json\/wp\/v2\/pages\/9211\/revisions"}],"predecessor-version":[{"id":9543,"href":"https:\/\/www.grimard.ca\/en\/wp-json\/wp\/v2\/pages\/9211\/revisions\/9543"}],"wp:attachment":[{"href":"https:\/\/www.grimard.ca\/en\/wp-json\/wp\/v2\/media?parent=9211"}],"curies":[{"name":"wp","href":"https:\/\/api.w.org\/{rel}","templated":true}]}}