{"id":9188,"date":"2019-05-09T11:42:59","date_gmt":"2019-05-09T15:42:59","guid":{"rendered":"http:\/\/grimard.webloft.info\/barres-sous-enveloppe-metallique\/"},"modified":"2019-09-23T15:05:01","modified_gmt":"2019-09-23T19:05:01","slug":"metal-enclosed-bus-duct-system","status":"publish","type":"page","link":"https:\/\/www.grimard.ca\/en\/metal-enclosed-bus-duct-system\/","title":{"rendered":"Metal-Enclosed Bus Duct System"},"content":{"rendered":"<div class=\"wpb-content-wrapper\">[mk_page_section bg_color=&#8221;#1b3876&#8243; bg_position=&#8221;center bottom&#8221; bg_stretch=&#8221;true&#8221; enable_3d=&#8221;true&#8221; bg_gradient=&#8221;left_top&#8221; video_color_mask=&#8221;#002e8c&#8221; gr_end=&#8221;rgba(0,0,0,0.17)&#8221; video_opacity=&#8221;0.8&#8243; top_shape_color=&#8221;#ffffff&#8221; has_bottom_shape_divider=&#8221;true&#8221; bottom_shape_size=&#8221;small&#8221; bottom_shape_color=&#8221;#ffffff&#8221; el_class=&#8221;custom-jueves-gradient-bg&#8221; sidebar=&#8221;sidebar-1&#8243;][vc_column][mk_padding_divider size=&#8221;100&#8243; visibility=&#8221;hidden-sm&#8221;][mk_padding_divider size=&#8221;60&#8243;][mk_fancy_title tag_name=&#8221;h1&#8243; color=&#8221;#ffffff&#8221; size=&#8221;24&#8243; force_font_size=&#8221;true&#8221; size_tablet=&#8221;15&#8243; size_phone=&#8221;15&#8243; font_weight=&#8221;400&#8243; font_style=&#8221;normal&#8221; txt_transform=&#8221;uppercase&#8221; letter_spacing=&#8221;6.7&#8243; margin_bottom=&#8221;0&#8243; font_family=&#8221;Montserrat&#8221; font_type=&#8221;google&#8221; animation=&#8221;left-to-right&#8221;]Metal-Enclosed<br \/>\nBust Duct System[\/mk_fancy_title][mk_divider style=&#8221;thin_solid&#8221; divider_width=&#8221;one_fourth&#8221; align=&#8221;left&#8221; thin_single_color=&#8221;#0ea2dc&#8221; thickness=&#8221;7&#8243; margin_top=&#8221;0&#8243; margin_bottom=&#8221;0&#8243; visibility=&#8221;hidden-sm&#8221;][\/vc_column][\/mk_page_section][vc_row css=&#8221;.vc_custom_1555345864766{padding-top: 75px !important;}&#8221;][vc_column][vc_row_inner][vc_column_inner width=&#8221;1\/2&#8243;][mk_fancy_title color=&#8221;#000000&#8243; size=&#8221;18&#8243; font_weight=&#8221;400&#8243; txt_transform=&#8221;none&#8221; letter_spacing=&#8221;1&#8243; margin_bottom=&#8221;0&#8243; font_family=&#8221;none&#8221; responsive_align=&#8221;left&#8221;]LV and MV metal-enclosed non-segregated phase bus ducts[\/mk_fancy_title][mk_divider style=&#8221;thin_solid&#8221; divider_width=&#8221;custom_width&#8221; custom_width=&#8221;70&#8243; align=&#8221;left&#8221; thin_single_color=&#8221;#a9a9a9&#8243; thickness=&#8221;7&#8243; margin_top=&#8221;0&#8243; margin_bottom=&#8221;40&#8243;][vc_column_text css=&#8221;.vc_custom_1568994476464{margin-bottom: 0px !important;}&#8221;]Our non-segregated phase bus duct system is designed for connecting metal-enclosed switchgear, power transformers and other power equipment. By manufacturing bus duct systems as well as switchgears, we make it easier to efficiently integrate various site components.[\/vc_column_text][\/vc_column_inner][vc_column_inner width=&#8221;1\/2&#8243;][vc_single_image image=&#8221;8577&#8243; img_size=&#8221;full&#8221;][\/vc_column_inner][\/vc_row_inner][mk_table]\n<table width=\"100%\">\n<thead>\n<tr>\n<th colspan=\"5\">General features of bus duct system:<\/th>\n<\/tr>\n<\/thead>\n<tbody>\n<tr>\n<td><\/td>\n<td><\/td>\n<td>Rated voltage<br \/>\n600 V<\/td>\n<td>Rated voltage<br \/>\n5 kV<\/td>\n<td>Rated voltage<br \/>\n15 kV<\/td>\n<\/tr>\n<tr>\n<td>Test voltage at power frequency<\/td>\n<td>kV\u00a01\u00a0min<\/td>\n<td>2.2<\/td>\n<td>19<\/td>\n<td>36<\/td>\n<\/tr>\n<tr>\n<td>Impulse withstand voltage<\/td>\n<td>kV<\/td>\n<td>&#8211;<\/td>\n<td>60<\/td>\n<td>95<\/td>\n<\/tr>\n<tr>\n<td>Rated frequency<\/td>\n<td>Hz<\/td>\n<td>50-60<\/td>\n<td>50-60<\/td>\n<td>50-60<\/td>\n<\/tr>\n<tr>\n<td>Rated short-time withstand current<\/td>\n<td>kA 1 s.<\/td>\n<td>22-42-45<\/td>\n<td colspan=\"2\">25-31.5-40<\/td>\n<\/tr>\n<tr>\n<td>Peak current<\/td>\n<td>kA<\/td>\n<td>3 cy.: 50.6-96.6-149.5<\/td>\n<td colspan=\"2\">10 cy.: 67.5-85-108<\/td>\n<\/tr>\n<tr>\n<td>Rated current<\/td>\n<td>A<\/td>\n<td>1200&#8230;4000<\/td>\n<td colspan=\"2\">1200&#8230;3000<\/td>\n<\/tr>\n<\/tbody>\n<\/table>\n[\/mk_table][mk_fancy_title color=&#8221;#000000&#8243; size=&#8221;20&#8243; font_weight=&#8221;400&#8243; txt_transform=&#8221;none&#8221; letter_spacing=&#8221;1&#8243; margin_bottom=&#8221;0&#8243; font_family=&#8221;none&#8221; responsive_align=&#8221;left&#8221;]Download(s):[\/mk_fancy_title][mk_button dimension=&#8221;two&#8221; corner_style=&#8221;rounded&#8221; icon=&#8221;mk-icon-file-pdf-o&#8221; url=&#8221;\/wp-content\/uploads\/2019\/09\/busduct-en-flyer-v1.pdf&#8221; target=&#8221;_blank&#8221; margin_bottom=&#8221;50&#8243;]Bus duct Flyer (1.5 MB)[\/mk_button][mk_padding_divider size=&#8221;10&#8243;][\/vc_column][\/vc_row][vc_row][vc_column][mk_padding_divider size=&#8221;80&#8243;][\/vc_column][\/vc_row]\n<\/div>","protected":false},"excerpt":{"rendered":"<p>[mk_page_section bg_color=&#8221;#1b3876&#8243; bg_position=&#8221;center bottom&#8221; bg_stretch=&#8221;true&#8221; enable_3d=&#8221;true&#8221; bg_gradient=&#8221;left_top&#8221; video_color_mask=&#8221;#002e8c&#8221; gr_end=&#8221;rgba(0,0,0,0.17)&#8221; video_opacity=&#8221;0.8&#8243; top_shape_color=&#8221;#ffffff&#8221; has_bottom_shape_divider=&#8221;true&#8221; bottom_shape_size=&#8221;small&#8221; bottom_shape_color=&#8221;#ffffff&#8221; el_class=&#8221;custom-jueves-gradient-bg&#8221; sidebar=&#8221;sidebar-1&#8243;][vc_column][mk_padding_divider size=&#8221;100&#8243; visibility=&#8221;hidden-sm&#8221;][mk_padding_divider size=&#8221;60&#8243;][mk_fancy_title tag_name=&#8221;h1&#8243; color=&#8221;#ffffff&#8221; size=&#8221;24&#8243; force_font_size=&#8221;true&#8221; size_tablet=&#8221;15&#8243; size_phone=&#8221;15&#8243; font_weight=&#8221;400&#8243; font_style=&#8221;normal&#8221; txt_transform=&#8221;uppercase&#8221; letter_spacing=&#8221;6.7&#8243; margin_bottom=&#8221;0&#8243; font_family=&#8221;Montserrat&#8221; font_type=&#8221;google&#8221; animation=&#8221;left-to-right&#8221;]Metal-Enclosed Bust Duct System[\/mk_fancy_title][mk_divider style=&#8221;thin_solid&#8221; divider_width=&#8221;one_fourth&#8221; align=&#8221;left&#8221; thin_single_color=&#8221;#0ea2dc&#8221; thickness=&#8221;7&#8243; margin_top=&#8221;0&#8243; margin_bottom=&#8221;0&#8243; visibility=&#8221;hidden-sm&#8221;][\/vc_column][\/mk_page_section][vc_row css=&#8221;.vc_custom_1555345864766{padding-top: 75px !important;}&#8221;][vc_column][vc_row_inner][vc_column_inner width=&#8221;1\/2&#8243;][mk_fancy_title color=&#8221;#000000&#8243; size=&#8221;18&#8243; font_weight=&#8221;400&#8243; txt_transform=&#8221;none&#8221; letter_spacing=&#8221;1&#8243; margin_bottom=&#8221;0&#8243; font_family=&#8221;none&#8221; [&hellip;]<\/p>\n","protected":false},"author":1,"featured_media":0,"parent":0,"menu_order":-770,"comment_status":"closed","ping_status":"closed","template":"","meta":{"inline_featured_image":false,"footnotes":""},"class_list":["post-9188","page","type-page","status-publish","hentry"],"yoast_head":"<!-- This site is optimized with the Yoast SEO plugin v25.7 - https:\/\/yoast.com\/wordpress\/plugins\/seo\/ -->\n<title>Metal-Enclosed Bus Duct System - Grimard<\/title>\n<meta name=\"robots\" content=\"index, follow, max-snippet:-1, max-image-preview:large, max-video-preview:-1\" \/>\n<link rel=\"canonical\" href=\"https:\/\/www.grimard.ca\/en\/metal-enclosed-bus-duct-system\/\" \/>\n<meta property=\"og:locale\" content=\"en_US\" \/>\n<meta property=\"og:type\" content=\"article\" \/>\n<meta property=\"og:title\" content=\"Metal-Enclosed Bus Duct System - Grimard\" \/>\n<meta property=\"og:description\" content=\"[mk_page_section bg_color=&#8221;#1b3876&#8243; bg_position=&#8221;center bottom&#8221; bg_stretch=&#8221;true&#8221; enable_3d=&#8221;true&#8221; bg_gradient=&#8221;left_top&#8221; video_color_mask=&#8221;#002e8c&#8221; gr_end=&#8221;rgba(0,0,0,0.17)&#8221; video_opacity=&#8221;0.8&#8243; top_shape_color=&#8221;#ffffff&#8221; has_bottom_shape_divider=&#8221;true&#8221; bottom_shape_size=&#8221;small&#8221; bottom_shape_color=&#8221;#ffffff&#8221; el_class=&#8221;custom-jueves-gradient-bg&#8221; sidebar=&#8221;sidebar-1&#8243;][vc_column][mk_padding_divider size=&#8221;100&#8243; visibility=&#8221;hidden-sm&#8221;][mk_padding_divider size=&#8221;60&#8243;][mk_fancy_title tag_name=&#8221;h1&#8243; color=&#8221;#ffffff&#8221; size=&#8221;24&#8243; force_font_size=&#8221;true&#8221; size_tablet=&#8221;15&#8243; size_phone=&#8221;15&#8243; font_weight=&#8221;400&#8243; font_style=&#8221;normal&#8221; txt_transform=&#8221;uppercase&#8221; letter_spacing=&#8221;6.7&#8243; margin_bottom=&#8221;0&#8243; font_family=&#8221;Montserrat&#8221; font_type=&#8221;google&#8221; animation=&#8221;left-to-right&#8221;]Metal-Enclosed Bust Duct System[\/mk_fancy_title][mk_divider style=&#8221;thin_solid&#8221; divider_width=&#8221;one_fourth&#8221; align=&#8221;left&#8221; thin_single_color=&#8221;#0ea2dc&#8221; thickness=&#8221;7&#8243; margin_top=&#8221;0&#8243; margin_bottom=&#8221;0&#8243; visibility=&#8221;hidden-sm&#8221;][\/vc_column][\/mk_page_section][vc_row css=&#8221;.vc_custom_1555345864766{padding-top: 75px !important;}&#8221;][vc_column][vc_row_inner][vc_column_inner width=&#8221;1\/2&#8243;][mk_fancy_title color=&#8221;#000000&#8243; size=&#8221;18&#8243; font_weight=&#8221;400&#8243; txt_transform=&#8221;none&#8221; letter_spacing=&#8221;1&#8243; margin_bottom=&#8221;0&#8243; font_family=&#8221;none&#8221; [&hellip;]\" \/>\n<meta property=\"og:url\" content=\"https:\/\/www.grimard.ca\/en\/metal-enclosed-bus-duct-system\/\" \/>\n<meta property=\"og:site_name\" content=\"Grimard\" \/>\n<meta property=\"article:publisher\" content=\"https:\/\/fr-ca.facebook.com\/people\/Grimard\/100063995642625\/\" \/>\n<meta property=\"article:modified_time\" content=\"2019-09-23T19:05:01+00:00\" \/>\n<meta property=\"og:image\" content=\"https:\/\/www.grimard.ca\/wp-content\/uploads\/2023\/01\/capture-decran-2023-01-16-142249.png\" \/>\n\t<meta property=\"og:image:width\" content=\"1900\" \/>\n\t<meta property=\"og:image:height\" content=\"895\" \/>\n\t<meta property=\"og:image:type\" content=\"image\/png\" \/>\n<meta name=\"twitter:card\" content=\"summary_large_image\" \/>\n<meta name=\"twitter:site\" content=\"@grimard_product\" \/>\n<meta name=\"twitter:label1\" content=\"Est. reading time\" \/>\n\t<meta name=\"twitter:data1\" content=\"2 minutes\" \/>\n<script type=\"application\/ld+json\" class=\"yoast-schema-graph\">{\"@context\":\"https:\/\/schema.org\",\"@graph\":[{\"@type\":\"WebPage\",\"@id\":\"https:\/\/www.grimard.ca\/en\/metal-enclosed-bus-duct-system\/\",\"url\":\"https:\/\/www.grimard.ca\/en\/metal-enclosed-bus-duct-system\/\",\"name\":\"Metal-Enclosed Bus Duct System - Grimard\",\"isPartOf\":{\"@id\":\"https:\/\/www.grimard.ca\/#website\"},\"datePublished\":\"2019-05-09T15:42:59+00:00\",\"dateModified\":\"2019-09-23T19:05:01+00:00\",\"breadcrumb\":{\"@id\":\"https:\/\/www.grimard.ca\/en\/metal-enclosed-bus-duct-system\/#breadcrumb\"},\"inLanguage\":\"en-US\",\"potentialAction\":[{\"@type\":\"ReadAction\",\"target\":[\"https:\/\/www.grimard.ca\/en\/metal-enclosed-bus-duct-system\/\"]}]},{\"@type\":\"BreadcrumbList\",\"@id\":\"https:\/\/www.grimard.ca\/en\/metal-enclosed-bus-duct-system\/#breadcrumb\",\"itemListElement\":[{\"@type\":\"ListItem\",\"position\":1,\"name\":\"Accueil\",\"item\":\"https:\/\/www.grimard.ca\/en\/\"},{\"@type\":\"ListItem\",\"position\":2,\"name\":\"Metal-Enclosed Bus Duct System\"}]},{\"@type\":\"WebSite\",\"@id\":\"https:\/\/www.grimard.ca\/#website\",\"url\":\"https:\/\/www.grimard.ca\/\",\"name\":\"Grimard\",\"description\":\"\u00c9lectricit\u00e9, T\u00e9l\u00e9communication, Appareillage \u00e9lectrique\",\"potentialAction\":[{\"@type\":\"SearchAction\",\"target\":{\"@type\":\"EntryPoint\",\"urlTemplate\":\"https:\/\/www.grimard.ca\/?s={search_term_string}\"},\"query-input\":{\"@type\":\"PropertyValueSpecification\",\"valueRequired\":true,\"valueName\":\"search_term_string\"}}],\"inLanguage\":\"en-US\"}]}<\/script>\n<!-- \/ Yoast SEO plugin. -->","yoast_head_json":{"title":"Metal-Enclosed Bus Duct System - Grimard","robots":{"index":"index","follow":"follow","max-snippet":"max-snippet:-1","max-image-preview":"max-image-preview:large","max-video-preview":"max-video-preview:-1"},"canonical":"https:\/\/www.grimard.ca\/en\/metal-enclosed-bus-duct-system\/","og_locale":"en_US","og_type":"article","og_title":"Metal-Enclosed Bus Duct System - Grimard","og_description":"[mk_page_section bg_color=&#8221;#1b3876&#8243; bg_position=&#8221;center bottom&#8221; bg_stretch=&#8221;true&#8221; enable_3d=&#8221;true&#8221; bg_gradient=&#8221;left_top&#8221; video_color_mask=&#8221;#002e8c&#8221; gr_end=&#8221;rgba(0,0,0,0.17)&#8221; video_opacity=&#8221;0.8&#8243; top_shape_color=&#8221;#ffffff&#8221; has_bottom_shape_divider=&#8221;true&#8221; bottom_shape_size=&#8221;small&#8221; bottom_shape_color=&#8221;#ffffff&#8221; el_class=&#8221;custom-jueves-gradient-bg&#8221; sidebar=&#8221;sidebar-1&#8243;][vc_column][mk_padding_divider size=&#8221;100&#8243; visibility=&#8221;hidden-sm&#8221;][mk_padding_divider size=&#8221;60&#8243;][mk_fancy_title tag_name=&#8221;h1&#8243; color=&#8221;#ffffff&#8221; size=&#8221;24&#8243; force_font_size=&#8221;true&#8221; size_tablet=&#8221;15&#8243; size_phone=&#8221;15&#8243; font_weight=&#8221;400&#8243; font_style=&#8221;normal&#8221; txt_transform=&#8221;uppercase&#8221; letter_spacing=&#8221;6.7&#8243; margin_bottom=&#8221;0&#8243; font_family=&#8221;Montserrat&#8221; font_type=&#8221;google&#8221; animation=&#8221;left-to-right&#8221;]Metal-Enclosed Bust Duct System[\/mk_fancy_title][mk_divider style=&#8221;thin_solid&#8221; divider_width=&#8221;one_fourth&#8221; align=&#8221;left&#8221; thin_single_color=&#8221;#0ea2dc&#8221; thickness=&#8221;7&#8243; margin_top=&#8221;0&#8243; margin_bottom=&#8221;0&#8243; visibility=&#8221;hidden-sm&#8221;][\/vc_column][\/mk_page_section][vc_row css=&#8221;.vc_custom_1555345864766{padding-top: 75px !important;}&#8221;][vc_column][vc_row_inner][vc_column_inner width=&#8221;1\/2&#8243;][mk_fancy_title color=&#8221;#000000&#8243; size=&#8221;18&#8243; font_weight=&#8221;400&#8243; txt_transform=&#8221;none&#8221; letter_spacing=&#8221;1&#8243; margin_bottom=&#8221;0&#8243; font_family=&#8221;none&#8221; [&hellip;]","og_url":"https:\/\/www.grimard.ca\/en\/metal-enclosed-bus-duct-system\/","og_site_name":"Grimard","article_publisher":"https:\/\/fr-ca.facebook.com\/people\/Grimard\/100063995642625\/","article_modified_time":"2019-09-23T19:05:01+00:00","og_image":[{"width":1900,"height":895,"url":"https:\/\/www.grimard.ca\/wp-content\/uploads\/2023\/01\/capture-decran-2023-01-16-142249.png","type":"image\/png"}],"twitter_card":"summary_large_image","twitter_site":"@grimard_product","twitter_misc":{"Est. reading time":"2 minutes"},"schema":{"@context":"https:\/\/schema.org","@graph":[{"@type":"WebPage","@id":"https:\/\/www.grimard.ca\/en\/metal-enclosed-bus-duct-system\/","url":"https:\/\/www.grimard.ca\/en\/metal-enclosed-bus-duct-system\/","name":"Metal-Enclosed Bus Duct System - Grimard","isPartOf":{"@id":"https:\/\/www.grimard.ca\/#website"},"datePublished":"2019-05-09T15:42:59+00:00","dateModified":"2019-09-23T19:05:01+00:00","breadcrumb":{"@id":"https:\/\/www.grimard.ca\/en\/metal-enclosed-bus-duct-system\/#breadcrumb"},"inLanguage":"en-US","potentialAction":[{"@type":"ReadAction","target":["https:\/\/www.grimard.ca\/en\/metal-enclosed-bus-duct-system\/"]}]},{"@type":"BreadcrumbList","@id":"https:\/\/www.grimard.ca\/en\/metal-enclosed-bus-duct-system\/#breadcrumb","itemListElement":[{"@type":"ListItem","position":1,"name":"Accueil","item":"https:\/\/www.grimard.ca\/en\/"},{"@type":"ListItem","position":2,"name":"Metal-Enclosed Bus Duct System"}]},{"@type":"WebSite","@id":"https:\/\/www.grimard.ca\/#website","url":"https:\/\/www.grimard.ca\/","name":"Grimard","description":"\u00c9lectricit\u00e9, T\u00e9l\u00e9communication, Appareillage \u00e9lectrique","potentialAction":[{"@type":"SearchAction","target":{"@type":"EntryPoint","urlTemplate":"https:\/\/www.grimard.ca\/?s={search_term_string}"},"query-input":{"@type":"PropertyValueSpecification","valueRequired":true,"valueName":"search_term_string"}}],"inLanguage":"en-US"}]}},"_links":{"self":[{"href":"https:\/\/www.grimard.ca\/en\/wp-json\/wp\/v2\/pages\/9188","targetHints":{"allow":["GET"]}}],"collection":[{"href":"https:\/\/www.grimard.ca\/en\/wp-json\/wp\/v2\/pages"}],"about":[{"href":"https:\/\/www.grimard.ca\/en\/wp-json\/wp\/v2\/types\/page"}],"author":[{"embeddable":true,"href":"https:\/\/www.grimard.ca\/en\/wp-json\/wp\/v2\/users\/1"}],"replies":[{"embeddable":true,"href":"https:\/\/www.grimard.ca\/en\/wp-json\/wp\/v2\/comments?post=9188"}],"version-history":[{"count":8,"href":"https:\/\/www.grimard.ca\/en\/wp-json\/wp\/v2\/pages\/9188\/revisions"}],"predecessor-version":[{"id":9207,"href":"https:\/\/www.grimard.ca\/en\/wp-json\/wp\/v2\/pages\/9188\/revisions\/9207"}],"wp:attachment":[{"href":"https:\/\/www.grimard.ca\/en\/wp-json\/wp\/v2\/media?parent=9188"}],"curies":[{"name":"wp","href":"https:\/\/api.w.org\/{rel}","templated":true}]}}