{"id":9170,"date":"2019-05-09T10:56:51","date_gmt":"2019-05-09T14:56:51","guid":{"rendered":"http:\/\/grimard.webloft.info\/appareillage-moyenne-tension\/"},"modified":"2019-10-08T17:32:53","modified_gmt":"2019-10-08T21:32:53","slug":"medium-voltage-switchgear","status":"publish","type":"page","link":"https:\/\/www.grimard.ca\/en\/medium-voltage-switchgear\/","title":{"rendered":"Medium-voltage Switchgear"},"content":{"rendered":"<div class=\"wpb-content-wrapper\">[mk_page_section bg_color=&#8221;#1b3876&#8243; bg_position=&#8221;center bottom&#8221; bg_stretch=&#8221;true&#8221; enable_3d=&#8221;true&#8221; bg_gradient=&#8221;left_top&#8221; video_color_mask=&#8221;#002e8c&#8221; gr_end=&#8221;rgba(0,0,0,0.17)&#8221; video_opacity=&#8221;0.8&#8243; top_shape_color=&#8221;#ffffff&#8221; has_bottom_shape_divider=&#8221;true&#8221; bottom_shape_size=&#8221;small&#8221; bottom_shape_color=&#8221;#ffffff&#8221; el_class=&#8221;custom-jueves-gradient-bg&#8221; sidebar=&#8221;sidebar-1&#8243;][vc_column][mk_padding_divider size=&#8221;100&#8243; visibility=&#8221;hidden-sm&#8221;][mk_padding_divider size=&#8221;75&#8243;][mk_fancy_title tag_name=&#8221;h1&#8243; color=&#8221;#ffffff&#8221; size=&#8221;24&#8243; force_font_size=&#8221;true&#8221; size_tablet=&#8221;15&#8243; size_phone=&#8221;15&#8243; line_height=&#8221;0&#8243; font_weight=&#8221;400&#8243; font_style=&#8221;normal&#8221; txt_transform=&#8221;uppercase&#8221; letter_spacing=&#8221;6.7&#8243; margin_bottom=&#8221;0&#8243; font_family=&#8221;Montserrat&#8221; font_type=&#8221;google&#8221; animation=&#8221;left-to-right&#8221;]MEDIUM-VOLTAGE SWITCHGEAR[\/mk_fancy_title][mk_divider style=&#8221;thin_solid&#8221; divider_width=&#8221;one_fourth&#8221; align=&#8221;left&#8221; thin_single_color=&#8221;#0ea2dc&#8221; thickness=&#8221;7&#8243; margin_top=&#8221;0&#8243; margin_bottom=&#8221;0&#8243; visibility=&#8221;hidden-sm&#8221;][\/vc_column][\/mk_page_section][vc_row css=&#8221;.vc_custom_1555345864766{padding-top: 75px !important;}&#8221;][vc_column][vc_row_inner][vc_column_inner width=&#8221;1\/2&#8243;][mk_fancy_title tag_name=&#8221;h1&#8243; color=&#8221;#000000&#8243; size=&#8221;28&#8243; force_font_size=&#8221;true&#8221; size_tablet=&#8221;20&#8243; size_phone=&#8221;20&#8243; font_weight=&#8221;400&#8243; txt_transform=&#8221;none&#8221; letter_spacing=&#8221;2.4&#8243; margin_bottom=&#8221;0&#8243; font_family=&#8221;none&#8221; responsive_align=&#8221;left&#8221;]SafeClad[\/mk_fancy_title][mk_fancy_title color=&#8221;#000000&#8243; size=&#8221;18&#8243; font_weight=&#8221;400&#8243; txt_transform=&#8221;none&#8221; letter_spacing=&#8221;1&#8243; margin_bottom=&#8221;0&#8243; font_family=&#8221;none&#8221; responsive_align=&#8221;left&#8221;]5-15 kV Arc-resistant metal-clad switchgear[\/mk_fancy_title][mk_divider style=&#8221;thin_solid&#8221; divider_width=&#8221;custom_width&#8221; custom_width=&#8221;70&#8243; align=&#8221;left&#8221; thin_single_color=&#8221;#a9a9a9&#8243; thickness=&#8221;7&#8243; margin_top=&#8221;0&#8243; margin_bottom=&#8221;40&#8243;][vc_column_text css=&#8221;.vc_custom_1568930189567{margin-bottom: 0px !important;}&#8221;]SafeClad is a medium-voltage metal-clad switchgear that meets the high requirements of power producers and the manufacturing and institutional industries. Type 2BC\u2014the ultimate personal protection level\u2014provides protection on each side, with the control compartment door opened, for a fast return to service after an incident. It is possible to add additional survivability equipment between adjacent compartments.[\/vc_column_text][\/vc_column_inner][vc_column_inner width=&#8221;1\/2&#8243;][mk_image_slideshow images=&#8221;8562,8563&#8243; image_width=&#8221;500&#8243; image_height=&#8221;500&#8243; margin_bottom=&#8221;50&#8243; slideshow_speed=&#8221;2000&#8243;][\/vc_column_inner][\/vc_row_inner][mk_table]\n<table width=\"100%\">\n<thead>\n<tr>\n<th colspan=\"4\">General features of SafeClad switchgear:<\/th>\n<\/tr>\n<\/thead>\n<tbody>\n<tr>\n<td><\/td>\n<td><\/td>\n<td>Rated voltage<br \/>\n5 kV<\/td>\n<td>Rated voltage<br \/>\n15 kV<\/td>\n<\/tr>\n<tr>\n<td>Test voltage at power frequency<\/td>\n<td>kV 1 min<\/td>\n<td>19<\/td>\n<td>36<\/td>\n<\/tr>\n<tr>\n<td>Impulse withstand voltage<\/td>\n<td>kV<\/td>\n<td>60<\/td>\n<td>95<\/td>\n<\/tr>\n<tr>\n<td>Rated frequency<\/td>\n<td>Hz<\/td>\n<td>60<\/td>\n<td>60<\/td>\n<\/tr>\n<tr>\n<td>Rated short-time withstand current<\/td>\n<td>kA 1 s.<\/td>\n<td colspan=\"2\">12.5 &#8211; 25 &#8211; 31.5 &#8211; 40<\/td>\n<\/tr>\n<tr>\n<td>Peak current<\/td>\n<td>kA 10 cy.<\/td>\n<td colspan=\"2\">33.75 &#8211; 67.5 &#8211; 85 &#8211; 108<\/td>\n<\/tr>\n<tr>\n<td>Arc-resistant accessibility type<\/td>\n<td>IEEE C37.20.7<\/td>\n<td colspan=\"2\">2BC<\/td>\n<\/tr>\n<tr>\n<td>Internal arc withstand current<\/td>\n<td>kA<\/td>\n<td colspan=\"2\">12.5 &#8211; 25 &#8211; 31.5 &#8211; 40<\/td>\n<\/tr>\n<tr>\n<td>Internal arc withstand duration<\/td>\n<td>sec.<\/td>\n<td colspan=\"2\">0.5 &#8211; 1.0<\/td>\n<\/tr>\n<tr>\n<td>Main busbar rated current<\/td>\n<td>A<\/td>\n<td colspan=\"2\">1200 &#8211; 2000 &#8211; 3000<\/td>\n<\/tr>\n<tr>\n<td>Rated current of the branch connections<\/td>\n<td>A<\/td>\n<td colspan=\"2\">1200 &#8211; 2000 &#8211; 3000<\/td>\n<\/tr>\n<\/tbody>\n<\/table>\n[\/mk_table][mk_fancy_title color=&#8221;#000000&#8243; size=&#8221;20&#8243; font_weight=&#8221;400&#8243; txt_transform=&#8221;none&#8221; letter_spacing=&#8221;1&#8243; margin_bottom=&#8221;0&#8243; font_family=&#8221;none&#8221; responsive_align=&#8221;left&#8221;]Download(s):[\/mk_fancy_title][mk_button dimension=&#8221;two&#8221; corner_style=&#8221;rounded&#8221; icon=&#8221;mk-icon-file-pdf-o&#8221; url=&#8221;\/wp-content\/uploads\/2019\/05\/safeclad-en-flyer-v1.pdf&#8221; target=&#8221;_blank&#8221; margin_bottom=&#8221;50&#8243;]SafeClad Flyer (1.51 MB)[\/mk_button][mk_button dimension=&#8221;two&#8221; corner_style=&#8221;rounded&#8221; icon=&#8221;mk-icon-file-pdf-o&#8221; url=&#8221;\/wp-content\/uploads\/2019\/05\/arc-arrestor-en-flyer-v1.pdf&#8221; target=&#8221;_blank&#8221; margin_bottom=&#8221;50&#8243;]Arc Arrestor Flyer (1 MB)[\/mk_button][mk_button dimension=&#8221;two&#8221; corner_style=&#8221;rounded&#8221; icon=&#8221;mk-icon-file-pdf-o&#8221; url=&#8221;https:\/\/youtu.be\/5BdH7f9nN08&#8243; target=&#8221;_blank&#8221; margin_bottom=&#8221;50&#8243;]Video of Arc Arrestor Technology (YouTube)[\/mk_button][mk_padding_divider size=&#8221;10&#8243;][mk_divider style=&#8221;single_dotted&#8221; margin_top=&#8221;10&#8243; margin_bottom=&#8221;0&#8243;][\/vc_column][\/vc_row][vc_row css=&#8221;.vc_custom_1555345864766{padding-top: 75px !important;}&#8221;][vc_column][vc_row_inner][vc_column_inner width=&#8221;1\/2&#8243;][mk_fancy_title tag_name=&#8221;h1&#8243; color=&#8221;#000000&#8243; size=&#8221;28&#8243; force_font_size=&#8221;true&#8221; size_tablet=&#8221;20&#8243; size_phone=&#8221;20&#8243; font_weight=&#8221;400&#8243; txt_transform=&#8221;none&#8221; letter_spacing=&#8221;2.4&#8243; margin_bottom=&#8221;0&#8243; font_family=&#8221;none&#8221; responsive_align=&#8221;left&#8221;]SafeClad-WS[\/mk_fancy_title][mk_fancy_title color=&#8221;#000000&#8243; size=&#8221;18&#8243; font_weight=&#8221;400&#8243; txt_transform=&#8221;none&#8221; letter_spacing=&#8221;1&#8243; margin_bottom=&#8221;0&#8243; font_family=&#8221;none&#8221; responsive_align=&#8221;left&#8221;]15-27 kV space-efficient arc-resistant metal-clad switchgear[\/mk_fancy_title][mk_divider style=&#8221;thin_solid&#8221; divider_width=&#8221;custom_width&#8221; custom_width=&#8221;70&#8243; align=&#8221;left&#8221; thin_single_color=&#8221;#a9a9a9&#8243; thickness=&#8221;7&#8243; margin_top=&#8221;0&#8243; margin_bottom=&#8221;40&#8243;][vc_column_text css=&#8221;.vc_custom_1568991304672{margin-bottom: 0px !important;}&#8221;]Our SafeClad-WS medium-voltage internal arc-resistant metal-clad switchgear provides the ideal solution for industries with space constraints, without compromising safety and reliability. Thanks to its modular design, wall-standing arrangement and compact dimensions, this switchgear fits into small spaces, without the need for costly sealed SF6 gas-insulated enclosures (GIS).[\/vc_column_text][\/vc_column_inner][vc_column_inner width=&#8221;1\/2&#8243;][mk_image_slideshow images=&#8221;8570,8563&#8243; image_width=&#8221;500&#8243; image_height=&#8221;500&#8243; margin_bottom=&#8221;50&#8243; slideshow_speed=&#8221;2000&#8243;][\/vc_column_inner][\/vc_row_inner][mk_table]\n<p>&nbsp;<\/p>\n<table width=\"100%\">\n<thead>\n<tr>\n<th colspan=\"4\">General features of SafeClad-WS switchgear:<\/th>\n<\/tr>\n<\/thead>\n<tbody>\n<tr>\n<td><\/td>\n<td><\/td>\n<td>Rated voltage<br \/>\n15 kV<\/td>\n<td>Rated Voltage<br \/>\n27 kV<\/td>\n<\/tr>\n<tr>\n<td>Test voltage at power frequency<\/td>\n<td>kV 1 min<\/td>\n<td>36<\/td>\n<td>60<\/td>\n<\/tr>\n<tr>\n<td>Impulse withstand voltage<\/td>\n<td>kV<\/td>\n<td>95<\/td>\n<td>125<\/td>\n<\/tr>\n<tr>\n<td>Rated frequency<\/td>\n<td>Hz<\/td>\n<td>50-60<\/td>\n<td>50-60<\/td>\n<\/tr>\n<tr>\n<td>Rated short-time withstand current<\/td>\n<td>kA 2 s<\/td>\n<td>25; 31.5<\/td>\n<td>25<\/td>\n<\/tr>\n<tr>\n<td>Peak current<\/td>\n<td>kA\u00a010 cy.<\/td>\n<td>65; 82<\/td>\n<td>65<\/td>\n<\/tr>\n<tr>\n<td>Internal arc withstand current<\/td>\n<td>kA 0.5 s<\/td>\n<td>25; 31.5<\/td>\n<td>25<\/td>\n<\/tr>\n<tr>\n<td>Dur\u00e9e de tenue \u00e0 l&#8217;arc<\/td>\n<td>sec.<\/td>\n<td>0.5<\/td>\n<td><\/td>\n<\/tr>\n<tr>\n<td>Main busbar rated current<\/td>\n<td>A<\/td>\n<td>1200; 2000<\/td>\n<td>1200<\/td>\n<\/tr>\n<tr>\n<td>Rated current of the branch connections<\/td>\n<td>A<\/td>\n<td>1200; 2000<\/td>\n<td>1200<\/td>\n<\/tr>\n<tr>\n<td><\/td>\n<td><\/td>\n<td><\/td>\n<td><\/td>\n<\/tr>\n<\/tbody>\n<\/table>\n[\/mk_table][mk_fancy_title color=&#8221;#000000&#8243; size=&#8221;20&#8243; font_weight=&#8221;400&#8243; txt_transform=&#8221;none&#8221; letter_spacing=&#8221;1&#8243; margin_bottom=&#8221;0&#8243; font_family=&#8221;none&#8221; responsive_align=&#8221;left&#8221;]Download(s):[\/mk_fancy_title][mk_button dimension=&#8221;two&#8221; corner_style=&#8221;rounded&#8221; icon=&#8221;mk-icon-file-pdf-o&#8221; url=&#8221;\/wp-content\/uploads\/2019\/05\/safeclad-ws-en-flyer-v3.pdf&#8221; target=&#8221;_blank&#8221; margin_bottom=&#8221;50&#8243;]SafeClad-WS Flyer (1.95 MB)[\/mk_button][mk_button dimension=&#8221;two&#8221; corner_style=&#8221;rounded&#8221; icon=&#8221;mk-icon-file-pdf-o&#8221; url=&#8221;\/wp-content\/uploads\/2019\/09\/brochure-arc-arrestor.pdf&#8221; target=&#8221;_blank&#8221; margin_bottom=&#8221;50&#8243;]Arc Arrestor Flyer (1.41 MB)[\/mk_button][mk_button dimension=&#8221;two&#8221; corner_style=&#8221;rounded&#8221; icon=&#8221;mk-icon-file-pdf-o&#8221; url=&#8221;https:\/\/youtu.be\/5BdH7f9nN08&#8243; target=&#8221;_blank&#8221; margin_bottom=&#8221;50&#8243;]Video Arc Arrestor Technology (YouTube)[\/mk_button][mk_padding_divider size=&#8221;10&#8243;][mk_divider style=&#8221;single_dotted&#8221; margin_top=&#8221;10&#8243; margin_bottom=&#8221;0&#8243;][\/vc_column][\/vc_row][vc_row][vc_column][mk_padding_divider size=&#8221;80&#8243;][\/vc_column][\/vc_row][vc_row fullwidth=&#8221;true&#8221; fullwidth_content=&#8221;false&#8221; css=&#8221;.vc_custom_1551328167883{padding-top: 75px !important;padding-bottom: 75px !important;background-color: #efefef !important;}&#8221; el_class=&#8221;realisation-widget&#8221;][vc_column][mk_fancy_title tag_name=&#8221;span&#8221; color=&#8221;#3d4045&#8243; size=&#8221;24&#8243; force_font_size=&#8221;true&#8221; size_tablet=&#8221;15&#8243; size_phone=&#8221;15&#8243; line_height=&#8221;0&#8243; font_weight=&#8221;400&#8243; font_style=&#8221;normal&#8221; txt_transform=&#8221;uppercase&#8221; letter_spacing=&#8221;6.7&#8243; margin_bottom=&#8221;15&#8243; font_family=&#8221;Montserrat&#8221; font_type=&#8221;google&#8221; animation=&#8221;left-to-right&#8221;]Portfolio[\/mk_fancy_title][mk_divider style=&#8221;thin_solid&#8221; divider_width=&#8221;custom_width&#8221; custom_width=&#8221;70&#8243; align=&#8221;left&#8221; thin_single_color=&#8221;#10238c&#8221; thickness=&#8221;7&#8243; margin_top=&#8221;0&#8243; margin_bottom=&#8221;25&#8243;][mk_portfolio height=&#8221;200&#8243; column=&#8221;2&#8243; meta_type=&#8221;none&#8221; zoom_icon=&#8221;false&#8221; count=&#8221;2&#8243; sortable=&#8221;false&#8221; pagination=&#8221;false&#8221; posts=&#8221;8414&#8243;][\/vc_column][\/vc_row]\n<\/div>","protected":false},"excerpt":{"rendered":"<p>[mk_page_section bg_color=&#8221;#1b3876&#8243; bg_position=&#8221;center bottom&#8221; bg_stretch=&#8221;true&#8221; enable_3d=&#8221;true&#8221; bg_gradient=&#8221;left_top&#8221; video_color_mask=&#8221;#002e8c&#8221; gr_end=&#8221;rgba(0,0,0,0.17)&#8221; video_opacity=&#8221;0.8&#8243; top_shape_color=&#8221;#ffffff&#8221; has_bottom_shape_divider=&#8221;true&#8221; bottom_shape_size=&#8221;small&#8221; bottom_shape_color=&#8221;#ffffff&#8221; el_class=&#8221;custom-jueves-gradient-bg&#8221; sidebar=&#8221;sidebar-1&#8243;][vc_column][mk_padding_divider size=&#8221;100&#8243; visibility=&#8221;hidden-sm&#8221;][mk_padding_divider size=&#8221;75&#8243;][mk_fancy_title tag_name=&#8221;h1&#8243; color=&#8221;#ffffff&#8221; size=&#8221;24&#8243; force_font_size=&#8221;true&#8221; size_tablet=&#8221;15&#8243; size_phone=&#8221;15&#8243; line_height=&#8221;0&#8243; font_weight=&#8221;400&#8243; font_style=&#8221;normal&#8221; txt_transform=&#8221;uppercase&#8221; letter_spacing=&#8221;6.7&#8243; margin_bottom=&#8221;0&#8243; font_family=&#8221;Montserrat&#8221; font_type=&#8221;google&#8221; animation=&#8221;left-to-right&#8221;]MEDIUM-VOLTAGE SWITCHGEAR[\/mk_fancy_title][mk_divider style=&#8221;thin_solid&#8221; divider_width=&#8221;one_fourth&#8221; align=&#8221;left&#8221; thin_single_color=&#8221;#0ea2dc&#8221; thickness=&#8221;7&#8243; margin_top=&#8221;0&#8243; margin_bottom=&#8221;0&#8243; visibility=&#8221;hidden-sm&#8221;][\/vc_column][\/mk_page_section][vc_row css=&#8221;.vc_custom_1555345864766{padding-top: 75px !important;}&#8221;][vc_column][vc_row_inner][vc_column_inner width=&#8221;1\/2&#8243;][mk_fancy_title tag_name=&#8221;h1&#8243; color=&#8221;#000000&#8243; size=&#8221;28&#8243; force_font_size=&#8221;true&#8221; size_tablet=&#8221;20&#8243; size_phone=&#8221;20&#8243; font_weight=&#8221;400&#8243; txt_transform=&#8221;none&#8221; [&hellip;]<\/p>\n","protected":false},"author":1,"featured_media":0,"parent":0,"menu_order":-780,"comment_status":"closed","ping_status":"closed","template":"","meta":{"inline_featured_image":false,"footnotes":""},"class_list":["post-9170","page","type-page","status-publish","hentry"],"yoast_head":"<!-- This site is optimized with the Yoast SEO plugin v25.7 - https:\/\/yoast.com\/wordpress\/plugins\/seo\/ -->\n<title>Medium-voltage Switchgear - Grimard<\/title>\n<meta name=\"robots\" content=\"index, follow, max-snippet:-1, max-image-preview:large, max-video-preview:-1\" \/>\n<link rel=\"canonical\" href=\"https:\/\/www.grimard.ca\/en\/medium-voltage-switchgear\/\" \/>\n<meta property=\"og:locale\" content=\"en_US\" \/>\n<meta property=\"og:type\" content=\"article\" \/>\n<meta property=\"og:title\" content=\"Medium-voltage Switchgear - Grimard\" \/>\n<meta property=\"og:description\" content=\"[mk_page_section bg_color=&#8221;#1b3876&#8243; bg_position=&#8221;center bottom&#8221; bg_stretch=&#8221;true&#8221; enable_3d=&#8221;true&#8221; bg_gradient=&#8221;left_top&#8221; video_color_mask=&#8221;#002e8c&#8221; gr_end=&#8221;rgba(0,0,0,0.17)&#8221; video_opacity=&#8221;0.8&#8243; top_shape_color=&#8221;#ffffff&#8221; has_bottom_shape_divider=&#8221;true&#8221; bottom_shape_size=&#8221;small&#8221; bottom_shape_color=&#8221;#ffffff&#8221; el_class=&#8221;custom-jueves-gradient-bg&#8221; sidebar=&#8221;sidebar-1&#8243;][vc_column][mk_padding_divider size=&#8221;100&#8243; visibility=&#8221;hidden-sm&#8221;][mk_padding_divider size=&#8221;75&#8243;][mk_fancy_title tag_name=&#8221;h1&#8243; color=&#8221;#ffffff&#8221; size=&#8221;24&#8243; force_font_size=&#8221;true&#8221; size_tablet=&#8221;15&#8243; size_phone=&#8221;15&#8243; line_height=&#8221;0&#8243; font_weight=&#8221;400&#8243; font_style=&#8221;normal&#8221; txt_transform=&#8221;uppercase&#8221; letter_spacing=&#8221;6.7&#8243; margin_bottom=&#8221;0&#8243; font_family=&#8221;Montserrat&#8221; font_type=&#8221;google&#8221; animation=&#8221;left-to-right&#8221;]MEDIUM-VOLTAGE SWITCHGEAR[\/mk_fancy_title][mk_divider style=&#8221;thin_solid&#8221; divider_width=&#8221;one_fourth&#8221; align=&#8221;left&#8221; thin_single_color=&#8221;#0ea2dc&#8221; thickness=&#8221;7&#8243; margin_top=&#8221;0&#8243; margin_bottom=&#8221;0&#8243; visibility=&#8221;hidden-sm&#8221;][\/vc_column][\/mk_page_section][vc_row css=&#8221;.vc_custom_1555345864766{padding-top: 75px !important;}&#8221;][vc_column][vc_row_inner][vc_column_inner width=&#8221;1\/2&#8243;][mk_fancy_title tag_name=&#8221;h1&#8243; color=&#8221;#000000&#8243; size=&#8221;28&#8243; force_font_size=&#8221;true&#8221; size_tablet=&#8221;20&#8243; size_phone=&#8221;20&#8243; font_weight=&#8221;400&#8243; txt_transform=&#8221;none&#8221; [&hellip;]\" \/>\n<meta property=\"og:url\" content=\"https:\/\/www.grimard.ca\/en\/medium-voltage-switchgear\/\" \/>\n<meta property=\"og:site_name\" content=\"Grimard\" \/>\n<meta property=\"article:publisher\" content=\"https:\/\/fr-ca.facebook.com\/people\/Grimard\/100063995642625\/\" \/>\n<meta property=\"article:modified_time\" content=\"2019-10-08T21:32:53+00:00\" \/>\n<meta property=\"og:image\" content=\"https:\/\/www.grimard.ca\/wp-content\/uploads\/2023\/01\/capture-decran-2023-01-16-142249.png\" \/>\n\t<meta property=\"og:image:width\" content=\"1900\" \/>\n\t<meta property=\"og:image:height\" content=\"895\" \/>\n\t<meta property=\"og:image:type\" content=\"image\/png\" \/>\n<meta name=\"twitter:card\" content=\"summary_large_image\" \/>\n<meta name=\"twitter:site\" content=\"@grimard_product\" \/>\n<meta name=\"twitter:label1\" content=\"Est. reading time\" \/>\n\t<meta name=\"twitter:data1\" content=\"5 minutes\" \/>\n<script type=\"application\/ld+json\" class=\"yoast-schema-graph\">{\"@context\":\"https:\/\/schema.org\",\"@graph\":[{\"@type\":\"WebPage\",\"@id\":\"https:\/\/www.grimard.ca\/en\/medium-voltage-switchgear\/\",\"url\":\"https:\/\/www.grimard.ca\/en\/medium-voltage-switchgear\/\",\"name\":\"Medium-voltage Switchgear - Grimard\",\"isPartOf\":{\"@id\":\"https:\/\/www.grimard.ca\/#website\"},\"datePublished\":\"2019-05-09T14:56:51+00:00\",\"dateModified\":\"2019-10-08T21:32:53+00:00\",\"breadcrumb\":{\"@id\":\"https:\/\/www.grimard.ca\/en\/medium-voltage-switchgear\/#breadcrumb\"},\"inLanguage\":\"en-US\",\"potentialAction\":[{\"@type\":\"ReadAction\",\"target\":[\"https:\/\/www.grimard.ca\/en\/medium-voltage-switchgear\/\"]}]},{\"@type\":\"BreadcrumbList\",\"@id\":\"https:\/\/www.grimard.ca\/en\/medium-voltage-switchgear\/#breadcrumb\",\"itemListElement\":[{\"@type\":\"ListItem\",\"position\":1,\"name\":\"Accueil\",\"item\":\"https:\/\/www.grimard.ca\/en\/\"},{\"@type\":\"ListItem\",\"position\":2,\"name\":\"Medium-voltage Switchgear\"}]},{\"@type\":\"WebSite\",\"@id\":\"https:\/\/www.grimard.ca\/#website\",\"url\":\"https:\/\/www.grimard.ca\/\",\"name\":\"Grimard\",\"description\":\"\u00c9lectricit\u00e9, T\u00e9l\u00e9communication, Appareillage \u00e9lectrique\",\"potentialAction\":[{\"@type\":\"SearchAction\",\"target\":{\"@type\":\"EntryPoint\",\"urlTemplate\":\"https:\/\/www.grimard.ca\/?s={search_term_string}\"},\"query-input\":{\"@type\":\"PropertyValueSpecification\",\"valueRequired\":true,\"valueName\":\"search_term_string\"}}],\"inLanguage\":\"en-US\"}]}<\/script>\n<!-- \/ Yoast SEO plugin. -->","yoast_head_json":{"title":"Medium-voltage Switchgear - Grimard","robots":{"index":"index","follow":"follow","max-snippet":"max-snippet:-1","max-image-preview":"max-image-preview:large","max-video-preview":"max-video-preview:-1"},"canonical":"https:\/\/www.grimard.ca\/en\/medium-voltage-switchgear\/","og_locale":"en_US","og_type":"article","og_title":"Medium-voltage Switchgear - Grimard","og_description":"[mk_page_section bg_color=&#8221;#1b3876&#8243; bg_position=&#8221;center bottom&#8221; bg_stretch=&#8221;true&#8221; enable_3d=&#8221;true&#8221; bg_gradient=&#8221;left_top&#8221; video_color_mask=&#8221;#002e8c&#8221; gr_end=&#8221;rgba(0,0,0,0.17)&#8221; video_opacity=&#8221;0.8&#8243; top_shape_color=&#8221;#ffffff&#8221; has_bottom_shape_divider=&#8221;true&#8221; bottom_shape_size=&#8221;small&#8221; bottom_shape_color=&#8221;#ffffff&#8221; el_class=&#8221;custom-jueves-gradient-bg&#8221; sidebar=&#8221;sidebar-1&#8243;][vc_column][mk_padding_divider size=&#8221;100&#8243; visibility=&#8221;hidden-sm&#8221;][mk_padding_divider size=&#8221;75&#8243;][mk_fancy_title tag_name=&#8221;h1&#8243; color=&#8221;#ffffff&#8221; size=&#8221;24&#8243; force_font_size=&#8221;true&#8221; size_tablet=&#8221;15&#8243; size_phone=&#8221;15&#8243; line_height=&#8221;0&#8243; font_weight=&#8221;400&#8243; font_style=&#8221;normal&#8221; txt_transform=&#8221;uppercase&#8221; letter_spacing=&#8221;6.7&#8243; margin_bottom=&#8221;0&#8243; font_family=&#8221;Montserrat&#8221; font_type=&#8221;google&#8221; animation=&#8221;left-to-right&#8221;]MEDIUM-VOLTAGE SWITCHGEAR[\/mk_fancy_title][mk_divider style=&#8221;thin_solid&#8221; divider_width=&#8221;one_fourth&#8221; align=&#8221;left&#8221; thin_single_color=&#8221;#0ea2dc&#8221; thickness=&#8221;7&#8243; margin_top=&#8221;0&#8243; margin_bottom=&#8221;0&#8243; visibility=&#8221;hidden-sm&#8221;][\/vc_column][\/mk_page_section][vc_row css=&#8221;.vc_custom_1555345864766{padding-top: 75px !important;}&#8221;][vc_column][vc_row_inner][vc_column_inner width=&#8221;1\/2&#8243;][mk_fancy_title tag_name=&#8221;h1&#8243; color=&#8221;#000000&#8243; size=&#8221;28&#8243; force_font_size=&#8221;true&#8221; size_tablet=&#8221;20&#8243; size_phone=&#8221;20&#8243; font_weight=&#8221;400&#8243; txt_transform=&#8221;none&#8221; [&hellip;]","og_url":"https:\/\/www.grimard.ca\/en\/medium-voltage-switchgear\/","og_site_name":"Grimard","article_publisher":"https:\/\/fr-ca.facebook.com\/people\/Grimard\/100063995642625\/","article_modified_time":"2019-10-08T21:32:53+00:00","og_image":[{"width":1900,"height":895,"url":"https:\/\/www.grimard.ca\/wp-content\/uploads\/2023\/01\/capture-decran-2023-01-16-142249.png","type":"image\/png"}],"twitter_card":"summary_large_image","twitter_site":"@grimard_product","twitter_misc":{"Est. reading time":"5 minutes"},"schema":{"@context":"https:\/\/schema.org","@graph":[{"@type":"WebPage","@id":"https:\/\/www.grimard.ca\/en\/medium-voltage-switchgear\/","url":"https:\/\/www.grimard.ca\/en\/medium-voltage-switchgear\/","name":"Medium-voltage Switchgear - Grimard","isPartOf":{"@id":"https:\/\/www.grimard.ca\/#website"},"datePublished":"2019-05-09T14:56:51+00:00","dateModified":"2019-10-08T21:32:53+00:00","breadcrumb":{"@id":"https:\/\/www.grimard.ca\/en\/medium-voltage-switchgear\/#breadcrumb"},"inLanguage":"en-US","potentialAction":[{"@type":"ReadAction","target":["https:\/\/www.grimard.ca\/en\/medium-voltage-switchgear\/"]}]},{"@type":"BreadcrumbList","@id":"https:\/\/www.grimard.ca\/en\/medium-voltage-switchgear\/#breadcrumb","itemListElement":[{"@type":"ListItem","position":1,"name":"Accueil","item":"https:\/\/www.grimard.ca\/en\/"},{"@type":"ListItem","position":2,"name":"Medium-voltage Switchgear"}]},{"@type":"WebSite","@id":"https:\/\/www.grimard.ca\/#website","url":"https:\/\/www.grimard.ca\/","name":"Grimard","description":"\u00c9lectricit\u00e9, T\u00e9l\u00e9communication, Appareillage \u00e9lectrique","potentialAction":[{"@type":"SearchAction","target":{"@type":"EntryPoint","urlTemplate":"https:\/\/www.grimard.ca\/?s={search_term_string}"},"query-input":{"@type":"PropertyValueSpecification","valueRequired":true,"valueName":"search_term_string"}}],"inLanguage":"en-US"}]}},"_links":{"self":[{"href":"https:\/\/www.grimard.ca\/en\/wp-json\/wp\/v2\/pages\/9170","targetHints":{"allow":["GET"]}}],"collection":[{"href":"https:\/\/www.grimard.ca\/en\/wp-json\/wp\/v2\/pages"}],"about":[{"href":"https:\/\/www.grimard.ca\/en\/wp-json\/wp\/v2\/types\/page"}],"author":[{"embeddable":true,"href":"https:\/\/www.grimard.ca\/en\/wp-json\/wp\/v2\/users\/1"}],"replies":[{"embeddable":true,"href":"https:\/\/www.grimard.ca\/en\/wp-json\/wp\/v2\/comments?post=9170"}],"version-history":[{"count":12,"href":"https:\/\/www.grimard.ca\/en\/wp-json\/wp\/v2\/pages\/9170\/revisions"}],"predecessor-version":[{"id":9588,"href":"https:\/\/www.grimard.ca\/en\/wp-json\/wp\/v2\/pages\/9170\/revisions\/9588"}],"wp:attachment":[{"href":"https:\/\/www.grimard.ca\/en\/wp-json\/wp\/v2\/media?parent=9170"}],"curies":[{"name":"wp","href":"https:\/\/api.w.org\/{rel}","templated":true}]}}