{"id":9157,"date":"2019-04-04T15:24:38","date_gmt":"2019-04-04T19:24:38","guid":{"rendered":"http:\/\/grimard.webloft.info\/appareillage-basse-tension\/"},"modified":"2019-10-08T17:30:17","modified_gmt":"2019-10-08T21:30:17","slug":"low-voltage-switchgear","status":"publish","type":"page","link":"https:\/\/www.grimard.ca\/en\/low-voltage-switchgear\/","title":{"rendered":"Low-voltage Switchgear"},"content":{"rendered":"<div class=\"wpb-content-wrapper\">[mk_page_section bg_color=&#8221;#1b3876&#8243; bg_position=&#8221;center bottom&#8221; bg_stretch=&#8221;true&#8221; enable_3d=&#8221;true&#8221; bg_gradient=&#8221;left_top&#8221; video_color_mask=&#8221;#002e8c&#8221; gr_end=&#8221;rgba(0,0,0,0.17)&#8221; video_opacity=&#8221;0.8&#8243; top_shape_color=&#8221;#ffffff&#8221; has_bottom_shape_divider=&#8221;true&#8221; bottom_shape_size=&#8221;small&#8221; bottom_shape_color=&#8221;#ffffff&#8221; el_class=&#8221;custom-jueves-gradient-bg&#8221; sidebar=&#8221;sidebar-1&#8243;][vc_column][mk_padding_divider size=&#8221;100&#8243; visibility=&#8221;hidden-sm&#8221;][mk_padding_divider size=&#8221;75&#8243;][mk_fancy_title tag_name=&#8221;h1&#8243; color=&#8221;#ffffff&#8221; size=&#8221;24&#8243; force_font_size=&#8221;true&#8221; size_tablet=&#8221;15&#8243; size_phone=&#8221;15&#8243; line_height=&#8221;0&#8243; font_weight=&#8221;400&#8243; font_style=&#8221;normal&#8221; txt_transform=&#8221;uppercase&#8221; letter_spacing=&#8221;6.7&#8243; margin_bottom=&#8221;0&#8243; font_family=&#8221;Montserrat&#8221; font_type=&#8221;google&#8221; animation=&#8221;left-to-right&#8221;]LOW-VOLTAGE SWITCHGEAR[\/mk_fancy_title][mk_divider style=&#8221;thin_solid&#8221; divider_width=&#8221;one_fourth&#8221; align=&#8221;left&#8221; thin_single_color=&#8221;#0ea2dc&#8221; thickness=&#8221;7&#8243; margin_top=&#8221;0&#8243; margin_bottom=&#8221;0&#8243; visibility=&#8221;hidden-sm&#8221;][\/vc_column][\/mk_page_section][vc_row css=&#8221;.vc_custom_1555345864766{padding-top: 75px !important;}&#8221;][vc_column][vc_row_inner][vc_column_inner width=&#8221;1\/2&#8243;][mk_fancy_title tag_name=&#8221;h1&#8243; color=&#8221;#000000&#8243; size=&#8221;28&#8243; force_font_size=&#8221;true&#8221; size_tablet=&#8221;20&#8243; size_phone=&#8221;20&#8243; font_weight=&#8221;400&#8243; txt_transform=&#8221;none&#8221; letter_spacing=&#8221;2.4&#8243; margin_bottom=&#8221;0&#8243; font_family=&#8221;none&#8221; responsive_align=&#8221;left&#8221;]MetalGear[\/mk_fancy_title][mk_fancy_title color=&#8221;#000000&#8243; size=&#8221;18&#8243; font_weight=&#8221;400&#8243; txt_transform=&#8221;none&#8221; letter_spacing=&#8221;1&#8243; margin_bottom=&#8221;0&#8243; font_family=&#8221;none&#8221; responsive_align=&#8221;left&#8221;]Low-voltage metal-enclosed switchgear[\/mk_fancy_title][mk_divider style=&#8221;thin_solid&#8221; divider_width=&#8221;custom_width&#8221; custom_width=&#8221;70&#8243; align=&#8221;left&#8221; thin_single_color=&#8221;#a9a9a9&#8243; thickness=&#8221;7&#8243; margin_top=&#8221;0&#8243; margin_bottom=&#8221;40&#8243;][vc_column_text css=&#8221;.vc_custom_1568924796672{margin-bottom: 0px !important;}&#8221;]MetalGear switchgears have been designed to meet the high standards required by energy producers. Moreover, MetalGear is designed for the use of 90\u00b0C cables according to the chart, without the need to oversize them to compensate for bus terminal temperatures, as commonly seen on the market.[\/vc_column_text][\/vc_column_inner][vc_column_inner width=&#8221;1\/2&#8243;][mk_image_slideshow images=&#8221;8539,8540&#8243; image_width=&#8221;500&#8243; image_height=&#8221;500&#8243; margin_bottom=&#8221;50&#8243; slideshow_speed=&#8221;2000&#8243;][\/vc_column_inner][\/vc_row_inner][mk_table]\n<table width=\"100%\">\n<thead>\n<tr>\n<th colspan=\"4\">General features of MetalGear switchgear:<\/th>\n<\/tr>\n<\/thead>\n<tbody>\n<tr>\n<td>Rated insulation voltage<\/td>\n<td>V<\/td>\n<td>635<\/td>\n<\/tr>\n<tr>\n<td>Test voltage at power frequency<\/td>\n<td>kV 1 min<\/td>\n<td>2.2<\/td>\n<\/tr>\n<tr>\n<td>Rated frequency<\/td>\n<td>Hz<\/td>\n<td>50\/60<\/td>\n<\/tr>\n<tr>\n<td>Rated short-time withstand current<\/td>\n<td>kA 1 s.<\/td>\n<td>22 &#8211; 42 &#8211; 65<\/td>\n<\/tr>\n<tr>\n<td>Peak current<\/td>\n<td>kA 3 cy.<\/td>\n<td>&#8230; 149.5<\/td>\n<\/tr>\n<tr>\n<td>Main busbar rated current<\/td>\n<td>A<\/td>\n<td>800&#8230;5000<\/td>\n<\/tr>\n<tr>\n<td>Rated current of the branch connections<\/td>\n<td>A<\/td>\n<td>800&#8230;5000<\/td>\n<\/tr>\n<\/tbody>\n<\/table>\n[\/mk_table][mk_fancy_title color=&#8221;#000000&#8243; size=&#8221;20&#8243; font_weight=&#8221;400&#8243; txt_transform=&#8221;none&#8221; letter_spacing=&#8221;1&#8243; margin_bottom=&#8221;0&#8243; font_family=&#8221;none&#8221; responsive_align=&#8221;left&#8221;]Download(s):[\/mk_fancy_title][mk_button dimension=&#8221;two&#8221; corner_style=&#8221;rounded&#8221; icon=&#8221;mk-icon-file-pdf-o&#8221; url=&#8221;\/wp-content\/uploads\/2019\/04\/metagear-4_0-en-flyer-v1.pdf&#8221; target=&#8221;_blank&#8221; margin_bottom=&#8221;50&#8243;]MetalGear Flyer (1.59 MB)[\/mk_button][mk_padding_divider size=&#8221;10&#8243;][mk_divider style=&#8221;single_dotted&#8221; margin_top=&#8221;10&#8243; margin_bottom=&#8221;0&#8243;][\/vc_column][\/vc_row][vc_row css=&#8221;.vc_custom_1555345864766{padding-top: 75px !important;}&#8221;][vc_column][vc_row_inner][vc_column_inner width=&#8221;1\/2&#8243;][mk_fancy_title tag_name=&#8221;h1&#8243; color=&#8221;#000000&#8243; size=&#8221;28&#8243; force_font_size=&#8221;true&#8221; size_tablet=&#8221;20&#8243; size_phone=&#8221;20&#8243; font_weight=&#8221;400&#8243; txt_transform=&#8221;none&#8221; letter_spacing=&#8221;2.4&#8243; margin_bottom=&#8221;0&#8243; font_family=&#8221;none&#8221; responsive_align=&#8221;left&#8221;]MetalGear-WS[\/mk_fancy_title][mk_fancy_title color=&#8221;#000000&#8243; size=&#8221;18&#8243; font_weight=&#8221;400&#8243; txt_transform=&#8221;none&#8221; letter_spacing=&#8221;1&#8243; margin_bottom=&#8221;0&#8243; font_family=&#8221;none&#8221; responsive_align=&#8221;left&#8221;]Space-efficient low-voltage metal-enclosed switchgear[\/mk_fancy_title][mk_divider style=&#8221;thin_solid&#8221; divider_width=&#8221;custom_width&#8221; custom_width=&#8221;70&#8243; align=&#8221;left&#8221; thin_single_color=&#8221;#a9a9a9&#8243; thickness=&#8221;7&#8243; margin_top=&#8221;0&#8243; margin_bottom=&#8221;40&#8243;][vc_column_text css=&#8221;.vc_custom_1568927328750{margin-bottom: 0px !important;}&#8221;]Our MetalGear-WS low-voltage metal-enclosed switchgear provides the ideal solution for industries with high energy requirements and space constraints, without compromising safety and reliability. Thanks to the modular wall-standing design and compact dimensions, it can be flexibly adapted to situations where space is limited.[\/vc_column_text][\/vc_column_inner][vc_column_inner width=&#8221;1\/2&#8243;][mk_image_slideshow images=&#8221;8543,8542&#8243; image_width=&#8221;500&#8243; image_height=&#8221;500&#8243; margin_bottom=&#8221;50&#8243; slideshow_speed=&#8221;3000&#8243;][\/vc_column_inner][\/vc_row_inner][mk_table]\n<table width=\"100%\">\n<thead>\n<tr>\n<th colspan=\"4\">General features of MetalGear-WS switchgear:<\/th>\n<\/tr>\n<\/thead>\n<tbody>\n<tr>\n<td>Rated insulation voltage<\/td>\n<td>V<\/td>\n<td>635<\/td>\n<\/tr>\n<tr>\n<td>Test voltage at power frequency<\/td>\n<td>kV 1 min<\/td>\n<td>2.2<\/td>\n<\/tr>\n<tr>\n<td>Rated frequency<\/td>\n<td>Hz<\/td>\n<td>50\/60<\/td>\n<\/tr>\n<tr>\n<td>Rated short-time withstand current<\/td>\n<td>kA 1 s.<\/td>\n<td>22 &#8211; 42 &#8211; 65<\/td>\n<\/tr>\n<tr>\n<td>Peak current<\/td>\n<td>kA 3 cy.<\/td>\n<td>&#8230; 149.5<\/td>\n<\/tr>\n<tr>\n<td>Main busbar rated current<\/td>\n<td>A<\/td>\n<td>800&#8230;3200<\/td>\n<\/tr>\n<tr>\n<td>Rated current of the branch connections<\/td>\n<td>A<\/td>\n<td>800&#8230;3200<\/td>\n<\/tr>\n<\/tbody>\n<\/table>\n[\/mk_table][mk_fancy_title color=&#8221;#000000&#8243; size=&#8221;20&#8243; font_weight=&#8221;400&#8243; txt_transform=&#8221;none&#8221; letter_spacing=&#8221;1&#8243; margin_bottom=&#8221;0&#8243; font_family=&#8221;none&#8221; responsive_align=&#8221;left&#8221;]Download(s):[\/mk_fancy_title][mk_button dimension=&#8221;two&#8221; corner_style=&#8221;rounded&#8221; icon=&#8221;mk-icon-file-pdf-o&#8221; url=&#8221;\/wp-content\/uploads\/2019\/04\/metagear-ws-en-flyer-v2.pdf&#8221; target=&#8221;_blank&#8221; margin_bottom=&#8221;50&#8243;]MetalGear-WS Flyer (1.99 MB)[\/mk_button][mk_padding_divider size=&#8221;10&#8243;][mk_divider style=&#8221;single_dotted&#8221; margin_top=&#8221;10&#8243; margin_bottom=&#8221;0&#8243;][\/vc_column][\/vc_row][vc_row css=&#8221;.vc_custom_1555345864766{padding-top: 75px !important;}&#8221;][vc_column][vc_row_inner][vc_column_inner width=&#8221;1\/2&#8243;][mk_fancy_title tag_name=&#8221;h1&#8243; color=&#8221;#000000&#8243; size=&#8221;28&#8243; force_font_size=&#8221;true&#8221; size_tablet=&#8221;20&#8243; size_phone=&#8221;20&#8243; font_weight=&#8221;400&#8243; txt_transform=&#8221;none&#8221; letter_spacing=&#8221;2.4&#8243; margin_bottom=&#8221;0&#8243; font_family=&#8221;none&#8221; responsive_align=&#8221;left&#8221;]Switchgear[\/mk_fancy_title][mk_fancy_title color=&#8221;#000000&#8243; size=&#8221;18&#8243; font_weight=&#8221;400&#8243; txt_transform=&#8221;none&#8221; letter_spacing=&#8221;1&#8243; margin_bottom=&#8221;0&#8243; font_family=&#8221;none&#8221; responsive_align=&#8221;left&#8221;]DC Traction switchgear[\/mk_fancy_title][mk_divider style=&#8221;thin_solid&#8221; divider_width=&#8221;custom_width&#8221; custom_width=&#8221;70&#8243; align=&#8221;left&#8221; thin_single_color=&#8221;#a9a9a9&#8243; thickness=&#8221;7&#8243; margin_top=&#8221;0&#8243; margin_bottom=&#8221;40&#8243;][vc_column_text css=&#8221;.vc_custom_1568928013020{margin-bottom: 0px !important;}&#8221;]Mainly used in subway and light rail projects, direct current (DC) traction switchgear supplies electric power to the train car engines. In addition to disjunction cabinets, equipment includes substation alarm and automation supervision systems, auxiliary service panels, transformer\/rectifier group alarm management panels and the communications network.[\/vc_column_text][\/vc_column_inner][vc_column_inner width=&#8221;1\/2&#8243;][mk_image_slideshow images=&#8221;8546&#8243; image_width=&#8221;500&#8243; image_height=&#8221;500&#8243; margin_bottom=&#8221;50&#8243; slideshow_speed=&#8221;3000&#8243;][\/vc_column_inner][\/vc_row_inner][mk_table]\n<table width=\"100%\">\n<thead>\n<tr>\n<th colspan=\"4\">General features of DC Traction switchgear:<\/th>\n<\/tr>\n<\/thead>\n<tbody>\n<tr>\n<td>Rated voltage<\/td>\n<td>V<\/td>\n<td>800<\/td>\n<\/tr>\n<tr>\n<td>Test voltage at power frequency<\/td>\n<td>kV 1 min<\/td>\n<td>5.5<\/td>\n<\/tr>\n<tr>\n<td>Rated short-time withstand current<\/td>\n<td>kA<\/td>\n<td>120<\/td>\n<\/tr>\n<tr>\n<td>Main busbar rated current<\/td>\n<td>A<\/td>\n<td>2000&#8230;6000<\/td>\n<\/tr>\n<tr>\n<td>Rated current of the branch connections<\/td>\n<td>A<\/td>\n<td>2000&#8230;6000<\/td>\n<\/tr>\n<\/tbody>\n<\/table>\n[\/mk_table][mk_padding_divider size=&#8221;50&#8243;][mk_divider style=&#8221;single_dotted&#8221; margin_top=&#8221;10&#8243; margin_bottom=&#8221;0&#8243;][\/vc_column][\/vc_row][vc_row css=&#8221;.vc_custom_1555345864766{padding-top: 75px !important;}&#8221;][vc_column][vc_row_inner][vc_column_inner width=&#8221;1\/2&#8243;][mk_fancy_title tag_name=&#8221;h1&#8243; color=&#8221;#000000&#8243; size=&#8221;28&#8243; force_font_size=&#8221;true&#8221; size_tablet=&#8221;20&#8243; size_phone=&#8221;20&#8243; font_weight=&#8221;400&#8243; txt_transform=&#8221;none&#8221; letter_spacing=&#8221;2.4&#8243; margin_bottom=&#8221;0&#8243; font_family=&#8221;none&#8221; responsive_align=&#8221;left&#8221;]Switchboard[\/mk_fancy_title][mk_fancy_title color=&#8221;#000000&#8243; size=&#8221;18&#8243; font_weight=&#8221;400&#8243; txt_transform=&#8221;none&#8221; letter_spacing=&#8221;1&#8243; margin_bottom=&#8221;0&#8243; font_family=&#8221;none&#8221; responsive_align=&#8221;left&#8221;]AC and DC switchboard[\/mk_fancy_title][mk_divider style=&#8221;thin_solid&#8221; divider_width=&#8221;custom_width&#8221; custom_width=&#8221;70&#8243; align=&#8221;left&#8221; thin_single_color=&#8221;#a9a9a9&#8243; thickness=&#8221;7&#8243; margin_top=&#8221;0&#8243; margin_bottom=&#8221;40&#8243;][vc_column_text css=&#8221;.vc_custom_1568928240186{margin-bottom: 0px !important;}&#8221;]The many engineers and technicians on our team can design custom switchgear for our clients. For example, switchboards can be manufactured from single-line diagrams and have special features for each application.[\/vc_column_text][\/vc_column_inner][vc_column_inner width=&#8221;1\/2&#8243;][mk_image_slideshow images=&#8221;8547&#8243; image_width=&#8221;500&#8243; image_height=&#8221;500&#8243; margin_bottom=&#8221;50&#8243; slideshow_speed=&#8221;3000&#8243;][\/vc_column_inner][\/vc_row_inner][mk_table]\n<table width=\"100%\">\n<thead>\n<tr>\n<th colspan=\"4\">General features of AC and DC switchboard:<\/th>\n<\/tr>\n<\/thead>\n<tbody>\n<tr>\n<td>Rated insulation voltage<\/td>\n<td>V<\/td>\n<td>635<\/td>\n<\/tr>\n<tr>\n<td>Test voltage at power frequency<\/td>\n<td>kV 1 min<\/td>\n<td>2.2<\/td>\n<\/tr>\n<tr>\n<td>Rated frequency<\/td>\n<td>Hz<\/td>\n<td>50\/60<\/td>\n<\/tr>\n<tr>\n<td>Rated short-time withstand current<\/td>\n<td>kA 1 s.<\/td>\n<td>22 &#8211; 42 &#8211; 65<\/td>\n<\/tr>\n<tr>\n<td>Peak current<\/td>\n<td>kA 3 cy.<\/td>\n<td>&#8230; 149.5<\/td>\n<\/tr>\n<tr>\n<td>Main busbar rated current<\/td>\n<td>A<\/td>\n<td>400&#8230;1600<\/td>\n<\/tr>\n<tr>\n<td>Rated current of the branch connections<\/td>\n<td>A<\/td>\n<td>400&#8230;1600<\/td>\n<\/tr>\n<\/tbody>\n<\/table>\n[\/mk_table][mk_padding_divider size=&#8221;10&#8243;][\/vc_column][\/vc_row][vc_row][vc_column][mk_padding_divider size=&#8221;80&#8243;][\/vc_column][\/vc_row][vc_row fullwidth=&#8221;true&#8221; fullwidth_content=&#8221;false&#8221; css=&#8221;.vc_custom_1551328167883{padding-top: 75px !important;padding-bottom: 75px !important;background-color: #efefef !important;}&#8221; el_class=&#8221;realisation-widget&#8221;][vc_column][mk_fancy_title tag_name=&#8221;span&#8221; color=&#8221;#3d4045&#8243; size=&#8221;24&#8243; force_font_size=&#8221;true&#8221; size_tablet=&#8221;15&#8243; size_phone=&#8221;15&#8243; line_height=&#8221;0&#8243; font_weight=&#8221;400&#8243; font_style=&#8221;normal&#8221; txt_transform=&#8221;uppercase&#8221; letter_spacing=&#8221;6.7&#8243; margin_bottom=&#8221;15&#8243; font_family=&#8221;Montserrat&#8221; font_type=&#8221;google&#8221; animation=&#8221;left-to-right&#8221;]Portfolio[\/mk_fancy_title][mk_divider style=&#8221;thin_solid&#8221; divider_width=&#8221;custom_width&#8221; custom_width=&#8221;70&#8243; align=&#8221;left&#8221; thin_single_color=&#8221;#10238c&#8221; thickness=&#8221;7&#8243; margin_top=&#8221;0&#8243; margin_bottom=&#8221;25&#8243;][mk_portfolio height=&#8221;200&#8243; column=&#8221;2&#8243; meta_type=&#8221;none&#8221; zoom_icon=&#8221;false&#8221; count=&#8221;2&#8243; sortable=&#8221;false&#8221; pagination=&#8221;false&#8221; posts=&#8221;8433, 8419&#8243;][\/vc_column][\/vc_row]\n<\/div>","protected":false},"excerpt":{"rendered":"<p>[mk_page_section bg_color=&#8221;#1b3876&#8243; bg_position=&#8221;center bottom&#8221; bg_stretch=&#8221;true&#8221; enable_3d=&#8221;true&#8221; bg_gradient=&#8221;left_top&#8221; video_color_mask=&#8221;#002e8c&#8221; gr_end=&#8221;rgba(0,0,0,0.17)&#8221; video_opacity=&#8221;0.8&#8243; top_shape_color=&#8221;#ffffff&#8221; has_bottom_shape_divider=&#8221;true&#8221; bottom_shape_size=&#8221;small&#8221; bottom_shape_color=&#8221;#ffffff&#8221; el_class=&#8221;custom-jueves-gradient-bg&#8221; sidebar=&#8221;sidebar-1&#8243;][vc_column][mk_padding_divider size=&#8221;100&#8243; visibility=&#8221;hidden-sm&#8221;][mk_padding_divider size=&#8221;75&#8243;][mk_fancy_title tag_name=&#8221;h1&#8243; color=&#8221;#ffffff&#8221; size=&#8221;24&#8243; force_font_size=&#8221;true&#8221; size_tablet=&#8221;15&#8243; size_phone=&#8221;15&#8243; line_height=&#8221;0&#8243; font_weight=&#8221;400&#8243; font_style=&#8221;normal&#8221; txt_transform=&#8221;uppercase&#8221; letter_spacing=&#8221;6.7&#8243; margin_bottom=&#8221;0&#8243; font_family=&#8221;Montserrat&#8221; font_type=&#8221;google&#8221; animation=&#8221;left-to-right&#8221;]LOW-VOLTAGE SWITCHGEAR[\/mk_fancy_title][mk_divider style=&#8221;thin_solid&#8221; divider_width=&#8221;one_fourth&#8221; align=&#8221;left&#8221; thin_single_color=&#8221;#0ea2dc&#8221; thickness=&#8221;7&#8243; margin_top=&#8221;0&#8243; margin_bottom=&#8221;0&#8243; visibility=&#8221;hidden-sm&#8221;][\/vc_column][\/mk_page_section][vc_row css=&#8221;.vc_custom_1555345864766{padding-top: 75px !important;}&#8221;][vc_column][vc_row_inner][vc_column_inner width=&#8221;1\/2&#8243;][mk_fancy_title tag_name=&#8221;h1&#8243; color=&#8221;#000000&#8243; size=&#8221;28&#8243; force_font_size=&#8221;true&#8221; size_tablet=&#8221;20&#8243; size_phone=&#8221;20&#8243; font_weight=&#8221;400&#8243; txt_transform=&#8221;none&#8221; [&hellip;]<\/p>\n","protected":false},"author":1,"featured_media":0,"parent":0,"menu_order":-790,"comment_status":"closed","ping_status":"closed","template":"","meta":{"inline_featured_image":false,"footnotes":""},"class_list":["post-9157","page","type-page","status-publish","hentry"],"yoast_head":"<!-- This site is optimized with the Yoast SEO plugin v25.7 - https:\/\/yoast.com\/wordpress\/plugins\/seo\/ -->\n<title>Low-voltage Switchgear - Grimard<\/title>\n<meta name=\"robots\" content=\"index, follow, max-snippet:-1, max-image-preview:large, max-video-preview:-1\" \/>\n<link rel=\"canonical\" href=\"https:\/\/www.grimard.ca\/appareillage-basse-tension\/\" \/>\n<meta property=\"og:locale\" content=\"en_US\" \/>\n<meta property=\"og:type\" content=\"article\" \/>\n<meta property=\"og:title\" content=\"Low-voltage Switchgear - Grimard\" \/>\n<meta property=\"og:description\" content=\"[mk_page_section bg_color=&#8221;#1b3876&#8243; bg_position=&#8221;center bottom&#8221; bg_stretch=&#8221;true&#8221; enable_3d=&#8221;true&#8221; bg_gradient=&#8221;left_top&#8221; video_color_mask=&#8221;#002e8c&#8221; gr_end=&#8221;rgba(0,0,0,0.17)&#8221; video_opacity=&#8221;0.8&#8243; top_shape_color=&#8221;#ffffff&#8221; has_bottom_shape_divider=&#8221;true&#8221; bottom_shape_size=&#8221;small&#8221; bottom_shape_color=&#8221;#ffffff&#8221; el_class=&#8221;custom-jueves-gradient-bg&#8221; sidebar=&#8221;sidebar-1&#8243;][vc_column][mk_padding_divider size=&#8221;100&#8243; visibility=&#8221;hidden-sm&#8221;][mk_padding_divider size=&#8221;75&#8243;][mk_fancy_title tag_name=&#8221;h1&#8243; color=&#8221;#ffffff&#8221; size=&#8221;24&#8243; force_font_size=&#8221;true&#8221; size_tablet=&#8221;15&#8243; size_phone=&#8221;15&#8243; line_height=&#8221;0&#8243; font_weight=&#8221;400&#8243; font_style=&#8221;normal&#8221; txt_transform=&#8221;uppercase&#8221; letter_spacing=&#8221;6.7&#8243; margin_bottom=&#8221;0&#8243; font_family=&#8221;Montserrat&#8221; font_type=&#8221;google&#8221; animation=&#8221;left-to-right&#8221;]LOW-VOLTAGE SWITCHGEAR[\/mk_fancy_title][mk_divider style=&#8221;thin_solid&#8221; divider_width=&#8221;one_fourth&#8221; align=&#8221;left&#8221; thin_single_color=&#8221;#0ea2dc&#8221; thickness=&#8221;7&#8243; margin_top=&#8221;0&#8243; margin_bottom=&#8221;0&#8243; visibility=&#8221;hidden-sm&#8221;][\/vc_column][\/mk_page_section][vc_row css=&#8221;.vc_custom_1555345864766{padding-top: 75px !important;}&#8221;][vc_column][vc_row_inner][vc_column_inner width=&#8221;1\/2&#8243;][mk_fancy_title tag_name=&#8221;h1&#8243; color=&#8221;#000000&#8243; size=&#8221;28&#8243; force_font_size=&#8221;true&#8221; size_tablet=&#8221;20&#8243; size_phone=&#8221;20&#8243; font_weight=&#8221;400&#8243; txt_transform=&#8221;none&#8221; [&hellip;]\" \/>\n<meta property=\"og:url\" content=\"https:\/\/www.grimard.ca\/appareillage-basse-tension\/\" \/>\n<meta property=\"og:site_name\" content=\"Grimard\" \/>\n<meta property=\"article:publisher\" content=\"https:\/\/fr-ca.facebook.com\/people\/Grimard\/100063995642625\/\" \/>\n<meta property=\"article:modified_time\" content=\"2019-10-08T21:30:17+00:00\" \/>\n<meta property=\"og:image\" content=\"https:\/\/www.grimard.ca\/wp-content\/uploads\/2023\/01\/capture-decran-2023-01-16-142249.png\" \/>\n\t<meta property=\"og:image:width\" content=\"1900\" \/>\n\t<meta property=\"og:image:height\" content=\"895\" \/>\n\t<meta property=\"og:image:type\" content=\"image\/png\" \/>\n<meta name=\"twitter:card\" content=\"summary_large_image\" \/>\n<meta name=\"twitter:site\" content=\"@grimard_product\" \/>\n<meta name=\"twitter:label1\" content=\"Est. reading time\" \/>\n\t<meta name=\"twitter:data1\" content=\"7 minutes\" \/>\n<script type=\"application\/ld+json\" class=\"yoast-schema-graph\">{\"@context\":\"https:\/\/schema.org\",\"@graph\":[{\"@type\":\"WebPage\",\"@id\":\"https:\/\/www.grimard.ca\/appareillage-basse-tension\/\",\"url\":\"https:\/\/www.grimard.ca\/appareillage-basse-tension\/\",\"name\":\"Low-voltage Switchgear - Grimard\",\"isPartOf\":{\"@id\":\"https:\/\/www.grimard.ca\/#website\"},\"datePublished\":\"2019-04-04T19:24:38+00:00\",\"dateModified\":\"2019-10-08T21:30:17+00:00\",\"breadcrumb\":{\"@id\":\"https:\/\/www.grimard.ca\/appareillage-basse-tension\/#breadcrumb\"},\"inLanguage\":\"en-US\",\"potentialAction\":[{\"@type\":\"ReadAction\",\"target\":[\"https:\/\/www.grimard.ca\/appareillage-basse-tension\/\"]}]},{\"@type\":\"BreadcrumbList\",\"@id\":\"https:\/\/www.grimard.ca\/appareillage-basse-tension\/#breadcrumb\",\"itemListElement\":[{\"@type\":\"ListItem\",\"position\":1,\"name\":\"Accueil\",\"item\":\"https:\/\/www.grimard.ca\/en\/\"},{\"@type\":\"ListItem\",\"position\":2,\"name\":\"Low-voltage Switchgear\"}]},{\"@type\":\"WebSite\",\"@id\":\"https:\/\/www.grimard.ca\/#website\",\"url\":\"https:\/\/www.grimard.ca\/\",\"name\":\"Grimard\",\"description\":\"\u00c9lectricit\u00e9, T\u00e9l\u00e9communication, Appareillage \u00e9lectrique\",\"potentialAction\":[{\"@type\":\"SearchAction\",\"target\":{\"@type\":\"EntryPoint\",\"urlTemplate\":\"https:\/\/www.grimard.ca\/?s={search_term_string}\"},\"query-input\":{\"@type\":\"PropertyValueSpecification\",\"valueRequired\":true,\"valueName\":\"search_term_string\"}}],\"inLanguage\":\"en-US\"}]}<\/script>\n<!-- \/ Yoast SEO plugin. -->","yoast_head_json":{"title":"Low-voltage Switchgear - Grimard","robots":{"index":"index","follow":"follow","max-snippet":"max-snippet:-1","max-image-preview":"max-image-preview:large","max-video-preview":"max-video-preview:-1"},"canonical":"https:\/\/www.grimard.ca\/appareillage-basse-tension\/","og_locale":"en_US","og_type":"article","og_title":"Low-voltage Switchgear - Grimard","og_description":"[mk_page_section bg_color=&#8221;#1b3876&#8243; bg_position=&#8221;center bottom&#8221; bg_stretch=&#8221;true&#8221; enable_3d=&#8221;true&#8221; bg_gradient=&#8221;left_top&#8221; video_color_mask=&#8221;#002e8c&#8221; gr_end=&#8221;rgba(0,0,0,0.17)&#8221; video_opacity=&#8221;0.8&#8243; top_shape_color=&#8221;#ffffff&#8221; has_bottom_shape_divider=&#8221;true&#8221; bottom_shape_size=&#8221;small&#8221; bottom_shape_color=&#8221;#ffffff&#8221; el_class=&#8221;custom-jueves-gradient-bg&#8221; sidebar=&#8221;sidebar-1&#8243;][vc_column][mk_padding_divider size=&#8221;100&#8243; visibility=&#8221;hidden-sm&#8221;][mk_padding_divider size=&#8221;75&#8243;][mk_fancy_title tag_name=&#8221;h1&#8243; color=&#8221;#ffffff&#8221; size=&#8221;24&#8243; force_font_size=&#8221;true&#8221; size_tablet=&#8221;15&#8243; size_phone=&#8221;15&#8243; line_height=&#8221;0&#8243; font_weight=&#8221;400&#8243; font_style=&#8221;normal&#8221; txt_transform=&#8221;uppercase&#8221; letter_spacing=&#8221;6.7&#8243; margin_bottom=&#8221;0&#8243; font_family=&#8221;Montserrat&#8221; font_type=&#8221;google&#8221; animation=&#8221;left-to-right&#8221;]LOW-VOLTAGE SWITCHGEAR[\/mk_fancy_title][mk_divider style=&#8221;thin_solid&#8221; divider_width=&#8221;one_fourth&#8221; align=&#8221;left&#8221; thin_single_color=&#8221;#0ea2dc&#8221; thickness=&#8221;7&#8243; margin_top=&#8221;0&#8243; margin_bottom=&#8221;0&#8243; visibility=&#8221;hidden-sm&#8221;][\/vc_column][\/mk_page_section][vc_row css=&#8221;.vc_custom_1555345864766{padding-top: 75px !important;}&#8221;][vc_column][vc_row_inner][vc_column_inner width=&#8221;1\/2&#8243;][mk_fancy_title tag_name=&#8221;h1&#8243; color=&#8221;#000000&#8243; size=&#8221;28&#8243; force_font_size=&#8221;true&#8221; size_tablet=&#8221;20&#8243; size_phone=&#8221;20&#8243; font_weight=&#8221;400&#8243; txt_transform=&#8221;none&#8221; [&hellip;]","og_url":"https:\/\/www.grimard.ca\/appareillage-basse-tension\/","og_site_name":"Grimard","article_publisher":"https:\/\/fr-ca.facebook.com\/people\/Grimard\/100063995642625\/","article_modified_time":"2019-10-08T21:30:17+00:00","og_image":[{"width":1900,"height":895,"url":"https:\/\/www.grimard.ca\/wp-content\/uploads\/2023\/01\/capture-decran-2023-01-16-142249.png","type":"image\/png"}],"twitter_card":"summary_large_image","twitter_site":"@grimard_product","twitter_misc":{"Est. reading time":"7 minutes"},"schema":{"@context":"https:\/\/schema.org","@graph":[{"@type":"WebPage","@id":"https:\/\/www.grimard.ca\/appareillage-basse-tension\/","url":"https:\/\/www.grimard.ca\/appareillage-basse-tension\/","name":"Low-voltage Switchgear - Grimard","isPartOf":{"@id":"https:\/\/www.grimard.ca\/#website"},"datePublished":"2019-04-04T19:24:38+00:00","dateModified":"2019-10-08T21:30:17+00:00","breadcrumb":{"@id":"https:\/\/www.grimard.ca\/appareillage-basse-tension\/#breadcrumb"},"inLanguage":"en-US","potentialAction":[{"@type":"ReadAction","target":["https:\/\/www.grimard.ca\/appareillage-basse-tension\/"]}]},{"@type":"BreadcrumbList","@id":"https:\/\/www.grimard.ca\/appareillage-basse-tension\/#breadcrumb","itemListElement":[{"@type":"ListItem","position":1,"name":"Accueil","item":"https:\/\/www.grimard.ca\/en\/"},{"@type":"ListItem","position":2,"name":"Low-voltage Switchgear"}]},{"@type":"WebSite","@id":"https:\/\/www.grimard.ca\/#website","url":"https:\/\/www.grimard.ca\/","name":"Grimard","description":"\u00c9lectricit\u00e9, T\u00e9l\u00e9communication, Appareillage \u00e9lectrique","potentialAction":[{"@type":"SearchAction","target":{"@type":"EntryPoint","urlTemplate":"https:\/\/www.grimard.ca\/?s={search_term_string}"},"query-input":{"@type":"PropertyValueSpecification","valueRequired":true,"valueName":"search_term_string"}}],"inLanguage":"en-US"}]}},"_links":{"self":[{"href":"https:\/\/www.grimard.ca\/en\/wp-json\/wp\/v2\/pages\/9157","targetHints":{"allow":["GET"]}}],"collection":[{"href":"https:\/\/www.grimard.ca\/en\/wp-json\/wp\/v2\/pages"}],"about":[{"href":"https:\/\/www.grimard.ca\/en\/wp-json\/wp\/v2\/types\/page"}],"author":[{"embeddable":true,"href":"https:\/\/www.grimard.ca\/en\/wp-json\/wp\/v2\/users\/1"}],"replies":[{"embeddable":true,"href":"https:\/\/www.grimard.ca\/en\/wp-json\/wp\/v2\/comments?post=9157"}],"version-history":[{"count":14,"href":"https:\/\/www.grimard.ca\/en\/wp-json\/wp\/v2\/pages\/9157\/revisions"}],"predecessor-version":[{"id":9587,"href":"https:\/\/www.grimard.ca\/en\/wp-json\/wp\/v2\/pages\/9157\/revisions\/9587"}],"wp:attachment":[{"href":"https:\/\/www.grimard.ca\/en\/wp-json\/wp\/v2\/media?parent=9157"}],"curies":[{"name":"wp","href":"https:\/\/api.w.org\/{rel}","templated":true}]}}